{"id":12210,"date":"2021-03-08T19:24:08","date_gmt":"2021-03-09T01:24:08","guid":{"rendered":"http:\/\/hecelchakan.gob.mx\/?page_id=12210"},"modified":"2021-07-27T12:27:24","modified_gmt":"2021-07-27T17:27:24","slug":"cuenta-publica-2020-dif","status":"publish","type":"page","link":"https:\/\/www.hecelchakan.gob.mx\/hecelchakan\/cuenta-publica-2020-dif\/","title":{"rendered":"CUENTA P\u00d9BLICA 2020 DIF"},"content":{"rendered":"<p>&nbsp;<\/p>\n<p>&nbsp;<\/p>\n<p>&nbsp;<\/p>\n<p>&nbsp;<\/p>\n<p>&nbsp;<\/p>\n<table style=\"height: 835px;\" border=\"2px\" width=\"864\">\n<tbody>\n<tr>\n<td style=\"text-align: center;\" bgcolor=\"04A5FB\" width=\"80%\"><b>Sistema para el Desarrollo Integral de la Familia en el Municipio de Hecelchak\u00e1n&nbsp;<\/b><\/td>\n<td style=\"text-align: center;\" colspan=\"12\" bgcolor=\"04A5FB\" width=\"100%\"><strong>A\u00f1o<\/strong><\/td>\n<\/tr>\n<tr>\n<td bgcolor=\"04FBCE\" width=\"50%\"><strong>Informaci\u00f3n&nbsp;Contable<\/strong><\/td>\n<td style=\"text-align: center;\" colspan=\"4\" bgcolor=\"04FBCE\" width=\"50%\"><strong>&nbsp; 2020<\/strong><\/td>\n<\/tr>\n<tr>\n<td>Estado de Actividades<\/td>\n<td style=\"text-align: center;\"><strong>&nbsp;<a href=\"https:\/\/www.hecelchakan.gob.mx\/hecelchakan\/wp-content\/uploads\/2021\/03\/2020_CP_ESTADO-DE-ACTIVIDADES_DIF.pdf\">Pdf 1<\/a><\/strong><\/td>\n<\/tr>\n<tr>\n<td style=\"text-align: left;\">Estado de la&nbsp;Situaci\u00f3n&nbsp;Financiera<\/td>\n<td style=\"text-align: center;\"><a href=\"https:\/\/www.hecelchakan.gob.mx\/hecelchakan\/wp-content\/uploads\/2021\/03\/2020_CP_ESTADO-DE-SITUACION-FINANCIERA_DIF.pdf\"><strong>&nbsp;Pdf 2<\/strong><\/a><\/td>\n<\/tr>\n<tr>\n<td style=\"text-align: left;\">Estado de&nbsp;Variaci\u00f3n&nbsp;en la hacienda p\u00fablica<\/td>\n<td style=\"text-align: center;\"><a href=\"https:\/\/www.hecelchakan.gob.mx\/hecelchakan\/wp-content\/uploads\/2021\/03\/2020_CP_ESTADO-DE-VARIACIONES-EN-HACIENDA-PUBLICA_DIF.pdf\"><strong>Pdf 3<\/strong><\/a><\/td>\n<\/tr>\n<tr>\n<td style=\"text-align: left;\">Estado de cambios en la&nbsp;Situaci\u00f3n&nbsp;Financiera<\/td>\n<td style=\"text-align: center;\"><strong>&nbsp;<a href=\"https:\/\/www.hecelchakan.gob.mx\/hecelchakan\/wp-content\/uploads\/2021\/03\/2020_CP_ESTADO-DE-CAMBIO-DE-LA-SITUACION-FINANCIERA_DIF.pdf\">Pdf 4<\/a><\/strong><\/td>\n<\/tr>\n<tr>\n<td>Estados de Flujo de Efectivo<\/td>\n<td style=\"text-align: center;\"><strong>&nbsp;<a href=\"https:\/\/www.hecelchakan.gob.mx\/hecelchakan\/wp-content\/uploads\/2021\/03\/2020_CP_ESTADO-DE-FLUJO-EFECTIVO_DIF.pdf\">Pdf 5<\/a><\/strong><\/td>\n<\/tr>\n<tr>\n<td style=\"text-align: left;\">Informes Sobre Pasivos Contingentes<\/td>\n<td style=\"text-align: center;\"><a href=\"https:\/\/www.hecelchakan.gob.mx\/hecelchakan\/wp-content\/uploads\/2021\/03\/2020_CP_INFORME-DE-PASIVOS-CONTINGENTES_DIF.pdf\"><b>Pdf 6<\/b><\/a><\/td>\n<\/tr>\n<tr>\n<td style=\"text-align: left;\">Notas a los Estados Financieros<\/td>\n<td style=\"text-align: center;\"><a href=\"https:\/\/www.hecelchakan.gob.mx\/hecelchakan\/wp-content\/uploads\/2021\/03\/2020_CP_NOTAS-A-LOS-ESTADOS-FINANCIEROS_DIF.pdf\"><strong>Pdf 7<\/strong><\/a><\/td>\n<\/tr>\n<tr>\n<td style=\"text-align: left;\">Estado Anal\u00edtico del Activo<\/td>\n<td style=\"text-align: center;\"><strong>&nbsp;<a href=\"https:\/\/www.hecelchakan.gob.mx\/hecelchakan\/wp-content\/uploads\/2021\/03\/2020_CP_ESTADO-ANALITICO-DEL-ACTIVO_DIF.pdf\">Pdf 8<\/a><\/strong><\/td>\n<\/tr>\n<tr>\n<td style=\"text-align: left;\">Estado Anal\u00edtico de la Deuda y Otras Pasivos<\/td>\n<td style=\"text-align: center;\"><a href=\"https:\/\/www.hecelchakan.gob.mx\/hecelchakan\/wp-content\/uploads\/2021\/03\/2020_CP_ESTADO-ANALITICO-DE-LA-DEUDA-Y-OTROS-PASIVOS_DIF.pdf\"><strong>&nbsp;Pdf 9<\/strong><\/a><\/td>\n<\/tr>\n<tr>\n<td style=\"text-align: center;\">&nbsp;~<\/td>\n<td style=\"text-align: center;\"><strong>&nbsp;~<\/strong><\/td>\n<\/tr>\n<tr>\n<td style=\"text-align: left;\" bgcolor=\"04FBCE\" width=\"50%\"><b>Informaci\u00f3n&nbsp;Presupuestaria<\/b><\/td>\n<td colspan=\"\" bgcolor=\"04FBCE\" width=\"50%\">&nbsp;<\/td>\n<\/tr>\n<tr>\n<td style=\"text-align: left;\">Estado Anal\u00edtico de Ingresos<\/td>\n<td style=\"text-align: center;\"><a href=\"https:\/\/www.hecelchakan.gob.mx\/hecelchakan\/wp-content\/uploads\/2021\/07\/DIF_CP_2020_ESTADO_ANALITICO_DE_INGRESOS.pdf\"><strong>Pdf 10<\/strong><\/a><\/td>\n<\/tr>\n<tr>\n<td style=\"text-align: left;\">Estado Anal\u00edtico del Ejercicio del Presupuesto<\/td>\n<td style=\"text-align: center;\"><strong>&nbsp;<\/strong><\/td>\n<\/tr>\n<tr>\n<td style=\"text-align: left;\">Clasificaci\u00f3n Administrativa<\/td>\n<td style=\"text-align: center;\"><strong>&nbsp;<a href=\"https:\/\/www.hecelchakan.gob.mx\/hecelchakan\/wp-content\/uploads\/2021\/03\/2020_CP_CLASIFICACION-ADMINISTRATIVA_3_DIF.pdf\">Pdf 11<\/a><\/strong><\/td>\n<\/tr>\n<tr>\n<td style=\"text-align: left;\">&nbsp;Clasificaci\u00f3n Econ\u00f3mica (Por Tipo de Gasto)<\/td>\n<td style=\"text-align: center;\"><b>&nbsp;<\/b><a href=\"https:\/\/www.hecelchakan.gob.mx\/hecelchakan\/wp-content\/uploads\/2021\/03\/2020_CP_CLASIFICACION-ECONOMICAPOR-TIPO-DE-GASTO_2_DIF.pdf\"><b><u>Pdf<\/u><\/b>&nbsp;12<\/a><\/td>\n<\/tr>\n<tr>\n<td style=\"text-align: left;\">&nbsp;Clasificaci\u00f3n por Objeto de Gasto (Capitulo y Concepto)<\/td>\n<td style=\"text-align: center;\"><strong>&nbsp;<a href=\"https:\/\/www.hecelchakan.gob.mx\/hecelchakan\/wp-content\/uploads\/2021\/03\/2020_CP_CLASIFICACION-POR-OBJETO-DEL-GASTOCAPITULO-Y-CONCEPTO_1_DIF.pdf\">Pdf 13<\/a><\/strong><\/td>\n<\/tr>\n<tr>\n<td style=\"text-align: left;\">&nbsp;Clasificaci\u00f3n Funcional (Finalidad y Funci\u00f3n)<\/td>\n<td style=\"text-align: center;\"><strong>&nbsp;<a href=\"https:\/\/www.hecelchakan.gob.mx\/hecelchakan\/wp-content\/uploads\/2021\/03\/2020_CP_CLASIFICACION-FUNCIONALFINALIDAD-Y-FUNCION_4_DIF.pdf\">Pdf 14<\/a><\/strong><\/td>\n<\/tr>\n<tr>\n<td style=\"text-align: left;\">&nbsp;Endeudamiento Neto<\/td>\n<td style=\"text-align: center;\"><a href=\"https:\/\/www.hecelchakan.gob.mx\/hecelchakan\/wp-content\/uploads\/2021\/03\/2020_CP_ENDEUDAMIENTO-NETO_DIF.pdf\"><strong>&nbsp;Pdf 15<\/strong><\/a><\/td>\n<\/tr>\n<tr>\n<td style=\"text-align: left;\">&nbsp;Intereses de la Deuda<\/td>\n<td style=\"text-align: center;\"><a href=\"https:\/\/www.hecelchakan.gob.mx\/hecelchakan\/wp-content\/uploads\/2021\/03\/2020_CP_INTERESES-DE-LA-DEUDA_DIF.pdf\"><strong>&nbsp;Pdf 16<\/strong><\/a><\/td>\n<\/tr>\n<tr>\n<td style=\"text-align: left;\">&nbsp;Flujo de Fondos<\/td>\n<td style=\"text-align: center;\"><strong>&nbsp;<a href=\"https:\/\/www.hecelchakan.gob.mx\/hecelchakan\/wp-content\/uploads\/2021\/03\/2020_CP_FLUJO-DE-FONDOSINDICADORES-DE-POSTURA-FISCAL_DIF.pdf\">Pdf 17<\/a><\/strong><\/td>\n<\/tr>\n<tr>\n<td style=\"text-align: center;\">&nbsp;~<\/td>\n<td style=\"text-align: center;\">&nbsp;~<\/td>\n<\/tr>\n<tr>\n<td style=\"text-align: left;\" bgcolor=\"04FBCE\" width=\"50%\"><strong>Informaci\u00f3n&nbsp;<\/strong><b>Program\u00e1tica<\/b><\/td>\n<td style=\"text-align: center;\" bgcolor=\"04FBCE\" width=\"50%\"><strong>&nbsp;<\/strong><\/td>\n<\/tr>\n<tr>\n<td style=\"text-align: left;\">Gasto por Categor\u00eda Program\u00e1tica<\/td>\n<td style=\"text-align: center;\"><a href=\"https:\/\/www.hecelchakan.gob.mx\/hecelchakan\/wp-content\/uploads\/2021\/03\/2020_CP_GASTOS-POR-CATEGORIA-PROGRMATICA_DIF.pdf\"><strong>&nbsp;Pdf 18<\/strong><\/a><\/td>\n<\/tr>\n<tr>\n<td style=\"text-align: left;\">Programas y Proyecci\u00f3n de Inversi\u00f3n<\/td>\n<td style=\"text-align: center;\"><a href=\"https:\/\/www.hecelchakan.gob.mx\/hecelchakan\/wp-content\/uploads\/2021\/03\/2020_CP_PROGRAMAS-Y-PROYECTOS-DE-INVERSION_DIF.pdf\"><strong>&nbsp;Pdf 19<\/strong><\/a><\/td>\n<\/tr>\n<tr>\n<td style=\"text-align: left;\">Indicadores de Resultados<\/td>\n<td style=\"text-align: center;\"><strong>&nbsp;<a href=\"https:\/\/www.hecelchakan.gob.mx\/hecelchakan\/wp-content\/uploads\/2021\/03\/2020_CP_INDICADORES-DE-RESULTADOS_DIF.pdf\">Pdf 20<\/a><\/strong><\/td>\n<\/tr>\n<tr>\n<td style=\"text-align: center;\">&nbsp;~<\/td>\n<td style=\"text-align: center;\"><strong>~&nbsp;<\/strong><\/td>\n<\/tr>\n<tr>\n<td style=\"text-align: center;\">&nbsp;<\/td>\n<td colspan=\"4\">&nbsp;<\/td>\n<\/tr>\n<tr>\n<td style=\"text-align: left;\" bgcolor=\"04FBCE\" width=\"50%\"><strong>Anexos<\/strong><\/td>\n<td style=\"text-align: center;\" bgcolor=\"04FBCE\" width=\"50%\"><strong>&nbsp;<\/strong><\/td>\n<\/tr>\n<tr>\n<td style=\"text-align: left;\">a) Relaci\u00f3n de Bienes Muebles que Componen el Patrimonio del Ente Publico<\/td>\n<td style=\"text-align: center;\"><a href=\"https:\/\/www.hecelchakan.gob.mx\/hecelchakan\/wp-content\/uploads\/2021\/03\/2020_CP_RELACION-DE-BIENES-MUEBLES-QUE-COMPONEN-SU-PATRIMONIO_DIF.pdf\"><strong>Pdf 21<\/strong><\/a><\/td>\n<\/tr>\n<tr>\n<td style=\"text-align: left;\">b) Relaci\u00f3n de Bienes Inmuebles que componen el patrimonio del Ente Publico<\/td>\n<td style=\"text-align: center;\"><a href=\"https:\/\/www.hecelchakan.gob.mx\/hecelchakan\/wp-content\/uploads\/2021\/03\/2020_CP_RELACION-DE-BIENES-INMUEBLES-QUE-COMPONEN-SU-PATROMINIO_DIF.pdf\"><strong>Pdf 22<\/strong><\/a><\/td>\n<\/tr>\n<tr>\n<td style=\"text-align: left;\">c) Relaci\u00f3n de Cuentas Bancarias Productivas Especificas<\/td>\n<td style=\"text-align: center;\"><strong>&nbsp;<a href=\"https:\/\/www.hecelchakan.gob.mx\/hecelchakan\/wp-content\/uploads\/2021\/03\/2020_CP_RELACION-DE-CUENTAS-PRODUCTIVAS-ESPECIFICAS_DIF.pdf\">Pdf 23<\/a><\/strong><\/td>\n<\/tr>\n<tr>\n<td style=\"text-align: left;\">d) Formato del Ejercicio y Destino de Gasto Federalizado y Reintegros<\/td>\n<td style=\"text-align: center;\"><a href=\"https:\/\/www.hecelchakan.gob.mx\/hecelchakan\/wp-content\/uploads\/2021\/03\/2020_CP_FORMATO-DEL-EJERCICIO-Y-DESTINO-DEL-GASTO-FEDERALIZADO-Y-REINTEGROS_DIF.pdf\"><strong>&nbsp;Pdf 24<\/strong><\/a><\/td>\n<\/tr>\n<tr>\n<td style=\"text-align: left;\">e) Relaci\u00f2n de esquemas burs\u00e0tiles y de coberturas financieras.<\/td>\n<td style=\"text-align: center;\">&nbsp;<a href=\"https:\/\/www.hecelchakan.gob.mx\/hecelchakan\/wp-content\/uploads\/2021\/03\/2020_CP_RELACION-DE-ESQUEMAS-BURSATILES-Y-DE-COBERTURA-FINANCIERAS_DIF.pdf\"><strong>Pdf 25<\/strong><\/a><\/td>\n<\/tr>\n<tr>\n<td style=\"text-align: left;\">f) Resultado de la evaluaci\u00f2n del desempe\u00f1o de los programas federales.<\/td>\n<td style=\"text-align: center;\" colspan=\"4\"><a href=\"https:\/\/www.hecelchakan.gob.mx\/hecelchakan\/wp-content\/uploads\/2021\/03\/2020_CP_RESULTADOS-DE-LA-EVALUACION-DEL-DESEMPE\u00d1O-DE-LOS-PROGRAMAS-FEDERALES_DIF.pdf\"><strong>Pdf 26<\/strong><\/a><\/td>\n<\/tr>\n<tr>\n<td style=\"text-align: center;\"><strong>g) Disposiciones en materia de ley de disciplina financiera.<\/strong><\/td>\n<td style=\"text-align: center;\">&nbsp;<\/td>\n<\/tr>\n<tr>\n<td style=\"text-align: left;\">Formato 1. Estado de situaci\u00f3n financiera detallada-LDF<\/td>\n<td style=\"text-align: center;\"><a href=\"https:\/\/www.hecelchakan.gob.mx\/hecelchakan\/wp-content\/uploads\/2021\/03\/2020_CP_ESTADO-DE-SITUACION-FINANCIERA-DETALLADA_DIF.pdf\"><strong>Pdf 27<\/strong><\/a><\/td>\n<\/tr>\n<tr>\n<td style=\"text-align: left;\">Formato 2. Informe anal\u00edtico de la deuda p\u00fablica y otros pasivos-LDF<\/td>\n<td style=\"text-align: center;\"><a href=\"https:\/\/www.hecelchakan.gob.mx\/hecelchakan\/wp-content\/uploads\/2021\/03\/2020_CP_INFORME-ANALITICO-DE-LA-DEUDA-PUBLICA-Y-OTROS-PASIVOS_DIF.pdf\"><strong>Pdf 28<\/strong><\/a><\/td>\n<\/tr>\n<tr>\n<td style=\"text-align: left;\">Formato 3. Informe anal\u00edtico de obligaciones diferentes de financiamientos-LDF<\/td>\n<td style=\"text-align: center;\"><a href=\"https:\/\/www.hecelchakan.gob.mx\/hecelchakan\/wp-content\/uploads\/2021\/03\/2020_CP_INFORME-ANALITICO-DE-OBLIGACIONES-DIFERENTES-DE-FINANCIAMIENTO_DIF.pdf\"><strong>Pdf 29<\/strong><\/a><\/td>\n<\/tr>\n<tr>\n<td style=\"text-align: left;\">Formato 4. Balance presupuestario-LDF<\/td>\n<td style=\"text-align: center;\"><a href=\"https:\/\/www.hecelchakan.gob.mx\/hecelchakan\/wp-content\/uploads\/2021\/03\/2020_CP_BALANCE-PRESUPUESTARIO_DIF.pdf\"><strong>Pdf 30<\/strong><\/a><\/td>\n<\/tr>\n<tr>\n<td style=\"text-align: left;\">Formato 5. Estado anal\u00edtico de ingresos detallados-LDF<\/td>\n<td style=\"text-align: center;\"><a href=\"https:\/\/www.hecelchakan.gob.mx\/hecelchakan\/wp-content\/uploads\/2021\/03\/2020_CP_ESTADO-ANALITICO-DE-INGRESOS-DETALLADO_DIF.pdf\"><strong>Pdf 31<\/strong><\/a><\/td>\n<\/tr>\n<tr>\n<td style=\"text-align: left;\">Formato 6. Estado Anal\u00edtico del ejercicio del presupuesto de egresos detallado-LDF<\/td>\n<td style=\"text-align: center;\">&nbsp;<\/td>\n<\/tr>\n<tr>\n<td style=\"text-align: left;\">6A. Clasificaci\u00f3n por objeto del gasto.<\/td>\n<td style=\"text-align: center;\"><a href=\"https:\/\/www.hecelchakan.gob.mx\/hecelchakan\/wp-content\/uploads\/2021\/03\/2020_CP_CLASIFICACION-POR-OBJETO-DEL-GASTO_1__DIF.pdf\"><strong>Pdf 32<\/strong><\/a><\/td>\n<\/tr>\n<tr>\n<td style=\"text-align: left;\">6B. Clasificaci\u00f3n Administrativa.<\/td>\n<td style=\"text-align: center;\"><a href=\"https:\/\/www.hecelchakan.gob.mx\/hecelchakan\/wp-content\/uploads\/2021\/03\/2020_CP_CLASIFICACION-ADMINISTRATIVA_2_DIF.pdf\"><strong>Pdf 33<\/strong><\/a><br \/>\n<img loading=\"lazy\" decoding=\"async\" class=\"alignnone size-full wp-image-6937\" src=\"https:\/\/www.hecelchakan.gob.mx\/hecelchakan\/wp-content\/uploads\/2019\/06\/excel_file-e1560798554341.png\" alt=\"\" width=\"20\" height=\"20\"><\/td>\n<\/tr>\n<tr>\n<td style=\"text-align: left;\">6C. Clasificaci\u00f3n Funcional.<\/td>\n<td style=\"text-align: center;\"><a href=\"https:\/\/www.hecelchakan.gob.mx\/hecelchakan\/wp-content\/uploads\/2021\/03\/2020_CP_CLASIFICACION-FUNCIONAL_3_DIF.pdf\"><strong>Pdf 34<\/strong><\/a><\/td>\n<\/tr>\n<tr>\n<td style=\"text-align: left;\">6D. Clasificaci\u00f3n Servicios Personales por categor\u00eda.<\/td>\n<td style=\"text-align: center;\"><a href=\"https:\/\/www.hecelchakan.gob.mx\/hecelchakan\/wp-content\/uploads\/2021\/03\/2020_CP_CLASIFICACION-POR-SERVICIOS-PERSONALES-POR-CATEGORIA_4_DIF.pdf\"><strong>Pdf 35<\/strong><\/a><\/td>\n<\/tr>\n<tr>\n<td style=\"text-align: left;\">h) Gu\u00eda de cumplimiento de la ley de disciplina financiera de las entidades Federativas y municipales.<\/td>\n<td style=\"text-align: center;\"><a href=\"https:\/\/www.hecelchakan.gob.mx\/hecelchakan\/wp-content\/uploads\/2021\/03\/2020_CP_GUIA-DE-CUMPLIMIENTO-DE-LA-LEY-DE-DISIPLINA-FINANCIERA-DE-LAS-ENTIDADES-FEDERATIVAS-Y-MUNICIPIOS_DIF.pdf\"><strong>Pdf 36<\/strong><\/a><\/td>\n<\/tr>\n<\/tbody>\n<\/table>\n<p><!--more--><\/p>\n<p>&nbsp;<\/p>\n<p><strong>&nbsp;~<\/strong><\/p>\n","protected":false},"excerpt":{"rendered":"<p>&nbsp; &nbsp; &nbsp; &nbsp; &nbsp; Sistema para el Desarrollo Integral de la Familia en el Municipio de Hecelchak\u00e1n&nbsp; A\u00f1o Informaci\u00f3n&nbsp;Contable &nbsp; 2020 Estado de Actividades &nbsp;Pdf 1 Estado de la&nbsp;Situaci\u00f3n&nbsp;Financiera &nbsp;Pdf 2 Estado de&nbsp;Variaci\u00f3n&nbsp;en la hacienda p\u00fablica Pdf 3 Estado de cambios en la&nbsp;Situaci\u00f3n&nbsp;Financiera &nbsp;Pdf 4 Estados de Flujo de Efectivo &nbsp;Pdf 5 Informes Sobre [&hellip;]<\/p>\n","protected":false},"author":1,"featured_media":0,"parent":0,"menu_order":0,"comment_status":"closed","ping_status":"closed","template":"","meta":{"ngg_post_thumbnail":0,"footnotes":""},"class_list":["post-12210","page","type-page","status-publish","hentry"],"_links":{"self":[{"href":"https:\/\/www.hecelchakan.gob.mx\/hecelchakan\/wp-json\/wp\/v2\/pages\/12210","targetHints":{"allow":["GET"]}}],"collection":[{"href":"https:\/\/www.hecelchakan.gob.mx\/hecelchakan\/wp-json\/wp\/v2\/pages"}],"about":[{"href":"https:\/\/www.hecelchakan.gob.mx\/hecelchakan\/wp-json\/wp\/v2\/types\/page"}],"author":[{"embeddable":true,"href":"https:\/\/www.hecelchakan.gob.mx\/hecelchakan\/wp-json\/wp\/v2\/users\/1"}],"replies":[{"embeddable":true,"href":"https:\/\/www.hecelchakan.gob.mx\/hecelchakan\/wp-json\/wp\/v2\/comments?post=12210"}],"version-history":[{"count":13,"href":"https:\/\/www.hecelchakan.gob.mx\/hecelchakan\/wp-json\/wp\/v2\/pages\/12210\/revisions"}],"predecessor-version":[{"id":16842,"href":"https:\/\/www.hecelchakan.gob.mx\/hecelchakan\/wp-json\/wp\/v2\/pages\/12210\/revisions\/16842"}],"wp:attachment":[{"href":"https:\/\/www.hecelchakan.gob.mx\/hecelchakan\/wp-json\/wp\/v2\/media?parent=12210"}],"curies":[{"name":"wp","href":"https:\/\/api.w.org\/{rel}","templated":true}]}}