{"id":12985,"date":"2021-05-04T13:34:18","date_gmt":"2021-05-04T18:34:18","guid":{"rendered":"http:\/\/hecelchakan.gob.mx\/?page_id=12985"},"modified":"2025-08-26T13:31:17","modified_gmt":"2025-08-26T18:31:17","slug":"transparencia-dif","status":"publish","type":"page","link":"https:\/\/www.hecelchakan.gob.mx\/hecelchakan\/transparencia-dif\/","title":{"rendered":"SISTEMA DIF MUNICIPAL"},"content":{"rendered":"\n<div class=\"wp-block-columns is-layout-flex wp-container-core-columns-is-layout-9d6595d7 wp-block-columns-is-layout-flex\">\n<div class=\"wp-block-column is-layout-flow wp-block-column-is-layout-flow\">\n<figure class=\"wp-block-image size-large is-resized\"><img loading=\"lazy\" decoding=\"async\" width=\"510\" height=\"510\" src=\"https:\/\/www.hecelchakan.gob.mx\/hecelchakan\/wp-content\/uploads\/2025\/08\/525252522_122171545544571271_14915979433928619_n-1-510x510.jpg\" alt=\"\" class=\"wp-image-27059\" style=\"width:264px;height:auto\" srcset=\"https:\/\/www.hecelchakan.gob.mx\/hecelchakan\/wp-content\/uploads\/2025\/08\/525252522_122171545544571271_14915979433928619_n-1-510x510.jpg 510w, https:\/\/www.hecelchakan.gob.mx\/hecelchakan\/wp-content\/uploads\/2025\/08\/525252522_122171545544571271_14915979433928619_n-1-300x300.jpg 300w, https:\/\/www.hecelchakan.gob.mx\/hecelchakan\/wp-content\/uploads\/2025\/08\/525252522_122171545544571271_14915979433928619_n-1-80x80.jpg 80w, https:\/\/www.hecelchakan.gob.mx\/hecelchakan\/wp-content\/uploads\/2025\/08\/525252522_122171545544571271_14915979433928619_n-1-768x768.jpg 768w, https:\/\/www.hecelchakan.gob.mx\/hecelchakan\/wp-content\/uploads\/2025\/08\/525252522_122171545544571271_14915979433928619_n-1-150x150.jpg 150w, https:\/\/www.hecelchakan.gob.mx\/hecelchakan\/wp-content\/uploads\/2025\/08\/525252522_122171545544571271_14915979433928619_n-1.jpg 1080w\" sizes=\"auto, (max-width: 510px) 100vw, 510px\" \/><figcaption class=\"wp-element-caption\">El Sistema Municipal para el Desarrollo Integral de la Familia (SMDIF) invita a todas las ni\u00f1as y ni\u00f1os de nivel primaria, con edades entre 6 y 12 a\u00f1os, para participar en el \u00abUnd\u00e9cimo Concurso Nacional Dibujando Sonrisas 2025\u00bb. Este concurso tiene como finalidad fomentar el cuidado bucal entre la infancia, utilizando el arte como medio de expresi\u00f3n y sensibilizaci\u00f3n.<br><\/figcaption><\/figure>\n<\/div>\n\n\n\n<div class=\"wp-block-column is-layout-flow wp-block-column-is-layout-flow\">\n<figure class=\"wp-block-image size-large is-resized\"><img loading=\"lazy\" decoding=\"async\" width=\"510\" height=\"714\" src=\"https:\/\/www.hecelchakan.gob.mx\/hecelchakan\/wp-content\/uploads\/2025\/08\/480619463_122139668588571271_3655362552569369270_n-510x714.jpg\" alt=\"\" class=\"wp-image-27058\" style=\"width:224px;height:auto\" srcset=\"https:\/\/www.hecelchakan.gob.mx\/hecelchakan\/wp-content\/uploads\/2025\/08\/480619463_122139668588571271_3655362552569369270_n-510x714.jpg 510w, https:\/\/www.hecelchakan.gob.mx\/hecelchakan\/wp-content\/uploads\/2025\/08\/480619463_122139668588571271_3655362552569369270_n-214x300.jpg 214w, https:\/\/www.hecelchakan.gob.mx\/hecelchakan\/wp-content\/uploads\/2025\/08\/480619463_122139668588571271_3655362552569369270_n-768x1076.jpg 768w, https:\/\/www.hecelchakan.gob.mx\/hecelchakan\/wp-content\/uploads\/2025\/08\/480619463_122139668588571271_3655362552569369270_n-1097x1536.jpg 1097w, https:\/\/www.hecelchakan.gob.mx\/hecelchakan\/wp-content\/uploads\/2025\/08\/480619463_122139668588571271_3655362552569369270_n.jpg 1428w\" sizes=\"auto, (max-width: 510px) 100vw, 510px\" \/><figcaption class=\"wp-element-caption\">El SMDIF en coordinaci\u00f3n con el DIF ESTATAL hace una cordial invitaci\u00f3n a todos los Adultos Mayores del municipio de Hecelchak\u00e1n.<\/figcaption><\/figure>\n<\/div>\n\n\n\n<div class=\"wp-block-column is-layout-flow wp-block-column-is-layout-flow\">\n<figure class=\"wp-block-image size-large\"><img loading=\"lazy\" decoding=\"async\" width=\"510\" height=\"383\" src=\"https:\/\/www.hecelchakan.gob.mx\/hecelchakan\/wp-content\/uploads\/2025\/08\/533869734_122174594696571271_1662388255356717075_n-510x383.jpg\" alt=\"\" class=\"wp-image-27060\" srcset=\"https:\/\/www.hecelchakan.gob.mx\/hecelchakan\/wp-content\/uploads\/2025\/08\/533869734_122174594696571271_1662388255356717075_n-510x383.jpg 510w, https:\/\/www.hecelchakan.gob.mx\/hecelchakan\/wp-content\/uploads\/2025\/08\/533869734_122174594696571271_1662388255356717075_n-300x225.jpg 300w, https:\/\/www.hecelchakan.gob.mx\/hecelchakan\/wp-content\/uploads\/2025\/08\/533869734_122174594696571271_1662388255356717075_n-768x576.jpg 768w, https:\/\/www.hecelchakan.gob.mx\/hecelchakan\/wp-content\/uploads\/2025\/08\/533869734_122174594696571271_1662388255356717075_n-1536x1152.jpg 1536w, https:\/\/www.hecelchakan.gob.mx\/hecelchakan\/wp-content\/uploads\/2025\/08\/533869734_122174594696571271_1662388255356717075_n.jpg 1600w\" sizes=\"auto, (max-width: 510px) 100vw, 510px\" \/><figcaption class=\"wp-element-caption\">El \u00e1rea de Procuradur\u00eda, encabezada por la Lic. Rosa del Carmen Tun Emeterio, particip\u00f3 activamente en la Mesa de Di\u00e1logo Interinstitucional organizada por el Poder Judicial del Estado de Campeche, en la comunidad de San Vicente Cumpich, municipio de la cabecera municipal. <\/figcaption><\/figure>\n<\/div>\n<\/div>\n\n\n\n<div class=\"wp-block-media-text has-media-on-the-right is-stacked-on-mobile\" style=\"grid-template-columns:auto 33%\"><div class=\"wp-block-media-text__content\">\n<p>En un acto de responsabilidad y compromiso social, la Presidenta del Patronato del SMDIF, Lic. Martha Petrona Yam Poot, en coordinaci\u00f3n con el \u00e1rea de Procuradur\u00eda Auxiliar y Adulto Mayor, contin\u00faa brindando atenci\u00f3n a la situaci\u00f3n de la adulta mayor C.P.C. La visita tuvo como objetivo conocer de cerca su estado de salud y condiciones de cuidado, reafirmando as\u00ed la preocupaci\u00f3n constante por el bienestar de las personas mayores del municipio.<\/p>\n\n\n\n<p>Durante su intervenci\u00f3n, la Lic. Martha Petrona Yam Poot reiter\u00f3 su firme compromiso de no desproteger a la adulta mayor y expres\u00f3 su agradecimiento al hijo tutor, quien ha demostrado tenerla en excelentes condiciones. Este acto subraya la importancia de la colaboraci\u00f3n familiar e institucional en la protecci\u00f3n de los derechos y la dignidad de los adultos mayores.<\/p>\n<\/div><figure class=\"wp-block-media-text__media\"><video controls src=\"https:\/\/www.hecelchakan.gob.mx\/hecelchakan\/wp-content\/uploads\/2025\/08\/AQNopUCC8YEADCC8dgABHSHK02gCbfClW4VaTscM2QaptrOnejcfawHkiy1Z8zRALdFFr_cTTGEF3yyjEXgTA9UNEvCxsW3g0-PaKlvN6ZqzSw.mp4\"><\/video><\/figure><\/div>\n\n\n<h4 style=\"text-align: center;\"><img loading=\"lazy\" decoding=\"async\" class=\"aligncenter  wp-image-25265\" src=\"https:\/\/www.hecelchakan.gob.mx\/hecelchakan\/wp-content\/uploads\/2025\/04\/LogoDIFHorizontal.png\" alt=\"\" width=\"594\" height=\"252\" srcset=\"https:\/\/www.hecelchakan.gob.mx\/hecelchakan\/wp-content\/uploads\/2025\/04\/LogoDIFHorizontal.png 3000w, https:\/\/www.hecelchakan.gob.mx\/hecelchakan\/wp-content\/uploads\/2025\/04\/LogoDIFHorizontal-300x127.png 300w, https:\/\/www.hecelchakan.gob.mx\/hecelchakan\/wp-content\/uploads\/2025\/04\/LogoDIFHorizontal-510x216.png 510w, https:\/\/www.hecelchakan.gob.mx\/hecelchakan\/wp-content\/uploads\/2025\/04\/LogoDIFHorizontal-768x325.png 768w, https:\/\/www.hecelchakan.gob.mx\/hecelchakan\/wp-content\/uploads\/2025\/04\/LogoDIFHorizontal-1536x650.png 1536w, https:\/\/www.hecelchakan.gob.mx\/hecelchakan\/wp-content\/uploads\/2025\/04\/LogoDIFHorizontal-2048x867.png 2048w\" sizes=\"auto, (max-width: 594px) 100vw, 594px\" \/><div class=\"well well-lg\"> <span style=\"color: #003366;\"><em><strong>SISTEMA DIF MUNICIPAL DE HECELCHAKAN <\/strong><\/em><\/span><\/div><\/h4>\n<p style=\"text-align: center;\"><div class=\"well well-md\">\n<p style=\"text-align: center;\"><span style=\"color: #000000;\"><em><strong>Directora General del SMDIF <\/strong><\/em><\/span><br \/><span style=\"color: #000000;\"><em><strong>Tec. Paulina Maas Rodriguez<\/strong><\/em><\/span><\/p>\n<p style=\"text-align: center;\"><span style=\"color: #000000;\"><em><strong>Encargo de la unidad de Transparencia<\/strong><\/em><\/span><br \/><span style=\"color: #000000;\"><em><strong>Tec. Hector Adrian Cob Uc<\/strong><\/em><\/span><\/p><\/div><\/p>\n\n\n<hr class=\"wp-block-separator has-text-color has-cyan-bluish-gray-color has-alpha-channel-opacity has-cyan-bluish-gray-background-color has-background is-style-dots\"\/>\n\n\n\n<div class=\"wp-block-columns is-layout-flex wp-container-core-columns-is-layout-9d6595d7 wp-block-columns-is-layout-flex\">\n<div class=\"wp-block-column is-layout-flow wp-block-column-is-layout-flow\">\n<figure class=\"wp-block-image size-large is-resized\"><a href=\"https:\/\/www.hecelchakan.gob.mx\/hecelchakan\/articulo-74-dif\/\"><img loading=\"lazy\" decoding=\"async\" width=\"510\" height=\"461\" src=\"https:\/\/www.hecelchakan.gob.mx\/hecelchakan\/wp-content\/uploads\/2025\/08\/Disenos-Pagina-DIF-510x461.png\" alt=\"\" class=\"wp-image-27026\" style=\"width:251px;height:auto\" srcset=\"https:\/\/www.hecelchakan.gob.mx\/hecelchakan\/wp-content\/uploads\/2025\/08\/Disenos-Pagina-DIF-510x461.png 510w, https:\/\/www.hecelchakan.gob.mx\/hecelchakan\/wp-content\/uploads\/2025\/08\/Disenos-Pagina-DIF-300x271.png 300w, https:\/\/www.hecelchakan.gob.mx\/hecelchakan\/wp-content\/uploads\/2025\/08\/Disenos-Pagina-DIF-768x694.png 768w, https:\/\/www.hecelchakan.gob.mx\/hecelchakan\/wp-content\/uploads\/2025\/08\/Disenos-Pagina-DIF.png 1268w\" sizes=\"auto, (max-width: 510px) 100vw, 510px\" \/><\/a><\/figure>\n<\/div>\n\n\n\n<div class=\"wp-block-column is-layout-flow wp-block-column-is-layout-flow\"><\/div>\n\n\n\n<div class=\"wp-block-column is-layout-flow wp-block-column-is-layout-flow\">\n<figure class=\"wp-block-image size-large is-resized\"><a href=\"https:\/\/www.hecelchakan.gob.mx\/hecelchakan\/transparencia-dif-2\/\"><img loading=\"lazy\" decoding=\"async\" width=\"510\" height=\"515\" src=\"https:\/\/www.hecelchakan.gob.mx\/hecelchakan\/wp-content\/uploads\/2025\/08\/Disenos-Pagina-DIF1-510x515.png\" alt=\"\" class=\"wp-image-27027\" style=\"width:264px;height:auto\" srcset=\"https:\/\/www.hecelchakan.gob.mx\/hecelchakan\/wp-content\/uploads\/2025\/08\/Disenos-Pagina-DIF1-510x515.png 510w, https:\/\/www.hecelchakan.gob.mx\/hecelchakan\/wp-content\/uploads\/2025\/08\/Disenos-Pagina-DIF1-297x300.png 297w, https:\/\/www.hecelchakan.gob.mx\/hecelchakan\/wp-content\/uploads\/2025\/08\/Disenos-Pagina-DIF1-80x80.png 80w, https:\/\/www.hecelchakan.gob.mx\/hecelchakan\/wp-content\/uploads\/2025\/08\/Disenos-Pagina-DIF1-768x775.png 768w, https:\/\/www.hecelchakan.gob.mx\/hecelchakan\/wp-content\/uploads\/2025\/08\/Disenos-Pagina-DIF1-150x150.png 150w, https:\/\/www.hecelchakan.gob.mx\/hecelchakan\/wp-content\/uploads\/2025\/08\/Disenos-Pagina-DIF1.png 1184w\" sizes=\"auto, (max-width: 510px) 100vw, 510px\" \/><\/a><\/figure>\n<\/div>\n<\/div>\n\n\n\n<div class=\"wp-block-columns is-layout-flex wp-container-core-columns-is-layout-9d6595d7 wp-block-columns-is-layout-flex\">\n<div class=\"wp-block-column is-layout-flow wp-block-column-is-layout-flow\">\n<figure class=\"wp-block-image size-large is-resized\"><a href=\"https:\/\/www.hecelchakan.gob.mx\/hecelchakan\/armonizacion-contable-dif-2\/\"><img loading=\"lazy\" decoding=\"async\" width=\"510\" height=\"708\" src=\"https:\/\/www.hecelchakan.gob.mx\/hecelchakan\/wp-content\/uploads\/2025\/08\/Disenos-Pagina-DIF2-510x708.png\" alt=\"\" class=\"wp-image-27028\" style=\"width:171px;height:auto\" srcset=\"https:\/\/www.hecelchakan.gob.mx\/hecelchakan\/wp-content\/uploads\/2025\/08\/Disenos-Pagina-DIF2-510x708.png 510w, https:\/\/www.hecelchakan.gob.mx\/hecelchakan\/wp-content\/uploads\/2025\/08\/Disenos-Pagina-DIF2-216x300.png 216w, https:\/\/www.hecelchakan.gob.mx\/hecelchakan\/wp-content\/uploads\/2025\/08\/Disenos-Pagina-DIF2-768x1066.png 768w, https:\/\/www.hecelchakan.gob.mx\/hecelchakan\/wp-content\/uploads\/2025\/08\/Disenos-Pagina-DIF2.png 791w\" sizes=\"auto, (max-width: 510px) 100vw, 510px\" \/><\/a><\/figure>\n<\/div>\n\n\n\n<div class=\"wp-block-column is-layout-flow wp-block-column-is-layout-flow\"><\/div>\n\n\n\n<div class=\"wp-block-column is-layout-flow wp-block-column-is-layout-flow\">\n<figure class=\"wp-block-image size-large is-resized\"><a href=\"https:\/\/www.hecelchakan.gob.mx\/hecelchakan\/cuenta-publica-dif\/\"><img loading=\"lazy\" decoding=\"async\" width=\"510\" height=\"571\" src=\"https:\/\/www.hecelchakan.gob.mx\/hecelchakan\/wp-content\/uploads\/2025\/08\/Disenos-PaginaDIF3-510x571.png\" alt=\"\" class=\"wp-image-27029\" style=\"width:213px;height:auto\" srcset=\"https:\/\/www.hecelchakan.gob.mx\/hecelchakan\/wp-content\/uploads\/2025\/08\/Disenos-PaginaDIF3-510x571.png 510w, https:\/\/www.hecelchakan.gob.mx\/hecelchakan\/wp-content\/uploads\/2025\/08\/Disenos-PaginaDIF3-268x300.png 268w, https:\/\/www.hecelchakan.gob.mx\/hecelchakan\/wp-content\/uploads\/2025\/08\/Disenos-PaginaDIF3-768x860.png 768w, https:\/\/www.hecelchakan.gob.mx\/hecelchakan\/wp-content\/uploads\/2025\/08\/Disenos-PaginaDIF3.png 972w\" sizes=\"auto, (max-width: 510px) 100vw, 510px\" \/><\/a><\/figure>\n<\/div>\n<\/div>\n\n\n<h2 style=\"text-align: center;\"><div class=\"well well-lg\"><a href=\"https:\/\/www.facebook.com\/profile.php?id=61567138135067\"><strong>\u00a1Siguenos en Redes!<\/strong><\/a><img loading=\"lazy\" decoding=\"async\" class=\"aligncenter  wp-image-24043\" src=\"https:\/\/www.hecelchakan.gob.mx\/hecelchakan\/wp-content\/uploads\/2025\/01\/facebook.png\" alt=\"\" width=\"31\" height=\"31\" srcset=\"https:\/\/www.hecelchakan.gob.mx\/hecelchakan\/wp-content\/uploads\/2025\/01\/facebook.png 2455w, https:\/\/www.hecelchakan.gob.mx\/hecelchakan\/wp-content\/uploads\/2025\/01\/facebook-300x300.png 300w, https:\/\/www.hecelchakan.gob.mx\/hecelchakan\/wp-content\/uploads\/2025\/01\/facebook-510x510.png 510w, https:\/\/www.hecelchakan.gob.mx\/hecelchakan\/wp-content\/uploads\/2025\/01\/facebook-80x80.png 80w, https:\/\/www.hecelchakan.gob.mx\/hecelchakan\/wp-content\/uploads\/2025\/01\/facebook-768x768.png 768w, https:\/\/www.hecelchakan.gob.mx\/hecelchakan\/wp-content\/uploads\/2025\/01\/facebook-150x150.png 150w, https:\/\/www.hecelchakan.gob.mx\/hecelchakan\/wp-content\/uploads\/2025\/01\/facebook-1536x1536.png 1536w, https:\/\/www.hecelchakan.gob.mx\/hecelchakan\/wp-content\/uploads\/2025\/01\/facebook-2048x2048.png 2048w\" sizes=\"auto, (max-width: 31px) 100vw, 31px\" \/><\/div><\/h2>\n\n\n<p><\/p>\n","protected":false},"excerpt":{"rendered":"<p>En un acto de responsabilidad y compromiso social, la Presidenta del Patronato del SMDIF, Lic. Martha Petrona Yam Poot, en coordinaci\u00f3n con el \u00e1rea de Procuradur\u00eda Auxiliar y Adulto Mayor, contin\u00faa brindando atenci\u00f3n a la situaci\u00f3n de la adulta mayor C.P.C. La visita tuvo como objetivo conocer de cerca su estado de salud y condiciones [&hellip;]<\/p>\n","protected":false},"author":1,"featured_media":0,"parent":0,"menu_order":0,"comment_status":"closed","ping_status":"closed","template":"","meta":{"ngg_post_thumbnail":0,"footnotes":""},"class_list":["post-12985","page","type-page","status-publish","hentry"],"_links":{"self":[{"href":"https:\/\/www.hecelchakan.gob.mx\/hecelchakan\/wp-json\/wp\/v2\/pages\/12985","targetHints":{"allow":["GET"]}}],"collection":[{"href":"https:\/\/www.hecelchakan.gob.mx\/hecelchakan\/wp-json\/wp\/v2\/pages"}],"about":[{"href":"https:\/\/www.hecelchakan.gob.mx\/hecelchakan\/wp-json\/wp\/v2\/types\/page"}],"author":[{"embeddable":true,"href":"https:\/\/www.hecelchakan.gob.mx\/hecelchakan\/wp-json\/wp\/v2\/users\/1"}],"replies":[{"embeddable":true,"href":"https:\/\/www.hecelchakan.gob.mx\/hecelchakan\/wp-json\/wp\/v2\/comments?post=12985"}],"version-history":[{"count":7,"href":"https:\/\/www.hecelchakan.gob.mx\/hecelchakan\/wp-json\/wp\/v2\/pages\/12985\/revisions"}],"predecessor-version":[{"id":27064,"href":"https:\/\/www.hecelchakan.gob.mx\/hecelchakan\/wp-json\/wp\/v2\/pages\/12985\/revisions\/27064"}],"wp:attachment":[{"href":"https:\/\/www.hecelchakan.gob.mx\/hecelchakan\/wp-json\/wp\/v2\/media?parent=12985"}],"curies":[{"name":"wp","href":"https:\/\/api.w.org\/{rel}","templated":true}]}}