{"id":166,"date":"2016-04-09T14:14:31","date_gmt":"2016-04-09T14:14:31","guid":{"rendered":"http:\/\/hecelchakan.gob.mx\/?page_id=166"},"modified":"2026-02-23T13:00:36","modified_gmt":"2026-02-23T19:00:36","slug":"cuentas-publicas","status":"publish","type":"page","link":"https:\/\/www.hecelchakan.gob.mx\/hecelchakan\/cuentas-publicas\/","title":{"rendered":"Cuentas Publicas"},"content":{"rendered":"\n<p class=\"has-text-align-center has-black-color has-white-background-color has-text-color has-background has-link-color has-medium-font-size wp-elements-cc1e2d797ea69772640526d6b52cb054\" style=\"font-style:italic;font-weight:600\"><strong><em>CUENTA PUBLICA H. AYUNTAMIENTO HECELCHAKAN<\/em><\/strong><\/p>\n\n\n\n<div class=\"wp-block-columns is-layout-flex wp-container-core-columns-is-layout-9d6595d7 wp-block-columns-is-layout-flex\">\n<div class=\"wp-block-column is-layout-flow wp-block-column-is-layout-flow\">\n<p class=\"has-black-color has-text-color has-link-color wp-elements-9049d0b2c9fdd8d201737e92017eb95e\"><strong><em>La Cuenta P\u00fablica Municipal es un&nbsp;informe detallado que presentan los ayuntamientos sobre su gesti\u00f3n financiera durante un periodo fiscal, generalmente del 1 de enero al 31 de diciembre.&nbsp;Este documento incluye informaci\u00f3n sobre ingresos, egresos, deuda p\u00fablica, y la ejecuci\u00f3n del presupuesto municipal.&nbsp;La Cuenta P\u00fablica se utiliza para la rendici\u00f3n de cuentas y la fiscalizaci\u00f3n, siendo revisada por organismos como la Auditor\u00eda Superior de la Federaci\u00f3n (ASF).&nbsp;<\/em><\/strong><\/p>\n<\/div>\n\n\n\n<div class=\"wp-block-column is-layout-flow wp-block-column-is-layout-flow\"><div class=\"wp-block-image\">\n<figure class=\"aligncenter size-large\"><img loading=\"lazy\" decoding=\"async\" width=\"510\" height=\"236\" src=\"https:\/\/www.hecelchakan.gob.mx\/hecelchakan\/wp-content\/uploads\/2025\/06\/CUENTA-2-510x236.png\" alt=\"\" class=\"wp-image-25973\" srcset=\"https:\/\/www.hecelchakan.gob.mx\/hecelchakan\/wp-content\/uploads\/2025\/06\/CUENTA-2-510x236.png 510w, https:\/\/www.hecelchakan.gob.mx\/hecelchakan\/wp-content\/uploads\/2025\/06\/CUENTA-2-300x139.png 300w, https:\/\/www.hecelchakan.gob.mx\/hecelchakan\/wp-content\/uploads\/2025\/06\/CUENTA-2-768x355.png 768w, https:\/\/www.hecelchakan.gob.mx\/hecelchakan\/wp-content\/uploads\/2025\/06\/CUENTA-2-1536x710.png 1536w, https:\/\/www.hecelchakan.gob.mx\/hecelchakan\/wp-content\/uploads\/2025\/06\/CUENTA-2-2048x947.png 2048w\" sizes=\"auto, (max-width: 510px) 100vw, 510px\" \/><\/figure><\/div><\/div>\n<\/div>\n\n\n\n<hr class=\"wp-block-separator has-alpha-channel-opacity is-style-wide\"\/>\n\n\n<p><a class=\"fasc-button fasc-size-large fasc-type-glossy fasc-rounded-medium fasc-ico-before dashicons-admin-post\" style=\"background-color: #f59403; color: #ffffff;\" target=\"_blank\" rel=\"nofollow noopener\" href=\"https:\/\/www.hecelchakan.gob.mx\/hecelchakan\/cuenta-publica-2024\/\">CUENTA PUBLICA 2024<\/a><a class=\"fasc-button fasc-size-large fasc-type-glossy fasc-rounded-medium fasc-ico-before dashicons-admin-post\" style=\"background-color: #f59403; color: #ffffff;\" target=\"_blank\" rel=\"nofollow\" href=\"https:\/\/www.hecelchakan.gob.mx\/hecelchakan\/cuenta-publica-2025\/\">CUENTA PUBLICA 2025<\/a><\/p>\n<div class=\"panel-group\" id=\"collapse_959e-c8fe\"><br class=\"nc\"\/><div class=\"panel panel-default\">    <div class=\"panel-heading\" role=\"tab\" id=\"heading_citem_3a00-c2c3\">        <h4 class=\"panel-title\"><a class=\"accordion-toggle collapsed\" data-toggle=\"collapse\" aria-controls=\"heading_citem_3a00-c2c3\" data-parent=\"#collapse_959e-c8fe\" href=\"#citem_3a00-c2c3\"><em><strong>CUENTA PUBLICA A\u00d1OS ANTERIORES<\/strong><\/em><\/a>        <\/h4>    <\/div>    <div id=\"citem_3a00-c2c3\" class=\"panel-collapse collapse \" role=\"tabpanel\" aria-labelledby=\"heading_citem_3a00-c2c3\">        <div class=\"panel-body\"><br class=\"nc\"\/><a href=\"https:\/\/www.hecelchakan.gob.mx\/hecelchakan\/cuenta-publica-2023\/\"><em><strong>1. CUENTA PUBLICA 2023<\/strong><\/em><\/a>\n<p><a href=\"https:\/\/www.hecelchakan.gob.mx\/hecelchakan\/cuenta-publica-2022\/\"><em><strong>2. CUENTA PUBLICA 2022<\/strong><\/em><\/a><\/p>\n<p><a href=\"https:\/\/www.hecelchakan.gob.mx\/hecelchakan\/cuenta-publica-2021\/\"><em><strong>3. CUENTA PUBLICA 2021<\/strong><\/em><\/a><\/p>\n<p><a href=\"https:\/\/www.hecelchakan.gob.mx\/hecelchakan\/cuenta-publica-2020\/\"><em><strong>4. CUENTA PUBLICA 2020<\/strong><\/em><\/a><\/p>\n<p><a href=\"https:\/\/www.hecelchakan.gob.mx\/hecelchakan\/cuenta-publica-2019\/\"><em><strong>5. CUENTA PUBLICA 2019<\/strong><\/em><\/a><\/p>\n<p><a href=\"https:\/\/www.hecelchakan.gob.mx\/hecelchakan\/cuenta-publica-2018\/\"><em><strong>6. CUENTA PUBLICA 2018<\/strong><\/em><\/a><\/p>\n<p><a href=\"https:\/\/www.hecelchakan.gob.mx\/hecelchakan\/cuenta-publica-2017\/\"><em><strong>7. CUENTA PUBLICA 2017<\/strong><\/em><\/a><\/p>\n<p><a href=\"https:\/\/www.hecelchakan.gob.mx\/hecelchakan\/cuenta-publica-2016-2\/\"><em><strong>8. CUENTA PUBLICA 2016<\/strong><\/em><\/a><\/p>\n<p><a href=\"https:\/\/www.hecelchakan.gob.mx\/hecelchakan\/cuenta-publica-ayuntamiento\/\"><em><strong>9. CUENTA PUBLICA 2015<\/strong><\/em><\/a><\/p>\n<p>        <\/p><\/div>    <\/div><\/div><br class=\"nc\"\/><\/div>\n<h5>&nbsp;<\/h5>\n<h5>&nbsp;<\/h5>\n\n\n<p><\/p>\n","protected":false},"excerpt":{"rendered":"<p>CUENTA PUBLICA H. AYUNTAMIENTO HECELCHAKAN La Cuenta P\u00fablica Municipal es un&nbsp;informe detallado que presentan los ayuntamientos sobre su gesti\u00f3n financiera durante un periodo fiscal, generalmente del 1 de enero al 31 de diciembre.&nbsp;Este documento incluye informaci\u00f3n sobre ingresos, egresos, deuda p\u00fablica, y la ejecuci\u00f3n del presupuesto municipal.&nbsp;La Cuenta P\u00fablica se utiliza para la rendici\u00f3n de [&hellip;]<\/p>\n","protected":false},"author":1,"featured_media":0,"parent":0,"menu_order":0,"comment_status":"closed","ping_status":"closed","template":"","meta":{"ngg_post_thumbnail":0,"footnotes":""},"class_list":["post-166","page","type-page","status-publish","hentry"],"_links":{"self":[{"href":"https:\/\/www.hecelchakan.gob.mx\/hecelchakan\/wp-json\/wp\/v2\/pages\/166","targetHints":{"allow":["GET"]}}],"collection":[{"href":"https:\/\/www.hecelchakan.gob.mx\/hecelchakan\/wp-json\/wp\/v2\/pages"}],"about":[{"href":"https:\/\/www.hecelchakan.gob.mx\/hecelchakan\/wp-json\/wp\/v2\/types\/page"}],"author":[{"embeddable":true,"href":"https:\/\/www.hecelchakan.gob.mx\/hecelchakan\/wp-json\/wp\/v2\/users\/1"}],"replies":[{"embeddable":true,"href":"https:\/\/www.hecelchakan.gob.mx\/hecelchakan\/wp-json\/wp\/v2\/comments?post=166"}],"version-history":[{"count":19,"href":"https:\/\/www.hecelchakan.gob.mx\/hecelchakan\/wp-json\/wp\/v2\/pages\/166\/revisions"}],"predecessor-version":[{"id":27771,"href":"https:\/\/www.hecelchakan.gob.mx\/hecelchakan\/wp-json\/wp\/v2\/pages\/166\/revisions\/27771"}],"wp:attachment":[{"href":"https:\/\/www.hecelchakan.gob.mx\/hecelchakan\/wp-json\/wp\/v2\/media?parent=166"}],"curies":[{"name":"wp","href":"https:\/\/api.w.org\/{rel}","templated":true}]}}