{"id":18553,"date":"2023-01-31T15:32:15","date_gmt":"2023-01-31T21:32:15","guid":{"rendered":"http:\/\/hecelchakan.gob.mx\/?page_id=18553"},"modified":"2023-10-31T13:29:32","modified_gmt":"2023-10-31T19:29:32","slug":"cuenta-publica-2022-dif","status":"publish","type":"page","link":"https:\/\/www.hecelchakan.gob.mx\/hecelchakan\/cuenta-publica-2022-dif\/","title":{"rendered":"Cuenta P\u00fablica 2022 DIF"},"content":{"rendered":"<p>&nbsp;<\/p>\n<p>&nbsp;<\/p>\n<table style=\"height: 835px;\" border=\"2px\" width=\"864\">\n<tbody>\n<tr>\n<td style=\"text-align: center;\" bgcolor=\"04A5FB\" width=\"80%\"><b>Sistema para el Desarrollo Integral de la Familia en el Municipio de Hecelchak\u00e1n&nbsp;<\/b><\/td>\n<td style=\"text-align: center;\" colspan=\"12\" bgcolor=\"04A5FB\" width=\"100%\"><strong>A\u00f1o<\/strong><\/td>\n<\/tr>\n<tr>\n<td bgcolor=\"04FBCE\" width=\"50%\"><strong>A) Informaci\u00f3n Contable<\/strong><\/td>\n<td style=\"text-align: center;\" colspan=\"4\" bgcolor=\"04FBCE\" width=\"50%\"><strong>&nbsp; 2022<\/strong><\/td>\n<\/tr>\n<tr>\n<td>1.Estado de Actividades<\/td>\n<td style=\"text-align: center;\"><a href=\"https:\/\/www.hecelchakan.gob.mx\/hecelchakan\/wp-content\/uploads\/2023\/01\/2.EA_.pdf\"><strong>&nbsp;Pdf 1<\/strong><\/a><\/td>\n<\/tr>\n<tr>\n<td style=\"text-align: left;\">2.Estado de la Situaci\u00f3n Financiera<\/td>\n<td style=\"text-align: center;\"><strong>&nbsp;<a href=\"https:\/\/www.hecelchakan.gob.mx\/hecelchakan\/wp-content\/uploads\/2023\/01\/5.ESF_.pdf\">Pdf 2<\/a><\/strong><\/td>\n<\/tr>\n<tr>\n<td style=\"text-align: left;\">3.Estado de Variaci\u00f3n en la hacienda p\u00fablica<\/td>\n<td style=\"text-align: center;\"><a href=\"https:\/\/www.hecelchakan.gob.mx\/hecelchakan\/wp-content\/uploads\/2023\/01\/6.EVHP_.pdf\"><strong>Pdf 3<\/strong><\/a><\/td>\n<\/tr>\n<tr>\n<td style=\"text-align: left;\">4.Estado de cambios en la Situaci\u00f3n Financiera<\/td>\n<td style=\"text-align: center;\"><a href=\"https:\/\/www.hecelchakan.gob.mx\/hecelchakan\/wp-content\/uploads\/2023\/01\/3.ECSF_.pdf\"><strong>&nbsp;Pdf 4<\/strong><\/a><\/td>\n<\/tr>\n<tr>\n<td>5.Estados de Flujo de Efectivo<\/td>\n<td style=\"text-align: center;\"><a href=\"https:\/\/www.hecelchakan.gob.mx\/hecelchakan\/wp-content\/uploads\/2023\/01\/4.EFE_.pdf\"><strong>&nbsp;Pdf 5<\/strong><\/a><\/td>\n<\/tr>\n<tr>\n<td style=\"text-align: left;\">6.Informes Sobre Pasivos Contingentes<\/td>\n<td style=\"text-align: center;\"><a href=\"https:\/\/www.hecelchakan.gob.mx\/hecelchakan\/wp-content\/uploads\/2023\/01\/9.IPC_.pdf\"><b>Pdf 6<\/b><\/a><\/td>\n<\/tr>\n<tr>\n<td style=\"text-align: left;\">7. Notas a los Estados Financieros<\/td>\n<td style=\"text-align: center;\"><a href=\"https:\/\/www.hecelchakan.gob.mx\/hecelchakan\/wp-content\/uploads\/2023\/01\/7.NOTAS_.pdf\"><strong>Pdf 7<\/strong><\/a><\/td>\n<\/tr>\n<tr>\n<td style=\"text-align: left;\">8. Estado Anal\u00edtico del Activo<\/td>\n<td style=\"text-align: center;\"><a href=\"https:\/\/www.hecelchakan.gob.mx\/hecelchakan\/wp-content\/uploads\/2023\/01\/1.EAA_.pdf\"><strong>&nbsp;Pdf 8<\/strong><\/a><\/td>\n<\/tr>\n<tr>\n<td style=\"text-align: left;\">9. Estado Anal\u00edtico de la Deuda y Otras Pasivos<\/td>\n<td style=\"text-align: center;\"><strong>&nbsp;<a href=\"https:\/\/www.hecelchakan.gob.mx\/hecelchakan\/wp-content\/uploads\/2023\/01\/8.EADOP_.pdf\">Pdf<\/a><\/strong><strong> 9<\/strong><\/td>\n<\/tr>\n<tr>\n<td style=\"text-align: center;\">&nbsp;~<\/td>\n<td style=\"text-align: center;\"><strong>&nbsp;~<\/strong><\/td>\n<\/tr>\n<tr>\n<td style=\"text-align: left;\" bgcolor=\"04FBCE\" width=\"50%\"><b>B) Informaci\u00f3n Presupuestaria<\/b><\/td>\n<td colspan=\"\" bgcolor=\"04FBCE\" width=\"50%\">&nbsp;<\/td>\n<\/tr>\n<tr>\n<td style=\"text-align: left;\">1. Estado Anal\u00edtico de Ingresos<\/td>\n<td style=\"text-align: center;\"><a href=\"https:\/\/www.hecelchakan.gob.mx\/hecelchakan\/wp-content\/uploads\/2023\/01\/1.EAI_.pdf\"><strong>Pdf 10<\/strong><\/a><\/td>\n<\/tr>\n<tr>\n<td style=\"text-align: left;\">&nbsp;Estado Anal\u00edtico del Ejercicio del Presupuesto<\/td>\n<td style=\"text-align: center;\"><strong>&nbsp;<\/strong><\/td>\n<\/tr>\n<tr>\n<td style=\"text-align: left;\">2. Clasificaci\u00f3n Administrativa<\/td>\n<td style=\"text-align: center;\"><a href=\"https:\/\/www.hecelchakan.gob.mx\/hecelchakan\/wp-content\/uploads\/2023\/01\/2.CA_.pdf\"><strong>&nbsp;Pdf 11<\/strong><\/a><\/td>\n<\/tr>\n<tr>\n<td style=\"text-align: left;\">3. Clasificaci\u00f3n Econ\u00f3mica (Por Tipo de Gasto)<\/td>\n<td style=\"text-align: center;\"><a href=\"https:\/\/www.hecelchakan.gob.mx\/hecelchakan\/wp-content\/uploads\/2023\/01\/3.CE_.pdf\"><b>&nbsp;<\/b><b><u>Pdf<\/u><\/b>&nbsp;12<\/a><\/td>\n<\/tr>\n<tr>\n<td style=\"text-align: left;\">4. Clasificaci\u00f3n por Objeto de Gasto (Capitulo y Concepto)<\/td>\n<td style=\"text-align: center;\"><strong>&nbsp;<a href=\"https:\/\/www.hecelchakan.gob.mx\/hecelchakan\/wp-content\/uploads\/2023\/01\/4.COG_.pdf\">Pdf 13<\/a><\/strong><\/td>\n<\/tr>\n<tr>\n<td style=\"text-align: left;\">5. Clasificaci\u00f3n Funcional (Finalidad y Funci\u00f3n)<\/td>\n<td style=\"text-align: center;\"><a href=\"https:\/\/www.hecelchakan.gob.mx\/hecelchakan\/wp-content\/uploads\/2023\/01\/5.CF_.pdf\"><strong>&nbsp;Pdf<\/strong> <strong>14<\/strong><\/a><\/td>\n<\/tr>\n<tr>\n<td style=\"text-align: left;\">6. Endeudamiento Neto<\/td>\n<td style=\"text-align: center;\"><a href=\"https:\/\/www.hecelchakan.gob.mx\/hecelchakan\/wp-content\/uploads\/2023\/01\/6.EN_.pdf\"><strong>&nbsp;Pdf 15<\/strong><\/a><\/td>\n<\/tr>\n<tr>\n<td style=\"text-align: left;\">7. Intereses de la Deuda<\/td>\n<td style=\"text-align: center;\"><a href=\"https:\/\/www.hecelchakan.gob.mx\/hecelchakan\/wp-content\/uploads\/2023\/01\/7.ID_.pdf\"><strong>&nbsp;Pdf 16<\/strong><\/a><\/td>\n<\/tr>\n<tr>\n<td style=\"text-align: left;\">8. Flujo de Fondos<\/td>\n<td style=\"text-align: center;\"><a href=\"https:\/\/www.hecelchakan.gob.mx\/hecelchakan\/wp-content\/uploads\/2023\/01\/8.FF_.pdf\"><strong>&nbsp;Pdf 17<\/strong><\/a><\/td>\n<\/tr>\n<tr>\n<td style=\"text-align: left;\">9.- Indicadores de postura fiscal<\/td>\n<td style=\"text-align: center;\"><a href=\"https:\/\/www.hecelchakan.gob.mx\/hecelchakan\/wp-content\/uploads\/2023\/10\/INDICADORES-DE-POSTURA-FISCAL_C.P.2022.pdf\"><strong>Pdf 18<\/strong><\/a><\/td>\n<\/tr>\n<tr>\n<td style=\"text-align: left;\" bgcolor=\"04FBCE\" width=\"50%\"><strong>C) Informaci\u00f3n <\/strong><b>Program\u00e1tica<\/b><\/td>\n<td style=\"text-align: center;\" bgcolor=\"04FBCE\" width=\"50%\"><strong>&nbsp;<\/strong><\/td>\n<\/tr>\n<tr>\n<td style=\"text-align: left;\">1. Gasto por Categor\u00eda Program\u00e1tica<\/td>\n<td style=\"text-align: center;\"><a href=\"https:\/\/www.hecelchakan.gob.mx\/hecelchakan\/wp-content\/uploads\/2023\/01\/1.GCP_.pdf\"><strong>&nbsp;Pdf 19<\/strong><\/a><\/td>\n<\/tr>\n<tr>\n<td style=\"text-align: left;\">2. Programas y Proyecci\u00f3n de Inversi\u00f3n<\/td>\n<td style=\"text-align: center;\"><a href=\"https:\/\/www.hecelchakan.gob.mx\/hecelchakan\/wp-content\/uploads\/2023\/01\/2.PI_.pdf\"><strong>&nbsp;Pdf 20<\/strong><\/a><\/td>\n<\/tr>\n<tr>\n<td style=\"text-align: left;\">3. Indicadores de Resultados<\/td>\n<td style=\"text-align: center;\"><a href=\"https:\/\/www.hecelchakan.gob.mx\/hecelchakan\/wp-content\/uploads\/2023\/01\/3.IR_.pdf\"><strong>&nbsp;Pdf 21<\/strong><\/a><\/td>\n<\/tr>\n<tr>\n<td style=\"text-align: center;\">&nbsp;~<\/td>\n<td style=\"text-align: center;\"><strong>~&nbsp;<\/strong><\/td>\n<\/tr>\n<tr>\n<td style=\"text-align: center;\">&nbsp;<\/td>\n<td colspan=\"4\">&nbsp;<\/td>\n<\/tr>\n<tr>\n<td style=\"text-align: left;\" bgcolor=\"04FBCE\" width=\"50%\"><strong>D) Anexos<\/strong><\/td>\n<td style=\"text-align: center;\" bgcolor=\"04FBCE\" width=\"50%\"><strong>&nbsp;<\/strong><\/td>\n<\/tr>\n<tr>\n<td style=\"text-align: left;\">1. Relaci\u00f3n de Bienes Muebles que Componen el Patrimonio del Ente Publico<\/td>\n<td style=\"text-align: center;\"><a href=\"https:\/\/www.hecelchakan.gob.mx\/hecelchakan\/wp-content\/uploads\/2023\/01\/1.BM_.pdf\"><strong>Pdf 22<\/strong><\/a><\/td>\n<\/tr>\n<tr>\n<td style=\"text-align: left;\">2. Relaci\u00f3n de Bienes Inmuebles que componen el patrimonio del Ente Publico<\/td>\n<td style=\"text-align: center;\"><a href=\"https:\/\/www.hecelchakan.gob.mx\/hecelchakan\/wp-content\/uploads\/2023\/01\/2.BI_.pdf\"><strong>Pdf 23<\/strong><\/a><\/td>\n<\/tr>\n<tr>\n<td style=\"text-align: left;\">3. Relaci\u00f3n de Cuentas Bancarias Productivas Especificas<\/td>\n<td style=\"text-align: center;\"><strong>&nbsp;<a href=\"https:\/\/www.hecelchakan.gob.mx\/hecelchakan\/wp-content\/uploads\/2023\/01\/3.RCPE_.pdf\">Pdf 24<\/a><\/strong><\/td>\n<\/tr>\n<tr>\n<td style=\"text-align: left;\">4. Formato del Ejercicio y Destino de Gasto Federalizado y Reintegros<\/td>\n<td style=\"text-align: center;\"><a href=\"https:\/\/www.hecelchakan.gob.mx\/hecelchakan\/wp-content\/uploads\/2023\/01\/Untitled032.pdf\"><strong>&nbsp;Pdf 25<\/strong><\/a><\/td>\n<\/tr>\n<tr>\n<td style=\"text-align: left;\">5. Relaci\u00f2n de esquemas burs\u00e1tiles y de coberturas financieras.<\/td>\n<td style=\"text-align: center;\"><a href=\"https:\/\/www.hecelchakan.gob.mx\/hecelchakan\/wp-content\/uploads\/2023\/01\/5.REBYCF.pdf\">&nbsp;<strong>Pdf 26<\/strong><\/a><\/td>\n<\/tr>\n<tr>\n<td style=\"text-align: left;\">6. Resultado de la evaluaci\u00f3n del desempe\u00f1o de los programas federales.<\/td>\n<td style=\"text-align: center;\" colspan=\"4\"><a href=\"https:\/\/www.hecelchakan.gob.mx\/hecelchakan\/wp-content\/uploads\/2023\/01\/6.REDPF_.pdf\"><strong>Pdf 27<\/strong><\/a><\/td>\n<\/tr>\n<tr>\n<td style=\"text-align: left;\"><hr>\n<p><strong>E) Disposiciones en materia de ley de disciplina financiera.<\/strong><\/p>\n<\/td>\n<td style=\"text-align: center;\">&nbsp;<\/td>\n<\/tr>\n<tr>\n<td style=\"text-align: left;\">1. Estado de situaci\u00f3n financiera detallada-LDF<\/td>\n<td style=\"text-align: center;\"><a href=\"https:\/\/www.hecelchakan.gob.mx\/hecelchakan\/wp-content\/uploads\/2023\/01\/1.-ESFD.pdf\"><strong>Pdf 28<\/strong><\/a><\/td>\n<\/tr>\n<tr>\n<td style=\"text-align: left;\">2. Informe anal\u00edtico de la deuda p\u00fablica y otros pasivos-LDF<\/td>\n<td style=\"text-align: center;\"><a href=\"https:\/\/www.hecelchakan.gob.mx\/hecelchakan\/wp-content\/uploads\/2023\/01\/2.IADPOP.pdf\"><strong>Pdf 29<\/strong><\/a><\/td>\n<\/tr>\n<tr>\n<td style=\"text-align: left;\">3. Informe anal\u00edtico de obligaciones diferentes de financiamientos-LDF<\/td>\n<td style=\"text-align: center;\"><a href=\"https:\/\/www.hecelchakan.gob.mx\/hecelchakan\/wp-content\/uploads\/2023\/01\/3.IAODF_-2.pdf\"><strong>Pdf 30<\/strong><\/a><\/td>\n<\/tr>\n<tr>\n<td style=\"text-align: left;\">&nbsp;4. Balance presupuestario-LDF<\/td>\n<td style=\"text-align: center;\"><a href=\"https:\/\/www.hecelchakan.gob.mx\/hecelchakan\/wp-content\/uploads\/2023\/01\/4.BP_-2.pdf\"><strong>Pdf 31<\/strong><\/a><\/td>\n<\/tr>\n<tr>\n<td style=\"text-align: left;\">&nbsp;5. Estado anal\u00edtico de ingresos detallados-LDF<\/td>\n<td style=\"text-align: center;\"><a href=\"https:\/\/www.hecelchakan.gob.mx\/hecelchakan\/wp-content\/uploads\/2023\/01\/5.EAID_-2.pdf\"><strong>Pdf 32<\/strong><\/a><\/td>\n<\/tr>\n<tr>\n<td style=\"text-align: left;\">Estado Anal\u00edtico del ejercicio del presupuesto de egresos detallado-LDF<\/td>\n<td style=\"text-align: center;\">&nbsp;<\/td>\n<\/tr>\n<tr>\n<td style=\"text-align: left;\">6. Clasificaci\u00f3n por objeto del gasto.<\/td>\n<td style=\"text-align: center;\"><a href=\"https:\/\/www.hecelchakan.gob.mx\/hecelchakan\/wp-content\/uploads\/2023\/01\/6.COG_-2.pdf\"><strong>Pdf 33<\/strong><\/a><\/td>\n<\/tr>\n<tr>\n<td style=\"text-align: left;\">7. Clasificaci\u00f3n Administrativa.<\/td>\n<td style=\"text-align: center;\"><a href=\"https:\/\/www.hecelchakan.gob.mx\/hecelchakan\/wp-content\/uploads\/2023\/01\/7.CA_-2.pdf\"><strong>Pdf 34<\/strong><\/a><\/td>\n<\/tr>\n<tr>\n<td style=\"text-align: left;\">8. Clasificaci\u00f3n Funcional.<\/td>\n<td style=\"text-align: center;\"><a href=\"https:\/\/www.hecelchakan.gob.mx\/hecelchakan\/wp-content\/uploads\/2023\/01\/8.CF_-2.pdf\"><strong>Pdf 35<\/strong><\/a><\/td>\n<\/tr>\n<tr>\n<td style=\"text-align: left;\">9. Clasificaci\u00f3n Servicios Personales por categor\u00eda.<\/td>\n<td style=\"text-align: center;\"><a href=\"https:\/\/www.hecelchakan.gob.mx\/hecelchakan\/wp-content\/uploads\/2023\/01\/9.CSPC_.pdf\"><strong>Pdf 36<\/strong><\/a><\/td>\n<\/tr>\n<tr>\n<td style=\"text-align: left;\"><strong>F) Gu\u00eda de cumplimiento de la ley de disciplina financiera de las entidades Federativas y municipales.<\/strong><\/td>\n<td style=\"text-align: center;\"><a href=\"https:\/\/www.hecelchakan.gob.mx\/hecelchakan\/wp-content\/uploads\/2023\/01\/10.GUIA_.pdf\"><strong>Pdf 37<\/strong><\/a><\/td>\n<\/tr>\n<\/tbody>\n<\/table>\n<p><!--more--><\/p>\n<p>&nbsp;<\/p>\n<p><strong>&nbsp;~<\/strong><\/p>\n\n\n<p><\/p>\n","protected":false},"excerpt":{"rendered":"<p>&nbsp; &nbsp; Sistema para el Desarrollo Integral de la Familia en el Municipio de Hecelchak\u00e1n&nbsp; A\u00f1o A) Informaci\u00f3n Contable &nbsp; 2022 1.Estado de Actividades &nbsp;Pdf 1 2.Estado de la Situaci\u00f3n Financiera &nbsp;Pdf 2 3.Estado de Variaci\u00f3n en la hacienda p\u00fablica Pdf 3 4.Estado de cambios en la Situaci\u00f3n Financiera &nbsp;Pdf 4 5.Estados de Flujo de [&hellip;]<\/p>\n","protected":false},"author":1,"featured_media":0,"parent":0,"menu_order":0,"comment_status":"closed","ping_status":"closed","template":"","meta":{"ngg_post_thumbnail":0,"footnotes":""},"class_list":["post-18553","page","type-page","status-publish","hentry"],"_links":{"self":[{"href":"https:\/\/www.hecelchakan.gob.mx\/hecelchakan\/wp-json\/wp\/v2\/pages\/18553","targetHints":{"allow":["GET"]}}],"collection":[{"href":"https:\/\/www.hecelchakan.gob.mx\/hecelchakan\/wp-json\/wp\/v2\/pages"}],"about":[{"href":"https:\/\/www.hecelchakan.gob.mx\/hecelchakan\/wp-json\/wp\/v2\/types\/page"}],"author":[{"embeddable":true,"href":"https:\/\/www.hecelchakan.gob.mx\/hecelchakan\/wp-json\/wp\/v2\/users\/1"}],"replies":[{"embeddable":true,"href":"https:\/\/www.hecelchakan.gob.mx\/hecelchakan\/wp-json\/wp\/v2\/comments?post=18553"}],"version-history":[{"count":12,"href":"https:\/\/www.hecelchakan.gob.mx\/hecelchakan\/wp-json\/wp\/v2\/pages\/18553\/revisions"}],"predecessor-version":[{"id":20769,"href":"https:\/\/www.hecelchakan.gob.mx\/hecelchakan\/wp-json\/wp\/v2\/pages\/18553\/revisions\/20769"}],"wp:attachment":[{"href":"https:\/\/www.hecelchakan.gob.mx\/hecelchakan\/wp-json\/wp\/v2\/media?parent=18553"}],"curies":[{"name":"wp","href":"https:\/\/api.w.org\/{rel}","templated":true}]}}