{"id":21439,"date":"2024-01-31T21:30:31","date_gmt":"2024-02-01T03:30:31","guid":{"rendered":"http:\/\/hecelchakan.gob.mx\/?page_id=21439"},"modified":"2024-02-01T16:58:28","modified_gmt":"2024-02-01T22:58:28","slug":"cuenta-publica-2023-dif","status":"publish","type":"page","link":"https:\/\/www.hecelchakan.gob.mx\/hecelchakan\/cuenta-publica-2023-dif\/","title":{"rendered":"Cuenta P\u00fablica 2023 DIF"},"content":{"rendered":"<p>&nbsp;<\/p>\n<table style=\"height: 835px;\" border=\"2px\" width=\"864\">\n<tbody>\n<tr>\n<td style=\"text-align: center;\" bgcolor=\"04A5FB\" width=\"80%\"><b>Sistema para el Desarrollo Integral de la Familia en el Municipio de Hecelchak\u00e1n&nbsp;<\/b><\/td>\n<td style=\"text-align: center;\" colspan=\"12\" bgcolor=\"04A5FB\" width=\"100%\"><strong>A\u00f1o<\/strong><\/td>\n<\/tr>\n<tr>\n<td bgcolor=\"04FBCE\" width=\"50%\"><strong>A) Informaci\u00f3n Contable<\/strong><\/td>\n<td style=\"text-align: center;\" colspan=\"4\" bgcolor=\"04FBCE\" width=\"50%\"><strong>2023<\/strong><\/td>\n<\/tr>\n<tr>\n<td>1.Estado de Actividades<\/td>\n<td style=\"text-align: center;\"><a href=\"https:\/\/www.hecelchakan.gob.mx\/hecelchakan\/wp-content\/uploads\/2024\/01\/A1.pdf\"><strong>&nbsp;Pdf 1<\/strong><\/a><\/td>\n<\/tr>\n<tr>\n<td style=\"text-align: left;\">2.Estado de la Situaci\u00f3n Financiera<\/td>\n<td style=\"text-align: center;\"><strong>&nbsp;<a href=\"https:\/\/www.hecelchakan.gob.mx\/hecelchakan\/wp-content\/uploads\/2024\/01\/A2.pdf\">Pdf 2<\/a><\/strong><\/td>\n<\/tr>\n<tr>\n<td style=\"text-align: left;\">3.Estado de Variaci\u00f3n en la hacienda p\u00fablica<\/td>\n<td style=\"text-align: center;\"><a href=\"https:\/\/www.hecelchakan.gob.mx\/hecelchakan\/wp-content\/uploads\/2024\/01\/A3.pdf\"><strong>Pdf 3<\/strong><\/a><\/td>\n<\/tr>\n<tr>\n<td style=\"text-align: left;\">4.Estado de cambios en la Situaci\u00f3n Financiera<\/td>\n<td style=\"text-align: center;\"><a href=\"https:\/\/www.hecelchakan.gob.mx\/hecelchakan\/wp-content\/uploads\/2024\/01\/A4.pdf\"><strong>&nbsp;Pdf 4<\/strong><\/a><\/td>\n<\/tr>\n<tr>\n<td>5.Estados de Flujo de Efectivo<\/td>\n<td style=\"text-align: center;\"><a href=\"https:\/\/www.hecelchakan.gob.mx\/hecelchakan\/wp-content\/uploads\/2024\/01\/A5.pdf\"><strong>&nbsp;Pdf 5<\/strong><\/a><\/td>\n<\/tr>\n<tr>\n<td style=\"text-align: left;\">6.Informes Sobre Pasivos Contingentes<\/td>\n<td style=\"text-align: center;\"><a href=\"https:\/\/www.hecelchakan.gob.mx\/hecelchakan\/wp-content\/uploads\/2024\/01\/A6.pdf\"><b>P<\/b><b>df 6<\/b><\/a><\/td>\n<\/tr>\n<tr>\n<td style=\"text-align: left;\">7. Notas a los Estados Financieros<\/td>\n<td style=\"text-align: center;\"><a href=\"https:\/\/www.hecelchakan.gob.mx\/hecelchakan\/wp-content\/uploads\/2024\/01\/A7.pdf\"><strong>Pdf 7<\/strong><\/a><\/td>\n<\/tr>\n<tr>\n<td style=\"text-align: left;\">8. Estado Anal\u00edtico del Activo<\/td>\n<td style=\"text-align: center;\"><a href=\"https:\/\/www.hecelchakan.gob.mx\/hecelchakan\/wp-content\/uploads\/2024\/01\/A8.pdf\"><strong>&nbsp;Pdf 8<\/strong><\/a><\/td>\n<\/tr>\n<tr>\n<td style=\"text-align: left;\">9. Estado Anal\u00edtico de la Deuda y Otras Pasivos<\/td>\n<td style=\"text-align: center;\"><a href=\"https:\/\/www.hecelchakan.gob.mx\/hecelchakan\/wp-content\/uploads\/2024\/01\/A9.pdf\"><strong>&nbsp;Pdf<\/strong><strong> 9<\/strong><\/a><\/td>\n<\/tr>\n<tr>\n<td style=\"text-align: center;\">&nbsp;~<\/td>\n<td style=\"text-align: center;\"><strong>&nbsp;~<\/strong><\/td>\n<\/tr>\n<tr>\n<td style=\"text-align: left;\" bgcolor=\"04FBCE\" width=\"50%\"><b>B) Informaci\u00f3n Presupuestaria<\/b><\/td>\n<td colspan=\"\" bgcolor=\"04FBCE\" width=\"50%\">&nbsp;<\/td>\n<\/tr>\n<tr>\n<td style=\"text-align: left;\">1. Estado Anal\u00edtico de Ingresos<\/td>\n<td style=\"text-align: center;\"><a href=\"https:\/\/www.hecelchakan.gob.mx\/hecelchakan\/wp-content\/uploads\/2024\/01\/B1.pdf\"><strong>Pdf 10<\/strong><\/a><\/td>\n<\/tr>\n<tr>\n<td style=\"text-align: left;\">&nbsp;Estado Anal\u00edtico del Ejercicio del Presupuesto<\/td>\n<td style=\"text-align: center;\"><strong>&nbsp;<\/strong><\/td>\n<\/tr>\n<tr>\n<td style=\"text-align: left;\">2. Clasificaci\u00f3n Administrativa<\/td>\n<td style=\"text-align: center;\"><a href=\"https:\/\/www.hecelchakan.gob.mx\/hecelchakan\/wp-content\/uploads\/2024\/01\/B2.pdf\"><strong>&nbsp;Pdf 11<\/strong><\/a><\/td>\n<\/tr>\n<tr>\n<td style=\"text-align: left;\">3. Clasificaci\u00f3n Econ\u00f3mica (Por Tipo de Gasto)<\/td>\n<td style=\"text-align: center;\"><a href=\"https:\/\/www.hecelchakan.gob.mx\/hecelchakan\/wp-content\/uploads\/2024\/01\/B3.pdf\"><b>&nbsp;<\/b><b><u>Pdf<\/u><\/b>&nbsp;12<\/a><\/td>\n<\/tr>\n<tr>\n<td style=\"text-align: left;\">4. Clasificaci\u00f3n por Objeto de Gasto (Capitulo y Concepto)<\/td>\n<td style=\"text-align: center;\"><a href=\"https:\/\/www.hecelchakan.gob.mx\/hecelchakan\/wp-content\/uploads\/2024\/01\/B4.pdf\"><strong>&nbsp;Pdf 13<\/strong><\/a><\/td>\n<\/tr>\n<tr>\n<td style=\"text-align: left;\">5. Clasificaci\u00f3n Funcional (Finalidad y Funci\u00f3n)<\/td>\n<td style=\"text-align: center;\"><a href=\"https:\/\/www.hecelchakan.gob.mx\/hecelchakan\/wp-content\/uploads\/2024\/01\/B5.pdf\"><strong>&nbsp;Pdf<\/strong> <strong>14<\/strong><\/a><\/td>\n<\/tr>\n<tr>\n<td style=\"text-align: left;\">6. Endeudamiento Neto<\/td>\n<td style=\"text-align: center;\"><a href=\"https:\/\/www.hecelchakan.gob.mx\/hecelchakan\/wp-content\/uploads\/2024\/01\/B6.pdf\"><strong>&nbsp;Pdf 15<\/strong><\/a><\/td>\n<\/tr>\n<tr>\n<td style=\"text-align: left;\">7. Intereses de la Deuda<\/td>\n<td style=\"text-align: center;\"><a href=\"https:\/\/www.hecelchakan.gob.mx\/hecelchakan\/wp-content\/uploads\/2024\/01\/B7.pdf\"><strong>&nbsp;Pdf 16<\/strong><\/a><\/td>\n<\/tr>\n<tr>\n<td style=\"text-align: left;\">8. Flujo de Fondos<\/td>\n<td style=\"text-align: center;\"><a href=\"https:\/\/www.hecelchakan.gob.mx\/hecelchakan\/wp-content\/uploads\/2024\/01\/B8.pdf\"><strong>&nbsp;Pdf 17<\/strong><\/a><\/td>\n<\/tr>\n<tr>\n<td style=\"text-align: left;\">9.- Indicadores de postura fiscal<\/td>\n<td style=\"text-align: center;\"><a href=\"https:\/\/www.hecelchakan.gob.mx\/hecelchakan\/wp-content\/uploads\/2024\/01\/B9.pdf\"><strong>Pdf 18<\/strong><\/a><\/td>\n<\/tr>\n<tr>\n<td style=\"text-align: left;\" bgcolor=\"04FBCE\" width=\"50%\"><strong>C) Informaci\u00f3n <\/strong><b>Program\u00e1tica<\/b><\/td>\n<td style=\"text-align: center;\" bgcolor=\"04FBCE\" width=\"50%\"><strong>&nbsp;<\/strong><\/td>\n<\/tr>\n<tr>\n<td style=\"text-align: left;\">1. Gasto por Categor\u00eda Program\u00e1tica<\/td>\n<td style=\"text-align: center;\"><a href=\"https:\/\/www.hecelchakan.gob.mx\/hecelchakan\/wp-content\/uploads\/2024\/01\/C1.pdf\"><strong>&nbsp;Pdf 19<\/strong><\/a><\/td>\n<\/tr>\n<tr>\n<td style=\"text-align: left;\">2. Programas y Proyecci\u00f3n de Inversi\u00f3n<\/td>\n<td style=\"text-align: center;\"><a href=\"https:\/\/www.hecelchakan.gob.mx\/hecelchakan\/wp-content\/uploads\/2024\/01\/C2.pdf\"><strong>&nbsp;Pdf 20<\/strong><\/a><\/td>\n<\/tr>\n<tr>\n<td style=\"text-align: left;\">3. Indicadores de Resultados<\/td>\n<td style=\"text-align: center;\"><a href=\"https:\/\/www.hecelchakan.gob.mx\/hecelchakan\/wp-content\/uploads\/2024\/01\/C3.pdf\"><strong>&nbsp;Pdf 21<\/strong><\/a><\/td>\n<\/tr>\n<tr>\n<td style=\"text-align: center;\">&nbsp;~<\/td>\n<td style=\"text-align: center;\"><strong>~&nbsp;<\/strong><\/td>\n<\/tr>\n<tr>\n<td style=\"text-align: center;\">&nbsp;<\/td>\n<td colspan=\"4\">&nbsp;<\/td>\n<\/tr>\n<tr>\n<td style=\"text-align: left;\" bgcolor=\"04FBCE\" width=\"50%\"><strong>D) Anexos<\/strong><\/td>\n<td style=\"text-align: center;\" bgcolor=\"04FBCE\" width=\"50%\"><strong>&nbsp;<\/strong><\/td>\n<\/tr>\n<tr>\n<td style=\"text-align: left;\">1. Relaci\u00f3n de Bienes Muebles que Componen el Patrimonio del Ente Publico<\/td>\n<td style=\"text-align: center;\"><a href=\"https:\/\/www.hecelchakan.gob.mx\/hecelchakan\/wp-content\/uploads\/2024\/01\/D1.pdf\"><strong>Pdf 22<\/strong><\/a><\/td>\n<\/tr>\n<tr>\n<td style=\"text-align: left;\">2. Relaci\u00f3n de Bienes Inmuebles que componen el patrimonio del Ente Publico<\/td>\n<td style=\"text-align: center;\"><a href=\"https:\/\/www.hecelchakan.gob.mx\/hecelchakan\/wp-content\/uploads\/2024\/01\/D2.pdf\"><strong>Pdf 23<\/strong><\/a><\/td>\n<\/tr>\n<tr>\n<td style=\"text-align: left;\">3. Relaci\u00f3n de Cuentas Bancarias Productivas Especificas<\/td>\n<td style=\"text-align: center;\"><a href=\"https:\/\/www.hecelchakan.gob.mx\/hecelchakan\/wp-content\/uploads\/2024\/01\/D3.pdf\"><strong>&nbsp;Pdf 24<\/strong><\/a><\/td>\n<\/tr>\n<tr>\n<td style=\"text-align: left;\">4. Formato del Ejercicio y Destino de Gasto Federalizado y Reintegros<\/td>\n<td style=\"text-align: center;\"><a href=\"https:\/\/www.hecelchakan.gob.mx\/hecelchakan\/wp-content\/uploads\/2024\/01\/D4.pdf\"><strong>&nbsp;Pdf 25<\/strong><\/a><\/td>\n<\/tr>\n<tr>\n<td style=\"text-align: left;\">5. Relaci\u00f2n de esquemas burs\u00e1tiles y de coberturas financieras.<\/td>\n<td style=\"text-align: center;\"><a href=\"https:\/\/www.hecelchakan.gob.mx\/hecelchakan\/wp-content\/uploads\/2024\/01\/D5.pdf\">&nbsp;<strong>Pdf 26<\/strong><\/a><\/td>\n<\/tr>\n<tr>\n<td style=\"text-align: left;\">6. Resultado de la evaluaci\u00f3n del desempe\u00f1o de los programas federales.<\/td>\n<td style=\"text-align: center;\" colspan=\"4\"><a href=\"https:\/\/www.hecelchakan.gob.mx\/hecelchakan\/wp-content\/uploads\/2024\/01\/D6.pdf\"><strong>Pdf 2<\/strong><strong>7<\/strong><\/a><\/td>\n<\/tr>\n<tr>\n<td style=\"text-align: left;\"><hr>\n<p><strong>E) Disposiciones en materia de ley de disciplina financiera.<\/strong><\/p>\n<\/td>\n<td style=\"text-align: center;\">&nbsp;<\/td>\n<\/tr>\n<tr>\n<td style=\"text-align: left;\">1. Estado de situaci\u00f3n financiera detallada-LDF<\/td>\n<td style=\"text-align: center;\"><a href=\"https:\/\/www.hecelchakan.gob.mx\/hecelchakan\/wp-content\/uploads\/2024\/01\/E1.pdf\"><strong>Pdf 28<\/strong><\/a><\/td>\n<\/tr>\n<tr>\n<td style=\"text-align: left;\">2. Informe anal\u00edtico de la deuda p\u00fablica y otros pasivos-LDF<\/td>\n<td style=\"text-align: center;\"><a href=\"https:\/\/www.hecelchakan.gob.mx\/hecelchakan\/wp-content\/uploads\/2024\/01\/E2.pdf\"><strong>Pdf 29<\/strong><\/a><\/td>\n<\/tr>\n<tr>\n<td style=\"text-align: left;\">3. Informe anal\u00edtico de obligaciones diferentes de financiamientos-LDF<\/td>\n<td style=\"text-align: center;\"><a href=\"https:\/\/www.hecelchakan.gob.mx\/hecelchakan\/wp-content\/uploads\/2024\/01\/E3.pdf\"><strong>Pdf 30<\/strong><\/a><\/td>\n<\/tr>\n<tr>\n<td style=\"text-align: left;\">&nbsp;4. Balance presupuestario-LDF<\/td>\n<td style=\"text-align: center;\"><a href=\"https:\/\/www.hecelchakan.gob.mx\/hecelchakan\/wp-content\/uploads\/2024\/01\/E4.pdf\"><strong>Pdf 31<\/strong><\/a><\/td>\n<\/tr>\n<tr>\n<td style=\"text-align: left;\">&nbsp;5. Estado anal\u00edtico de ingresos detallados-LDF<\/td>\n<td style=\"text-align: center;\"><a href=\"https:\/\/www.hecelchakan.gob.mx\/hecelchakan\/wp-content\/uploads\/2024\/01\/E5.pdf\"><strong>Pdf 32<\/strong><\/a><\/td>\n<\/tr>\n<tr>\n<td style=\"text-align: left;\">Estado Anal\u00edtico del ejercicio del presupuesto de egresos detallado-LDF<\/td>\n<td style=\"text-align: center;\">&nbsp;<\/td>\n<\/tr>\n<tr>\n<td style=\"text-align: left;\">6. Clasificaci\u00f3n por objeto del gasto.<\/td>\n<td style=\"text-align: center;\"><a href=\"https:\/\/www.hecelchakan.gob.mx\/hecelchakan\/wp-content\/uploads\/2024\/01\/E6.pdf\"><strong>Pdf 33<\/strong><\/a><\/td>\n<\/tr>\n<tr>\n<td style=\"text-align: left;\">7. Clasificaci\u00f3n Administrativa.<\/td>\n<td style=\"text-align: center;\"><a href=\"https:\/\/www.hecelchakan.gob.mx\/hecelchakan\/wp-content\/uploads\/2024\/01\/E7.pdf\"><strong>Pdf 34<\/strong><\/a><\/td>\n<\/tr>\n<tr>\n<td style=\"text-align: left;\">8. Clasificaci\u00f3n Funcional.<\/td>\n<td style=\"text-align: center;\"><a href=\"https:\/\/www.hecelchakan.gob.mx\/hecelchakan\/wp-content\/uploads\/2024\/01\/E8.pdf\"><strong>Pdf 35<\/strong><\/a><\/td>\n<\/tr>\n<tr>\n<td style=\"text-align: left;\">9. Clasificaci\u00f3n Servicios Personales por categor\u00eda.<\/td>\n<td style=\"text-align: center;\"><a href=\"https:\/\/www.hecelchakan.gob.mx\/hecelchakan\/wp-content\/uploads\/2024\/01\/E9.pdf\"><strong>Pdf 36<\/strong><\/a><\/td>\n<\/tr>\n<tr>\n<td style=\"text-align: left;\"><strong>F) Gu\u00eda de cumplimiento de la ley de disciplina financiera de las entidades Federativas y municipales.<\/strong><\/td>\n<td style=\"text-align: center;\"><a href=\"https:\/\/www.hecelchakan.gob.mx\/hecelchakan\/wp-content\/uploads\/2024\/01\/E10.pdf\"><strong>Pdf 37<\/strong><\/a><\/td>\n<\/tr>\n<\/tbody>\n<\/table>\n<p><!--more--><\/p>\n<p>&nbsp;<\/p>\n<p><strong>&nbsp;~<\/strong><\/p>\n\n\n<p><\/p>\n","protected":false},"excerpt":{"rendered":"<p>&nbsp; Sistema para el Desarrollo Integral de la Familia en el Municipio de Hecelchak\u00e1n&nbsp; A\u00f1o A) Informaci\u00f3n Contable 2023 1.Estado de Actividades &nbsp;Pdf 1 2.Estado de la Situaci\u00f3n Financiera &nbsp;Pdf 2 3.Estado de Variaci\u00f3n en la hacienda p\u00fablica Pdf 3 4.Estado de cambios en la Situaci\u00f3n Financiera &nbsp;Pdf 4 5.Estados de Flujo de Efectivo &nbsp;Pdf [&hellip;]<\/p>\n","protected":false},"author":1,"featured_media":0,"parent":0,"menu_order":0,"comment_status":"closed","ping_status":"closed","template":"","meta":{"ngg_post_thumbnail":0,"footnotes":""},"class_list":["post-21439","page","type-page","status-publish","hentry"],"_links":{"self":[{"href":"https:\/\/www.hecelchakan.gob.mx\/hecelchakan\/wp-json\/wp\/v2\/pages\/21439","targetHints":{"allow":["GET"]}}],"collection":[{"href":"https:\/\/www.hecelchakan.gob.mx\/hecelchakan\/wp-json\/wp\/v2\/pages"}],"about":[{"href":"https:\/\/www.hecelchakan.gob.mx\/hecelchakan\/wp-json\/wp\/v2\/types\/page"}],"author":[{"embeddable":true,"href":"https:\/\/www.hecelchakan.gob.mx\/hecelchakan\/wp-json\/wp\/v2\/users\/1"}],"replies":[{"embeddable":true,"href":"https:\/\/www.hecelchakan.gob.mx\/hecelchakan\/wp-json\/wp\/v2\/comments?post=21439"}],"version-history":[{"count":8,"href":"https:\/\/www.hecelchakan.gob.mx\/hecelchakan\/wp-json\/wp\/v2\/pages\/21439\/revisions"}],"predecessor-version":[{"id":24809,"href":"https:\/\/www.hecelchakan.gob.mx\/hecelchakan\/wp-json\/wp\/v2\/pages\/21439\/revisions\/24809"}],"wp:attachment":[{"href":"https:\/\/www.hecelchakan.gob.mx\/hecelchakan\/wp-json\/wp\/v2\/media?parent=21439"}],"curies":[{"name":"wp","href":"https:\/\/api.w.org\/{rel}","templated":true}]}}