{"id":265,"date":"2016-04-09T17:11:50","date_gmt":"2016-04-09T17:11:50","guid":{"rendered":"http:\/\/hecelchakan.gob.mx\/?page_id=265"},"modified":"2017-12-13T15:38:37","modified_gmt":"2017-12-13T15:38:37","slug":"armonizacion-contable-dif","status":"publish","type":"page","link":"https:\/\/www.hecelchakan.gob.mx\/hecelchakan\/armonizacion-contable-dif\/","title":{"rendered":"Armonizaci\u00f3n Contable DIF 2016"},"content":{"rendered":"<h3 style=\"text-align: left;\">&nbsp;<\/h3>\n<h4 style=\"text-align: left;\"><em>&nbsp; &nbsp; &nbsp; &nbsp; &nbsp; &nbsp; ARMONIZACI\u00d3N CONTABLE DIF 2016<\/em><\/h4>\n<table border=\"2px\" width=\"50%\"><!-- Lo cambiaremos por CSS --><\/p>\n<tbody>\n<tr>\n<td style=\"text-align: center;\" colspan=\"1\" bgcolor=\"Navy\">\n<h5><span style=\"color: #ffffff;\"><em>Contable<\/em><\/span><\/h5>\n<\/td>\n<td style=\"text-align: center;\" colspan=\"4\" bgcolor=\"Navy\">\n<h5><span style=\"color: #ffffff;\"><em>Trimestres 2016<\/em><\/span><\/h5>\n<\/td>\n<\/tr>\n<tr>\n<td>\n<p style=\"text-align: left;\"><em>&nbsp;Es<span style=\"color: #000000;\">tado A<\/span><\/em><span style=\"color: #000000;\"><i>nal\u00edtico&nbsp;<\/i><em>del Activo.<\/em><\/span><\/p>\n<\/td>\n<td style=\"text-align: center;\">\n<p style=\"text-align: left;\"><span style=\"color: #000000;\"><a href=\"https:\/\/www.hecelchakan.gob.mx\/hecelchakan\/wp-content\/uploads\/2016\/04\/Estado_anal\u00edtico_del_activo.jpg\"><em>1er&nbsp;<\/em><\/a><\/span><\/p>\n<\/td>\n<td style=\"text-align: center;\"><span style=\"color: #000000;\"><a href=\"https:\/\/www.hecelchakan.gob.mx\/hecelchakan\/wp-content\/uploads\/2016\/04\/Estado_anal\u00edtico_del_activo-1.jpg\"><em>2do&nbsp;<\/em><\/a><\/span><\/td>\n<td style=\"text-align: center;\"><span style=\"color: #000000;\"><a href=\"https:\/\/www.hecelchakan.gob.mx\/hecelchakan\/wp-content\/uploads\/2016\/04\/5-2.pdf\">3er<\/a><\/span><\/td>\n<td>\n<p style=\"text-align: center;\"><span style=\"color: #000000;\"><a href=\"https:\/\/www.hecelchakan.gob.mx\/hecelchakan\/wp-content\/uploads\/2016\/04\/analitico_del_activo.jpg\">4to&nbsp;<\/a><\/span><\/p>\n<\/td>\n<\/tr>\n<tr>\n<td><span style=\"color: #000000;\"><i>Anal\u00edtico<\/i><em>&nbsp;Del Pasivo<\/em><\/span><\/td>\n<td><span style=\"color: #000000;\"><em>1er<\/em><\/span><\/td>\n<td><span style=\"color: #000000;\"><em>&nbsp;<\/em><\/span><\/td>\n<td>\n<p style=\"text-align: center;\"><span style=\"color: #000000;\"><em>&nbsp;<\/em><\/span><\/p>\n<\/td>\n<td>\n<p style=\"text-align: center;\"><span style=\"color: #000000;\"><em>&nbsp;<\/em><\/span><\/p>\n<\/td>\n<\/tr>\n<tr>\n<td><span style=\"color: #000000;\">Estado de Actividades<\/span><\/td>\n<td><span style=\"color: #000000;\"><a href=\"https:\/\/www.hecelchakan.gob.mx\/hecelchakan\/wp-content\/uploads\/2016\/04\/Estado-de-Actividades.pdf\">1er<\/a><\/span><\/td>\n<td><span style=\"color: #000000;\"><em> <a href=\"https:\/\/www.hecelchakan.gob.mx\/hecelchakan\/wp-content\/uploads\/2016\/04\/2.pdf\">2do<\/a><\/em><\/span><\/td>\n<td>\n<p style=\"text-align: center;\"><span style=\"color: #000000;\"><a href=\"https:\/\/www.hecelchakan.gob.mx\/hecelchakan\/wp-content\/uploads\/2016\/04\/2-1.pdf\">3er<\/a><\/span><\/p>\n<\/td>\n<td>\n<p style=\"text-align: center;\"><span style=\"color: #000000;\"><a href=\"https:\/\/www.hecelchakan.gob.mx\/hecelchakan\/wp-content\/uploads\/2016\/04\/estado_de_actividades.jpg\"><em>4to&nbsp;<\/em><\/a><\/span><\/p>\n<\/td>\n<\/tr>\n<tr>\n<td><span style=\"color: #000000;\"><em>Estado de Cambio de la&nbsp;Situaci\u00f3n&nbsp;Financiera &nbsp; &nbsp;<\/em><\/span><\/td>\n<td><span style=\"color: #000000;\"><em>1er<\/em><\/span><\/td>\n<td><span style=\"color: #000000;\"><em>&nbsp;<a href=\"https:\/\/www.hecelchakan.gob.mx\/hecelchakan\/wp-content\/uploads\/2016\/04\/Estado_de_cambios_en_la_situaci\u00f3n_financiera-1.jpghttps:\/\/www.hecelchakan.gob.mx\/hecelchakan\/wp-content\/uploads\/2016\/04\/Estado_de_cambios_en_la_situaci\u00f3n_financiera-1.jpg\">2do<\/a><\/em><\/span><\/td>\n<td>\n<p style=\"text-align: center;\"><span style=\"color: #000000;\"><a href=\"https:\/\/www.hecelchakan.gob.mx\/hecelchakan\/wp-content\/uploads\/2016\/04\/Estado_de_cambios_en_la_situaci\u00f3n_financiera-2.jpg\">3er&nbsp;<\/a><\/span><\/p>\n<\/td>\n<td>\n<p style=\"text-align: center;\"><span style=\"color: #000000;\"><a href=\"https:\/\/www.hecelchakan.gob.mx\/hecelchakan\/wp-content\/uploads\/2016\/04\/cambios_en_la_situacion_financiera.jpg\">4to&nbsp;<\/a><\/span><\/p>\n<\/td>\n<\/tr>\n<tr>\n<td><span style=\"color: #000000;\"><em>Estado de Flujo Efectivo<\/em><\/span><\/td>\n<td><span style=\"color: #000000;\"><a href=\"https:\/\/www.hecelchakan.gob.mx\/hecelchakan\/wp-content\/uploads\/2016\/04\/4.pdf\">1er<\/a><\/span><\/td>\n<td><span style=\"color: #000000;\"><em> <a href=\"https:\/\/www.hecelchakan.gob.mx\/hecelchakan\/wp-content\/uploads\/2016\/04\/4-1.pdf\">2do<\/a><\/em><\/span><\/td>\n<td><span style=\"color: #000000;\"><a href=\"https:\/\/www.hecelchakan.gob.mx\/hecelchakan\/wp-content\/uploads\/2016\/04\/4-2.pdf\">3er<\/a><\/span><\/td>\n<td>\n<p style=\"text-align: center;\"><span style=\"color: #000000;\"><a href=\"https:\/\/www.hecelchakan.gob.mx\/hecelchakan\/wp-content\/uploads\/2016\/04\/flujo_de_efectivo.jpg\">4to<\/a>&nbsp;<\/span><\/p>\n<\/td>\n<\/tr>\n<tr>\n<td><span style=\"color: #000000;\"><em>Estado de Situaci\u00f3n&nbsp;Financiera<\/em><\/span><\/td>\n<td><span style=\"color: #000000;\"><a href=\"https:\/\/www.hecelchakan.gob.mx\/hecelchakan\/wp-content\/uploads\/2016\/04\/Estado-de-situacion-financiera.pdf\">1er<\/a><\/span><\/td>\n<td><span style=\"color: #000000;\"><em> <a href=\"https:\/\/www.hecelchakan.gob.mx\/hecelchakan\/wp-content\/uploads\/2016\/04\/1.pdf\">2do<\/a><\/em><\/span><\/td>\n<td><span style=\"color: #000000;\"><a href=\"https:\/\/www.hecelchakan.gob.mx\/hecelchakan\/wp-content\/uploads\/2016\/04\/1-1.pdf\">3er<\/a><\/span><\/td>\n<td><span style=\"color: #000000;\">&nbsp;<a href=\"https:\/\/www.hecelchakan.gob.mx\/hecelchakan\/wp-content\/uploads\/2016\/04\/situacion_financiera.jpg\">4to<\/a><\/span><\/td>\n<\/tr>\n<tr>\n<td><span style=\"color: #000000;\"><em>Estado de Variaciones en la Hacienda Publica<\/em><\/span><\/td>\n<td><span style=\"color: #000000;\"><a href=\"https:\/\/www.hecelchakan.gob.mx\/hecelchakan\/wp-content\/uploads\/2016\/04\/3.pdf\">1er<\/a><\/span><\/td>\n<td><span style=\"color: #000000;\"><em> <a href=\"https:\/\/www.hecelchakan.gob.mx\/hecelchakan\/wp-content\/uploads\/2016\/04\/3-1.pdf\">2do<\/a><\/em><\/span><\/td>\n<td style=\"text-align: center;\"><span style=\"color: #000000;\"><a href=\"https:\/\/www.hecelchakan.gob.mx\/hecelchakan\/wp-content\/uploads\/2016\/04\/3-2.pdf\">3er<\/a><\/span><\/td>\n<td><span style=\"color: #000000;\">&nbsp;<a href=\"https:\/\/www.hecelchakan.gob.mx\/hecelchakan\/wp-content\/uploads\/2016\/04\/variacion_en_la_hacienda_publica.jpg\"><em>4to<\/em><\/a><\/span><\/td>\n<\/tr>\n<tr>\n<td><span style=\"color: #000000;\"><em>&nbsp;Notas a los Estados Financieros<\/em><\/span><\/td>\n<td><span style=\"color: #000000;\"><em><a href=\"https:\/\/www.hecelchakan.gob.mx\/hecelchakan\/wp-content\/uploads\/2016\/04\/NOTAS-A-LOS-ESTADOS-MARZO-2016-copia.pdf\">1er<\/a><\/em><\/span><\/td>\n<td><span style=\"color: #000000;\"><em>&nbsp;<a href=\"https:\/\/www.hecelchakan.gob.mx\/hecelchakan\/wp-content\/uploads\/2016\/04\/NOTAS-A-LOS-ESTADOS-JUNIO-2016-copia-copia.pdf\">2do<\/a><\/em><\/span><\/td>\n<td style=\"text-align: center;\"><span style=\"color: #000000;\"><em><a href=\"https:\/\/www.hecelchakan.gob.mx\/hecelchakan\/wp-content\/uploads\/2016\/04\/NOTAS-A-LOS-ESTADOS-FINANCIEROS-SEPTIEMBRE-2016.pdf\">3er<\/a>&nbsp;<\/em><\/span><\/td>\n<td style=\"text-align: center;\"><span style=\"color: #000000;\"><em>&nbsp;<\/em><a href=\"https:\/\/www.hecelchakan.gob.mx\/hecelchakan\/wp-content\/uploads\/2016\/04\/NOTAS_DICIEMBRE_2016.pdf\"><em>4to<\/em><\/a><\/span><\/td>\n<\/tr>\n<tr>\n<td><span style=\"color: #000000;\"><em>Estado Anal\u00edtico De La Deuda y Otros Pasivos<\/em><\/span><\/td>\n<td><span style=\"color: #000000;\"><a href=\"https:\/\/www.hecelchakan.gob.mx\/hecelchakan\/wp-content\/uploads\/2016\/04\/5.pdf\">1er<\/a><\/span><\/td>\n<td><span style=\"color: #000000;\"><a href=\"https:\/\/www.hecelchakan.gob.mx\/hecelchakan\/wp-content\/uploads\/2016\/04\/5-1.pdf\">2do<\/a><\/span><\/td>\n<td style=\"text-align: center;\"><span style=\"color: #000000;\"><a href=\"https:\/\/www.hecelchakan.gob.mx\/hecelchakan\/wp-content\/uploads\/2016\/04\/6-2.pdf\">3er<\/a><\/span><\/p>\n<p>&nbsp;<\/td>\n<td style=\"text-align: center;\"><span style=\"color: #000000;\"><a href=\"https:\/\/www.hecelchakan.gob.mx\/hecelchakan\/notas-a-los-estados-financieros\/\"><em>&nbsp;<\/em><\/a><a href=\"https:\/\/www.hecelchakan.gob.mx\/hecelchakan\/wp-content\/uploads\/2016\/04\/analitico_de_la_deuda_y_otros_pasivos.jpg\"><em>4to<\/em><\/a><\/span><\/td>\n<\/tr>\n<tr>\n<td><span style=\"color: #000000;\"><em>Informe de Pasivos Contingentes<\/em><\/span><\/td>\n<td><span style=\"color: #000000;\"><em>1er<\/em><\/span><\/td>\n<td><span style=\"color: #000000;\">&nbsp;<\/span><\/td>\n<td style=\"text-align: center;\"><span style=\"color: #000000;\"><em>3er<\/em><\/span><\/td>\n<td style=\"text-align: center;\"><span style=\"color: #000000;\"><a href=\"https:\/\/www.hecelchakan.gob.mx\/hecelchakan\/notas-a-los-estados-financieros\/\"><em>&nbsp;<\/em><\/a><em>4to<\/em><\/span><\/td>\n<\/tr>\n<tr>\n<td colspan=\"5\" bgcolor=\"Navy\">\n<h5 style=\"text-align: center;\"><span style=\"color: #ffffff;\"><i>Presupuestario<\/i><\/span><\/h5>\n<\/td>\n<\/tr>\n<tr>\n<td><span style=\"color: #000000;\"><i>Anal\u00edtico<\/i><em>&nbsp;de Ingresos&nbsp;<\/em><\/span><\/td>\n<td><span style=\"color: #000000;\"><a href=\"https:\/\/www.hecelchakan.gob.mx\/hecelchakan\/wp-content\/uploads\/2016\/04\/Estado_anal\u00edtico_de_ingresos-1.jpg\">&nbsp;1er<\/a><\/span><\/td>\n<td><span style=\"color: #000000;\"><em> <a href=\"https:\/\/www.hecelchakan.gob.mx\/hecelchakan\/wp-content\/uploads\/2016\/04\/6-1.pdf\">2do<\/a><\/em><\/span><\/td>\n<td><span style=\"color: #000000;\"><a href=\"https:\/\/www.hecelchakan.gob.mx\/hecelchakan\/wp-content\/uploads\/2016\/04\/Estado_anal\u00edtico_de_ingresos-3.jpg\">&nbsp;<em>3er<\/em><\/a><\/span><\/td>\n<td>\n<p style=\"text-align: center;\"><span style=\"color: #000000;\"><a href=\"https:\/\/www.hecelchakan.gob.mx\/hecelchakan\/wp-content\/uploads\/2016\/04\/analitico_de_ingresos.jpg\"><em>4to&nbsp;<\/em><\/a><\/span><\/p>\n<\/td>\n<\/tr>\n<tr>\n<td><span style=\"color: #000000;\"><i>Clasificaci\u00f3n<\/i><em>&nbsp;Administrativa<\/em><\/span><\/td>\n<td><span style=\"color: #000000;\"><em> <a href=\"https:\/\/www.hecelchakan.gob.mx\/hecelchakan\/wp-content\/uploads\/2016\/04\/6.pdf\">1er<\/a><\/em><\/span><\/td>\n<td><span style=\"color: #000000;\"><em><a href=\"https:\/\/www.hecelchakan.gob.mx\/hecelchakan\/wp-content\/uploads\/2016\/04\/7-1.pdf\">2do<\/a><\/em><\/span><\/td>\n<td>\n<p style=\"text-align: center;\"><span style=\"color: #000000;\"><a href=\"https:\/\/www.hecelchakan.gob.mx\/hecelchakan\/wp-content\/uploads\/2016\/04\/7-2.pdf\">3er<\/a><\/span><\/p>\n<\/td>\n<td>\n<p style=\"text-align: center;\"><span style=\"color: #000000;\"><a href=\"https:\/\/www.hecelchakan.gob.mx\/hecelchakan\/wp-content\/uploads\/2016\/04\/clasificacion_administrativa.jpg\"><em>4to&nbsp;<\/em><\/a><\/span><\/p>\n<\/td>\n<\/tr>\n<tr>\n<td><span style=\"color: #000000;\"><i>Clasificaci\u00f3n<\/i><em>&nbsp;<\/em><i>Econ\u00f3mica<\/i><\/span><\/td>\n<td><span style=\"color: #000000;\"><em> <a href=\"https:\/\/www.hecelchakan.gob.mx\/hecelchakan\/wp-content\/uploads\/2016\/04\/7.pdf\">1er<\/a><\/em><\/span><\/td>\n<td><span style=\"color: #000000;\"><em><a href=\"https:\/\/www.hecelchakan.gob.mx\/hecelchakan\/wp-content\/uploads\/2016\/04\/8-1.pdf\">2do<\/a><\/em><\/span><\/td>\n<td>\n<p style=\"text-align: center;\"><span style=\"color: #000000;\"><a href=\"https:\/\/www.hecelchakan.gob.mx\/hecelchakan\/wp-content\/uploads\/2016\/04\/8-2.pdf\">3er<\/a><\/span><\/p>\n<\/td>\n<td>\n<p style=\"text-align: center;\"><span style=\"color: #000000;\"><a href=\"https:\/\/www.hecelchakan.gob.mx\/hecelchakan\/wp-content\/uploads\/2016\/04\/clasificacion_economica.jpg\"><em>4to&nbsp;<\/em><\/a><\/span><\/p>\n<\/td>\n<\/tr>\n<tr>\n<td><span style=\"color: #000000;\"><i>Clasificaci\u00f3n<\/i><em>&nbsp;Funcional<\/em><\/span><\/td>\n<td><span style=\"color: #000000;\"><em> <a href=\"https:\/\/www.hecelchakan.gob.mx\/hecelchakan\/wp-content\/uploads\/2016\/04\/10.pdf\">1er<\/a><\/em><\/span><\/td>\n<td><span style=\"color: #000000;\"><em> <a href=\"https:\/\/www.hecelchakan.gob.mx\/hecelchakan\/wp-content\/uploads\/2016\/04\/11-1.pdf\">2do<\/a><\/em><\/span><\/td>\n<td>\n<p style=\"text-align: center;\"><span style=\"color: #000000;\"><a href=\"https:\/\/www.hecelchakan.gob.mx\/hecelchakan\/wp-content\/uploads\/2016\/04\/11-2.pdf\">3er<\/a><\/span><\/p>\n<\/td>\n<td>\n<p style=\"text-align: center;\"><span style=\"color: #000000;\"><a href=\"https:\/\/www.hecelchakan.gob.mx\/hecelchakan\/wp-content\/uploads\/2016\/04\/clasificacion_funcional.jpg\"><em>4to&nbsp;<\/em><\/a><\/span><\/p>\n<\/td>\n<\/tr>\n<tr>\n<td><span style=\"color: #000000;\"><i>Clasificaci\u00f3n<\/i><em>&nbsp;por Objeto del Gasto<\/em><\/span><\/td>\n<td><span style=\"color: #000000;\"><em>&nbsp;<a href=\"https:\/\/www.hecelchakan.gob.mx\/hecelchakan\/wp-content\/uploads\/2016\/04\/8.pdf\">1er<\/a> <a href=\"https:\/\/www.hecelchakan.gob.mx\/hecelchakan\/wp-content\/uploads\/2016\/04\/9.pdf\">1.2<\/a><\/em><\/span><\/td>\n<td>\n<p style=\"text-align: left;\"><span style=\"color: #000000;\"><em><a href=\"https:\/\/www.hecelchakan.gob.mx\/hecelchakan\/wp-content\/uploads\/2016\/04\/9-1.pdf\">2do<\/a> <a href=\"https:\/\/www.hecelchakan.gob.mx\/hecelchakan\/wp-content\/uploads\/2016\/04\/10-1.pdf\">2do<\/a><\/em><\/span><\/p>\n<\/td>\n<td style=\"text-align: center;\"><span style=\"color: #000000;\"><em><a href=\"https:\/\/www.hecelchakan.gob.mx\/hecelchakan\/wp-content\/uploads\/2016\/04\/9-2.pdf\">3.1<\/a> <a href=\"https:\/\/www.hecelchakan.gob.mx\/hecelchakan\/wp-content\/uploads\/2016\/04\/10-2.pdf\">3.2<\/a><\/em><\/span><\/td>\n<td>\n<p style=\"text-align: center;\"><span style=\"color: #000000;\"><em><a href=\"https:\/\/www.hecelchakan.gob.mx\/hecelchakan\/wp-content\/uploads\/2016\/04\/clasificacion_por_objeto_del_gasto1.jpg\">4t<\/a>&nbsp;<a href=\"https:\/\/www.hecelchakan.gob.mx\/hecelchakan\/wp-content\/uploads\/2016\/04\/clasificacion_por-objeto_del_gasto2.jpg\">4<\/a><\/em><\/span><\/p>\n<\/td>\n<\/tr>\n<tr>\n<td><span style=\"color: #000000;\"><em>Endeudamiento Neto<\/em><\/span><\/td>\n<td><span style=\"color: #000000;\"><a href=\"https:\/\/www.hecelchakan.gob.mx\/hecelchakan\/wp-content\/uploads\/2016\/04\/Endeudamiento_neto-4.jpg\"><em>1er<\/em><\/a><\/span><\/td>\n<td><span style=\"color: #000000;\"><em>&nbsp;<a href=\"https:\/\/www.hecelchakan.gob.mx\/hecelchakan\/wp-content\/uploads\/2016\/04\/Endeudamiento_neto-5.jpg\">2do<\/a><\/em><\/span><\/td>\n<td style=\"text-align: center;\"><span style=\"color: #000000;\"><em><a href=\"https:\/\/www.hecelchakan.gob.mx\/hecelchakan\/wp-content\/uploads\/2016\/04\/Endeudamiento_neto-6.jpg\">3er<\/a>&nbsp;<\/em><\/span><\/td>\n<td style=\"text-align: center;\"><span style=\"color: #000000;\"><a href=\"https:\/\/www.hecelchakan.gob.mx\/hecelchakan\/wp-content\/uploads\/2016\/04\/endeudamiento_neto.jpg\"><em>4to&nbsp;<\/em><\/a><\/span><\/td>\n<\/tr>\n<tr>\n<td><span style=\"color: #000000;\">Indicadores de Resultados<\/span><\/td>\n<td><span style=\"color: #000000;\"><a href=\"https:\/\/www.hecelchakan.gob.mx\/hecelchakan\/wp-content\/uploads\/2016\/04\/Indicadores_de_postura_fiscal.jpg\"><em>1er<\/em><\/a><\/span><\/td>\n<td><span style=\"color: #000000;\"><em>&nbsp;<a href=\"https:\/\/www.hecelchakan.gob.mx\/hecelchakan\/wp-content\/uploads\/2016\/04\/Indicadores_de_postura_fiscal-1.jpg\">2do<\/a><\/em><\/span><\/td>\n<td style=\"text-align: center;\"><span style=\"color: #000000;\"><em><a href=\"https:\/\/www.hecelchakan.gob.mx\/hecelchakan\/wp-content\/uploads\/2016\/04\/Indicadores_de_postura_fiscal-2.jpg\">3er<\/a>&nbsp;<\/em><\/span><\/td>\n<td style=\"text-align: center;\"><span style=\"color: #000000;\"><em><a href=\"https:\/\/www.hecelchakan.gob.mx\/hecelchakan\/wp-content\/uploads\/2016\/04\/indicadores_de_resultados.jpg\">4to<\/a>&nbsp;<\/em><\/span><\/td>\n<\/tr>\n<tr>\n<td><span style=\"color: #000000;\">Intereses de la Deuda<\/span><\/td>\n<td><span style=\"color: #000000;\"><a href=\"https:\/\/www.hecelchakan.gob.mx\/hecelchakan\/wp-content\/uploads\/2016\/04\/Intereses_de_la_deuda-3.jpg\"><em>1er<\/em><\/a><\/span><\/td>\n<td><span style=\"color: #000000;\"><em>&nbsp;<a href=\"https:\/\/www.hecelchakan.gob.mx\/hecelchakan\/wp-content\/uploads\/2016\/04\/Intereses_de_la_deuda-4.jpg\">2do<\/a><\/em><\/span><\/td>\n<td style=\"text-align: center;\"><span style=\"color: #000000;\"><a href=\"https:\/\/www.hecelchakan.gob.mx\/hecelchakan\/wp-content\/uploads\/2016\/04\/Intereses_de_la_deuda-5.jpg\"><em>3er&nbsp;<\/em><\/a><\/span><\/td>\n<td style=\"text-align: center;\"><span style=\"color: #000000;\"><em><a href=\"https:\/\/www.hecelchakan.gob.mx\/hecelchakan\/wp-content\/uploads\/2016\/04\/intereses_de_la_deuda.jpg\">4to<\/a>&nbsp;<\/em><\/span><\/td>\n<\/tr>\n<tr>\n<td colspan=\"5\" bgcolor=\"Navy\">\n<h5 style=\"text-align: center;\"><span style=\"color: #ffffff;\"><i>Program\u00e1tica<\/i><\/span><\/h5>\n<\/td>\n<\/tr>\n<tr>\n<td><span style=\"color: #000000;\"><i>Clasificaci\u00f3n<\/i><em>&nbsp;<\/em><i>Program\u00e1tica<\/i><\/span><\/td>\n<td><em> <a href=\"https:\/\/www.hecelchakan.gob.mx\/hecelchakan\/wp-content\/uploads\/2016\/04\/11.pdf\">1er<\/a><\/em><\/td>\n<td><em> <a href=\"https:\/\/www.hecelchakan.gob.mx\/hecelchakan\/wp-content\/uploads\/2016\/04\/12.pdf\">2do<\/a><\/em><\/td>\n<td>\n<p style=\"text-align: center;\"><a href=\"https:\/\/www.hecelchakan.gob.mx\/hecelchakan\/wp-content\/uploads\/2016\/04\/12-1.pdf\">3er<\/a><\/p>\n<\/td>\n<td>\n<p style=\"text-align: center;\">&nbsp;<a href=\"https:\/\/www.hecelchakan.gob.mx\/hecelchakan\/wp-content\/uploads\/2016\/04\/categoria_programatica.jpg\">4to<\/a><\/p>\n<\/td>\n<\/tr>\n<tr>\n<td colspan=\"5\" bgcolor=\"Navy\">\n<h5 style=\"text-align: center;\"><span style=\"color: #ffffff;\"><em>Anexos<\/em><\/span><\/h5>\n<\/td>\n<\/tr>\n<tr>\n<td><span style=\"color: #000000;\"><em>Calendario de&nbsp;Egreso &nbsp;<\/em><\/span><\/td>\n<td><span style=\"color: #000000;\"><em>&nbsp;1er<\/em><\/span><\/td>\n<td><span style=\"color: #000000;\"><em>&nbsp;<\/em><\/span><\/td>\n<td>\n<p style=\"text-align: center;\"><span style=\"color: #000000;\"><em>&nbsp;<\/em><\/span><\/p>\n<\/td>\n<td>\n<p style=\"text-align: center;\"><span style=\"color: #000000;\"><em><a href=\"https:\/\/www.hecelchakan.gob.mx\/hecelchakan\/wp-content\/uploads\/2016\/04\/calendario_de_egresos.pdf\">4to<\/a>&nbsp;<\/em><\/span><\/p>\n<\/td>\n<\/tr>\n<tr>\n<td><span style=\"color: #000000;\">&nbsp;B<em>ienes que Conforman El Patrimonio<\/em><\/span><\/td>\n<td><span style=\"color: #000000;\"><em>&nbsp;1er<\/em><\/span><\/td>\n<td><span style=\"color: #000000;\"><em>&nbsp;<\/em><\/span><\/td>\n<td><span style=\"color: #000000;\"><em>&nbsp;<\/em><\/span><\/td>\n<td>\n<p style=\"text-align: center;\"><span style=\"color: #000000;\"><em>&nbsp;<\/em><\/span><\/p>\n<\/td>\n<\/tr>\n<tr>\n<td><span style=\"color: #000000;\"><em>&nbsp;Montos Pagados Por Ayudas y Subsidios<\/em><\/span><\/td>\n<td><span style=\"color: #000000;\"><a href=\"https:\/\/www.hecelchakan.gob.mx\/hecelchakan\/wp-content\/uploads\/2016\/04\/1er-trimestres-2016.pdf\">&nbsp;1er<\/a><\/span><\/td>\n<td><span style=\"color: #000000;\"><a href=\"https:\/\/www.hecelchakan.gob.mx\/hecelchakan\/wp-content\/uploads\/2016\/04\/2do-trimestre.pdf\">2do<\/a><\/span><\/td>\n<td style=\"text-align: center;\"><span style=\"color: #000000;\"><a href=\"https:\/\/www.hecelchakan.gob.mx\/hecelchakan\/wp-content\/uploads\/2016\/04\/tercer-trimestre-2016.pdf\">3er&nbsp;<\/a><\/span><\/td>\n<td style=\"text-align: center;\"><span style=\"color: #000000;\"><em> <a href=\"https:\/\/www.hecelchakan.gob.mx\/hecelchakan\/wp-content\/uploads\/2016\/04\/4to-trimestre.pdf\">4to<\/a><\/em><\/span><\/td>\n<\/tr>\n<tr>\n<td><span style=\"color: #000000;\">C<i>alendario De Ingresos<\/i><\/span><\/td>\n<td><span style=\"color: #000000;\"><a href=\"https:\/\/www.hecelchakan.gob.mx\/hecelchakan\/wp-content\/uploads\/2016\/04\/CALENDARIO-DE-INGRESOS-BASE-MENSUAL-ENERO-MARZO.jpg\"><em>&nbsp;1er<\/em><\/a><\/span><\/td>\n<td><span style=\"color: #000000;\"><a href=\"https:\/\/www.hecelchakan.gob.mx\/hecelchakan\/wp-content\/uploads\/2016\/04\/CALENDARIO-DE-INGRESOS-BASE-MENSUAL-ENERO-JUNIO.jpg\"><em>&nbsp;2do<\/em><\/a><\/span><\/td>\n<td style=\"text-align: center;\"><span style=\"color: #000000;\"><a href=\"https:\/\/www.hecelchakan.gob.mx\/hecelchakan\/wp-content\/uploads\/2016\/04\/CALENDARIO-DE-INGRESOS-BASE-MENSUAL-ENERO-SEPTIEMBRE.jpg\"><em>3er&nbsp;<\/em><\/a><\/span><\/td>\n<td style=\"text-align: center;\"><span style=\"color: #000000;\"><a href=\"https:\/\/www.hecelchakan.gob.mx\/hecelchakan\/wp-content\/uploads\/2016\/04\/calendario_de_ingresos.jpg\"><em>4to&nbsp;<\/em><\/a><\/span><\/td>\n<\/tr>\n<tr>\n<td><span style=\"color: #000000;\">&nbsp;Inventario de Bienes<\/span><\/td>\n<td><span style=\"color: #000000;\">&nbsp;<\/span><\/td>\n<td><span style=\"color: #000000;\">&nbsp;<\/span><\/td>\n<td><span style=\"color: #000000;\">&nbsp;<\/span><\/td>\n<td><span style=\"color: #000000;\"><em><a href=\"https:\/\/www.hecelchakan.gob.mx\/hecelchakan\/wp-content\/uploads\/2017\/12\/scan2016.pdf\">4to<\/a><\/em><\/span><\/td>\n<\/tr>\n<tr>\n<td><span style=\"color: #000000;\">&nbsp;<\/span><\/td>\n<td><span style=\"color: #000000;\">&nbsp;<\/span><\/td>\n<td><span style=\"color: #000000;\">&nbsp;<\/span><\/td>\n<td><span style=\"color: #000000;\">&nbsp;<\/span><\/td>\n<td><span style=\"color: #000000;\">&nbsp;<\/span><\/td>\n<\/tr>\n<tr>\n<td colspan=\"5\" bgcolor=\"Navy\">\n<h5 style=\"text-align: center;\"><span style=\"color: #ffffff;\"><em>Bienes Inmuebles<\/em><\/span><\/h5>\n<\/td>\n<\/tr>\n<tr>\n<td><a href=\"https:\/\/www.hecelchakan.gob.mx\/hecelchakan\/bienes-inmuebles\/\"><em><span style=\"color: #000000;\">Bienes Inmuebles<\/span><\/em><\/a><\/td>\n<td><span style=\"color: #000000;\"><em>&nbsp;<\/em><\/span><\/td>\n<td><span style=\"color: #000000;\"><em>&nbsp;<\/em><\/span><\/td>\n<td><span style=\"color: #000000;\"><em>&nbsp;<a href=\"https:\/\/www.hecelchakan.gob.mx\/hecelchakan\/wp-content\/uploads\/2016\/04\/inventarioo-Autoguardado.pdf\">3er<\/a><\/em><\/span><\/td>\n<td>\n<h4><span style=\"color: #000000;\"><em>&nbsp;<\/em><\/span><\/h4>\n<\/td>\n<\/tr>\n<\/tbody>\n<\/table>\n<p>&nbsp;<\/p>\n<h2>&nbsp;<\/h2>\n<h2 style=\"text-align: center;\"><strong>&nbsp;<\/strong><\/h2>\n<h2 style=\"text-align: center;\">&nbsp;<\/h2>\n<h2 style=\"text-align: center;\">&nbsp;<\/h2>\n","protected":false},"excerpt":{"rendered":"<p>&nbsp; &nbsp; &nbsp; &nbsp; &nbsp; &nbsp; &nbsp; ARMONIZACI\u00d3N CONTABLE DIF 2016 Contable Trimestres 2016 &nbsp;Estado Anal\u00edtico&nbsp;del Activo. 1er&nbsp; 2do&nbsp; 3er 4to&nbsp; Anal\u00edtico&nbsp;Del Pasivo 1er &nbsp; &nbsp; &nbsp; Estado de Actividades 1er 2do 3er 4to&nbsp; Estado de Cambio de la&nbsp;Situaci\u00f3n&nbsp;Financiera &nbsp; &nbsp; 1er &nbsp;2do 3er&nbsp; 4to&nbsp; Estado de Flujo Efectivo 1er 2do 3er 4to&nbsp; Estado de [&hellip;]<\/p>\n","protected":false},"author":1,"featured_media":0,"parent":0,"menu_order":0,"comment_status":"closed","ping_status":"closed","template":"page-full-width.php","meta":{"ngg_post_thumbnail":0,"footnotes":""},"class_list":["post-265","page","type-page","status-publish","hentry"],"_links":{"self":[{"href":"https:\/\/www.hecelchakan.gob.mx\/hecelchakan\/wp-json\/wp\/v2\/pages\/265","targetHints":{"allow":["GET"]}}],"collection":[{"href":"https:\/\/www.hecelchakan.gob.mx\/hecelchakan\/wp-json\/wp\/v2\/pages"}],"about":[{"href":"https:\/\/www.hecelchakan.gob.mx\/hecelchakan\/wp-json\/wp\/v2\/types\/page"}],"author":[{"embeddable":true,"href":"https:\/\/www.hecelchakan.gob.mx\/hecelchakan\/wp-json\/wp\/v2\/users\/1"}],"replies":[{"embeddable":true,"href":"https:\/\/www.hecelchakan.gob.mx\/hecelchakan\/wp-json\/wp\/v2\/comments?post=265"}],"version-history":[{"count":47,"href":"https:\/\/www.hecelchakan.gob.mx\/hecelchakan\/wp-json\/wp\/v2\/pages\/265\/revisions"}],"predecessor-version":[{"id":3347,"href":"https:\/\/www.hecelchakan.gob.mx\/hecelchakan\/wp-json\/wp\/v2\/pages\/265\/revisions\/3347"}],"wp:attachment":[{"href":"https:\/\/www.hecelchakan.gob.mx\/hecelchakan\/wp-json\/wp\/v2\/media?parent=265"}],"curies":[{"name":"wp","href":"https:\/\/api.w.org\/{rel}","templated":true}]}}