{"id":2842,"date":"2017-08-03T19:05:05","date_gmt":"2017-08-03T19:05:05","guid":{"rendered":"http:\/\/hecelchakan.gob.mx\/?page_id=2842"},"modified":"2026-02-23T13:20:40","modified_gmt":"2026-02-23T19:20:40","slug":"armonizacion-contable","status":"publish","type":"page","link":"https:\/\/www.hecelchakan.gob.mx\/hecelchakan\/armonizacion-contable\/","title":{"rendered":"Armonizaci\u00f3n Contable"},"content":{"rendered":"\n<div class=\"wp-block-columns is-layout-flex wp-container-core-columns-is-layout-9d6595d7 wp-block-columns-is-layout-flex\">\n<div class=\"wp-block-column is-layout-flow wp-block-column-is-layout-flow\"><div class=\"wp-block-image\">\n<figure class=\"aligncenter size-large\"><img loading=\"lazy\" decoding=\"async\" width=\"510\" height=\"99\" src=\"https:\/\/www.hecelchakan.gob.mx\/hecelchakan\/wp-content\/uploads\/2025\/06\/QUE-ES-510x99.png\" alt=\"\" class=\"wp-image-25952\" srcset=\"https:\/\/www.hecelchakan.gob.mx\/hecelchakan\/wp-content\/uploads\/2025\/06\/QUE-ES-510x99.png 510w, https:\/\/www.hecelchakan.gob.mx\/hecelchakan\/wp-content\/uploads\/2025\/06\/QUE-ES-300x58.png 300w, https:\/\/www.hecelchakan.gob.mx\/hecelchakan\/wp-content\/uploads\/2025\/06\/QUE-ES-768x148.png 768w, https:\/\/www.hecelchakan.gob.mx\/hecelchakan\/wp-content\/uploads\/2025\/06\/QUE-ES.png 1061w\" sizes=\"auto, (max-width: 510px) 100vw, 510px\" \/><\/figure><\/div><\/div>\n\n\n\n<div class=\"wp-block-column is-layout-flow wp-block-column-is-layout-flow\">\n<p class=\"has-drop-cap has-medium-font-size\" style=\"font-style:italic;font-weight:400\"><strong>Con el objetivo de que toda entidad p\u00fablica tenga la informaci\u00f3n contable y presupuestal homologada, nace la armonizaci\u00f3n contable y se toma como referencia la Ley General de Contabilidad Gubernamental.<\/strong><\/p>\n<\/div>\n<\/div>\n\n\n<h4>&nbsp;<\/h4>\n<h2 style=\"text-align: center;\"><strong>ESTRUCTURA POR A\u00d1OS<\/strong><\/h2>\n<p>&nbsp;<\/p>\n<h4 style=\"text-align: left;\"><div class=\"well well-sm\"><strong>&nbsp;<a href=\"https:\/\/www.hecelchakan.gob.mx\/hecelchakan\/armonizacion-contable-2026\/\">Armonizaci\u00f3n Contable 2026<\/a><\/strong><\/div><\/h4>\n<h4 style=\"text-align: left;\"><div class=\"well well-sm\"><strong>&nbsp;<a href=\"https:\/\/www.hecelchakan.gob.mx\/hecelchakan\/armonizacion-contable-2025\/\">Armonizaci\u00f3n Contable 2025<\/a><\/strong><\/div><\/h4>\n<h4 style=\"text-align: left;\"><div class=\"well well-sm\"><strong><a href=\"https:\/\/www.hecelchakan.gob.mx\/hecelchakan\/armonizacion-contable-202\/\">Armonizaci\u00f3n Contable 2024<\/a><\/strong><\/div><\/h4>\n<h4><div class=\"well well-sm\"><a href=\"https:\/\/www.hecelchakan.gob.mx\/hecelchakan\/armonizacion-contable-2023\/\"><strong>Armonizaci\u00f3n Contable 2023<\/strong><\/a> <\/div><\/h4>\n<h4><div class=\"well well-sm\"><a href=\"https:\/\/www.hecelchakan.gob.mx\/hecelchakan\/armonizacion-contable-2022\/\"><strong>Armonizaci\u00f3n Contable 2022<\/strong><\/a><\/div><\/h4>\n<h4><div class=\"well well-sm\"><a href=\"https:\/\/www.hecelchakan.gob.mx\/hecelchakan\/armonizacion-contable-2021\/\"><strong>Armonizaci\u00f3n Contable 2021<\/strong><\/a><\/div><\/h4>\n<h4><div class=\"well well-sm\"><a href=\"https:\/\/www.hecelchakan.gob.mx\/hecelchakan\/armonizacion-contable-2020\/\"><strong>Armonizaci\u00f3n Contable 2020<\/strong><\/a><\/div><\/h4>\n<h4><div class=\"well well-sm\"><a href=\"https:\/\/www.hecelchakan.gob.mx\/hecelchakan\/armonizacion-contable-2019\/\"><strong>Armonizaci\u00f3n Contable 2019<\/strong><\/a><\/div><\/h4>\n<h4><div class=\"well well-sm\"><a href=\"https:\/\/www.hecelchakan.gob.mx\/hecelchakan\/amonizacion-contable-2018\/\"><strong>Armonizaci\u00f3n Contable 2018<\/strong><\/a><\/div><\/h4>\n<h4><div class=\"well well-sm\"><a href=\"https:\/\/www.hecelchakan.gob.mx\/hecelchakan\/armonizacion-contable-2017\/\"><strong>Armonizaci\u00f3n Contable 2017<\/strong><\/a><\/div><\/h4>\n<h4><div class=\"well well-sm\"><a href=\"https:\/\/www.hecelchakan.gob.mx\/hecelchakan\/armonizacion-contable-2016\/\"><strong>Armonizaci\u00f3n Contable 2016<\/strong><\/a><\/div><\/h4>\n<h4><div class=\"well well-sm\"><a href=\"https:\/\/www.hecelchakan.gob.mx\/hecelchakan\/armonizacion-contable-ayuntamiento-de-hecelchakan\/\"><strong>Armonizaci\u00f3n Contable 2015<\/strong><\/a><\/div><\/h4>\n<p>&nbsp;<\/p>","protected":false},"excerpt":{"rendered":"<p>Con el objetivo de que toda entidad p\u00fablica tenga la informaci\u00f3n contable y presupuestal homologada, nace la armonizaci\u00f3n contable y se toma como referencia la Ley General de Contabilidad Gubernamental. &nbsp; ESTRUCTURA POR A\u00d1OS &nbsp; &nbsp;<\/p>\n","protected":false},"author":1,"featured_media":0,"parent":0,"menu_order":0,"comment_status":"closed","ping_status":"closed","template":"","meta":{"ngg_post_thumbnail":0,"footnotes":""},"class_list":["post-2842","page","type-page","status-publish","hentry"],"_links":{"self":[{"href":"https:\/\/www.hecelchakan.gob.mx\/hecelchakan\/wp-json\/wp\/v2\/pages\/2842","targetHints":{"allow":["GET"]}}],"collection":[{"href":"https:\/\/www.hecelchakan.gob.mx\/hecelchakan\/wp-json\/wp\/v2\/pages"}],"about":[{"href":"https:\/\/www.hecelchakan.gob.mx\/hecelchakan\/wp-json\/wp\/v2\/types\/page"}],"author":[{"embeddable":true,"href":"https:\/\/www.hecelchakan.gob.mx\/hecelchakan\/wp-json\/wp\/v2\/users\/1"}],"replies":[{"embeddable":true,"href":"https:\/\/www.hecelchakan.gob.mx\/hecelchakan\/wp-json\/wp\/v2\/comments?post=2842"}],"version-history":[{"count":13,"href":"https:\/\/www.hecelchakan.gob.mx\/hecelchakan\/wp-json\/wp\/v2\/pages\/2842\/revisions"}],"predecessor-version":[{"id":27779,"href":"https:\/\/www.hecelchakan.gob.mx\/hecelchakan\/wp-json\/wp\/v2\/pages\/2842\/revisions\/27779"}],"wp:attachment":[{"href":"https:\/\/www.hecelchakan.gob.mx\/hecelchakan\/wp-json\/wp\/v2\/media?parent=2842"}],"curies":[{"name":"wp","href":"https:\/\/api.w.org\/{rel}","templated":true}]}}