{"id":2851,"date":"2017-08-03T19:28:37","date_gmt":"2017-08-03T19:28:37","guid":{"rendered":"http:\/\/hecelchakan.gob.mx\/?page_id=2851"},"modified":"2019-07-08T19:02:06","modified_gmt":"2019-07-08T19:02:06","slug":"cuenta-publica-2017","status":"publish","type":"page","link":"https:\/\/www.hecelchakan.gob.mx\/hecelchakan\/cuenta-publica-2017\/","title":{"rendered":"Cuenta Publica 2017"},"content":{"rendered":"<p>&nbsp;<\/p>\n<p>&nbsp;<\/p>\n<table border=\"2px\">\n<tbody>\n<tr>\n<td bgcolor=\"04A5FB\" width=\"80%\"><b>H. Ayuntamiento del Municipio de Hecelchak\u00e1n&nbsp;<\/b><\/td>\n<td colspan=\"12\" bgcolor=\"04A5FB\" width=\"100%\"><strong>A\u00f1o<\/strong><\/td>\n<\/tr>\n<tr>\n<td style=\"text-align: center;\" bgcolor=\"04FBCE\" width=\"50%\"><b>Informaci\u00f3n&nbsp;Contable (48 y 46 y Fracci\u00f3n&nbsp;I)<\/b><\/td>\n<td colspan=\"4\" bgcolor=\"04FBCE\" width=\"50%\"><b>2017<\/b><\/td>\n<\/tr>\n<tr>\n<td>Estado de Actividades<\/td>\n<td><a href=\"https:\/\/www.hecelchakan.gob.mx\/hecelchakan\/wp-content\/uploads\/2018\/03\/A-estado-de-actividades.pdf\">PDF 01<\/a><\/td>\n<\/tr>\n<tr>\n<td>Estado de la&nbsp;Situaci\u00f3n&nbsp;Financiera<\/td>\n<td><a href=\"https:\/\/www.hecelchakan.gob.mx\/hecelchakan\/wp-content\/uploads\/2018\/03\/B-estado-de-situacion-financiera.pdf\">PDF 02<\/a><\/td>\n<\/tr>\n<tr>\n<td>Estado de&nbsp;Variaci\u00f3n&nbsp;en la hacienda publica<\/td>\n<td><a href=\"https:\/\/www.hecelchakan.gob.mx\/hecelchakan\/wp-content\/uploads\/2018\/03\/C-estado-de-variacion-en-la-hacienda-publica.pdf\">PDF 03<\/a><\/td>\n<\/tr>\n<tr>\n<td>Estado de Cambios en la&nbsp;Situaci\u00f3n&nbsp;Financiera<\/td>\n<td><a href=\"https:\/\/www.hecelchakan.gob.mx\/hecelchakan\/wp-content\/uploads\/2018\/03\/D-estado-de-cambios-en-la-situacion-financiera.pdf\">PDF 04<\/a><\/td>\n<\/tr>\n<tr>\n<td>Estados de Flujo de Efectivo<\/td>\n<td><a href=\"https:\/\/www.hecelchakan.gob.mx\/hecelchakan\/wp-content\/uploads\/2018\/03\/E-estado-de-flujos-de-efectivo.pdf\">PDF 05<\/a><\/td>\n<\/tr>\n<tr>\n<td>Informes sobre Pasivos Contingentes<\/td>\n<td><a href=\"https:\/\/www.hecelchakan.gob.mx\/hecelchakan\/wp-content\/uploads\/2018\/03\/F-informes-sobre-pasivos-contingentes.pdf\">PDF 06<\/a><\/td>\n<\/tr>\n<tr>\n<td>Notas a los Estados Financieros ( Desglose\/Memoria\/Gesti\u00f3n Administrativa)<\/td>\n<td><a href=\"https:\/\/www.hecelchakan.gob.mx\/hecelchakan\/wp-content\/uploads\/2018\/03\/G-notas-a-los-estados-financieros.pdf\">PDF 07<\/a><\/td>\n<\/tr>\n<tr>\n<td>Estado Anal\u00edtico del Activo<\/td>\n<td><a href=\"https:\/\/www.hecelchakan.gob.mx\/hecelchakan\/wp-content\/uploads\/2018\/03\/H-estado-analitico-del-activo.pdf\">PDF 08<\/a><\/td>\n<\/tr>\n<tr>\n<td>Estado Anal\u00edtico de la Deuda y otras Pasivos<\/td>\n<td><a href=\"https:\/\/www.hecelchakan.gob.mx\/hecelchakan\/wp-content\/uploads\/2018\/03\/I-estado-analitico-de-la-deuda-y-otros-pasivos.pdf\">PDF 09<\/a><\/td>\n<\/tr>\n<tr>\n<td>&nbsp;~<\/td>\n<td><strong>&nbsp;~<\/strong><\/td>\n<\/tr>\n<tr>\n<td style=\"text-align: center;\" bgcolor=\"04FBCE\" width=\"50%\"><b>Informaci\u00f3n&nbsp;Presupuestaria&nbsp;(48 y 46 y Fracci\u00f3n&nbsp;II)<\/b><\/td>\n<td colspan=\"\" bgcolor=\"04FBCE\" width=\"50%\">&nbsp;<\/td>\n<\/tr>\n<tr>\n<td>Estado Anal\u00edtico de Ingresos CE, CFF<\/td>\n<td><a href=\"https:\/\/www.hecelchakan.gob.mx\/hecelchakan\/wp-content\/uploads\/2018\/03\/A-estado-analitico-de-ingresos.pdf\">PDF 10<\/a><\/td>\n<\/tr>\n<tr>\n<td><strong>Estado Anal\u00edtico del Ejercicio del Presupuesto de Egresos<\/strong><\/td>\n<td><strong>&nbsp;<\/strong><\/td>\n<\/tr>\n<tr>\n<td>Clasificaci\u00f3n Administrativa<\/td>\n<td><a href=\"https:\/\/www.hecelchakan.gob.mx\/hecelchakan\/wp-content\/uploads\/2018\/03\/c-clasificacion-administrativa.pdf\">PDF 11<\/a><\/td>\n<\/tr>\n<tr>\n<td>&nbsp;Clasificaci\u00f3n Econ\u00f3mica (Por Tipo de Gasto)<\/td>\n<td><a href=\"https:\/\/www.hecelchakan.gob.mx\/hecelchakan\/wp-content\/uploads\/2018\/03\/b-clasificacion-economica.pdf\">PDF 12<\/a><\/td>\n<\/tr>\n<tr>\n<td>&nbsp;Clasificaci\u00f3n por Objeto de Gasto (Capitulo y Concepto)<\/td>\n<td><a href=\"https:\/\/www.hecelchakan.gob.mx\/hecelchakan\/wp-content\/uploads\/2018\/03\/a-clasificacion-por-objeto-del-gasto.pdf\">PDF 13<\/a><\/td>\n<\/tr>\n<tr>\n<td>&nbsp;Clasificaci\u00f3n Funcional (Finalidad y Funci\u00f3n)<\/td>\n<td><a href=\"https:\/\/www.hecelchakan.gob.mx\/hecelchakan\/wp-content\/uploads\/2018\/03\/d-clasificacion-funcional.pdf\">PDF 14<\/a><\/td>\n<\/tr>\n<tr>\n<td>&nbsp;Endeudamiento Neto<\/td>\n<td><a href=\"https:\/\/www.hecelchakan.gob.mx\/hecelchakan\/wp-content\/uploads\/2018\/03\/C-endeudamiento-neto.pdf\">PDF 15<\/a><\/td>\n<\/tr>\n<tr>\n<td>&nbsp;Intereses de la Deuda<\/td>\n<td><a href=\"https:\/\/www.hecelchakan.gob.mx\/hecelchakan\/wp-content\/uploads\/2018\/03\/D-intereses-de-la-deuda.pdf\">PDF16<\/a><\/td>\n<\/tr>\n<tr>\n<td>&nbsp;Flujo de Fondos (Indicadores de Postura Fiscal)<\/td>\n<td><a href=\"https:\/\/www.hecelchakan.gob.mx\/hecelchakan\/wp-content\/uploads\/2018\/03\/E-Flujo-de-fondos-indicadores-de-postura-fiscal.pdf\">PDF17<\/a><\/td>\n<\/tr>\n<tr>\n<td>&nbsp;~<\/td>\n<td>&nbsp;~<\/td>\n<\/tr>\n<tr>\n<td style=\"text-align: center;\" bgcolor=\"04FBCE\" width=\"50%\"><strong>Informaci\u00f3n&nbsp;<\/strong><b>Program\u00e1tica&nbsp;(48 y 46 y Fracci\u00f3n&nbsp;III)<\/b><\/td>\n<td bgcolor=\"04FBCE\" width=\"50%\"><strong>&nbsp;<\/strong><\/td>\n<\/tr>\n<tr>\n<td>Gasto por Categor\u00eda Program\u00e1tica<\/td>\n<td><a href=\"https:\/\/www.hecelchakan.gob.mx\/hecelchakan\/wp-content\/uploads\/2018\/03\/A-gastos-por-categoria-programatica.pdf\">PDF 18<\/a><\/td>\n<\/tr>\n<tr>\n<td>Programas y Proyecci\u00f3n de Inversi\u00f3n<\/td>\n<td><a href=\"https:\/\/www.hecelchakan.gob.mx\/hecelchakan\/wp-content\/uploads\/2018\/03\/B-programas-y-proyectos-de-inversion.pdf\">PDF 19<\/a><\/td>\n<\/tr>\n<tr>\n<td>Indicadores de Resultados<\/td>\n<td><a href=\"https:\/\/www.hecelchakan.gob.mx\/hecelchakan\/wp-content\/uploads\/2018\/03\/C-Indicadores-de-resultados.pdf\">PDF 20<\/a><\/td>\n<\/tr>\n<tr>\n<td>&nbsp;~<\/td>\n<td><strong>~&nbsp;<\/strong><\/td>\n<\/tr>\n<tr>\n<td>&nbsp;<\/td>\n<td colspan=\"4\">&nbsp;<\/td>\n<\/tr>\n<tr>\n<td bgcolor=\"04FBCE\" width=\"50%\"><strong>Anexos<\/strong><\/td>\n<td bgcolor=\"04FBCE\" width=\"50%\"><strong>&nbsp;<\/strong><\/td>\n<\/tr>\n<tr>\n<td>a) Relaci\u00f3n de Bienes Muebles que Componen el Patrimonio<\/td>\n<td><a href=\"https:\/\/www.hecelchakan.gob.mx\/hecelchakan\/wp-content\/uploads\/2018\/03\/A-Relacion-de-bienes-muebles-que-componen-el-patrimonio.pdf\">PDF 21<\/a><\/td>\n<\/tr>\n<tr>\n<td>b) Relaci\u00f3n de Bienes Inmuebles que componen el patrimonio&nbsp;<\/td>\n<td><a href=\"https:\/\/www.hecelchakan.gob.mx\/hecelchakan\/wp-content\/uploads\/2018\/03\/B-Relacion-de-Bienes-Inmuebles-que-componen-el-patrimonio.pdf\"> PDF 22<\/a><\/td>\n<\/tr>\n<tr>\n<td>c) Relaci\u00f3n de Cuentas Productivas Especificas<\/td>\n<td><a href=\"https:\/\/www.hecelchakan.gob.mx\/hecelchakan\/wp-content\/uploads\/2018\/03\/C-Relacion-de-cuentas-productivas-especificas.pdf\">PDF 23<\/a><\/td>\n<\/tr>\n<tr>\n<td>d) Formato del Ejercicio y Destino de Gasto Federalizado y Reintegros<\/td>\n<td><a href=\"https:\/\/www.hecelchakan.gob.mx\/hecelchakan\/wp-content\/uploads\/2018\/03\/D-Formato-del-ejercicio-y-destino-de-gasto-federalizado-y-reitegros.pdf\">Pdf 24<\/a><\/td>\n<\/tr>\n<tr>\n<td>e) Relaci\u00f3n de Esquemas Burs\u00e1tiles y de Coberturas Financiera<\/td>\n<td><a href=\"https:\/\/www.hecelchakan.gob.mx\/hecelchakan\/wp-content\/uploads\/2018\/03\/E-relacion-de-esquemas-bursatiles-y-coberturas-financieras.pdf\">PDF 25<\/a><\/td>\n<\/tr>\n<tr>\n<td>f) Resultado de la Evaluaci\u00f3n del Desempe\u00f1o de los Programas Federales<\/td>\n<td><a href=\"https:\/\/www.hecelchakan.gob.mx\/hecelchakan\/wp-content\/uploads\/2018\/03\/F-resultado-de-la-evaluacion-del-desempe\u00f1o-de-los-programas-federales.pdf\">PDF 26<\/a><\/td>\n<\/tr>\n<tr>\n<td><strong>g) Disposiciones en Materia de Ley de Disciplina Financiera<\/strong><\/td>\n<td>&nbsp;<\/td>\n<\/tr>\n<tr>\n<td>Formato 1.- Estado de Situacion Financiera Detallado &#8211; LDF<\/td>\n<td><a href=\"https:\/\/www.hecelchakan.gob.mx\/hecelchakan\/wp-content\/uploads\/2018\/03\/Formato-1.-Estado-de-la-situacion-financiera-detallado.pdf\">PDF 27<\/a><\/td>\n<\/tr>\n<tr>\n<td>Formato 2.- Informe Anal\u00edtico de la Deuda P\u00fablica y Otros Pasivos &#8211; LDF<\/td>\n<td><a href=\"https:\/\/www.hecelchakan.gob.mx\/hecelchakan\/wp-content\/uploads\/2018\/03\/Formato-2.-Informe-analitico-de-la-deuda-publica-y-otros-pasivos.pdf\"> PDF28<\/a><\/td>\n<\/tr>\n<tr>\n<td>Formato 3.- Informe Anal\u00edtico de Obligaciones Diferentes de Financiamiento &#8211; LDF<\/td>\n<td colspan=\"4\"><a href=\"https:\/\/www.hecelchakan.gob.mx\/hecelchakan\/wp-content\/uploads\/2018\/03\/Formato-3.-Informe-analitico-de-obligaciones-diferentes-de-financiamiento.pdf\"> PDF29<\/a><\/td>\n<\/tr>\n<tr>\n<td>Formato 4 .- Balance Presupuestario &#8211; LDF<\/td>\n<td><a href=\"https:\/\/www.hecelchakan.gob.mx\/hecelchakan\/wp-content\/uploads\/2018\/03\/Formato-4.-Balance-presupuestario.pdf\"> PDF30<\/a><\/td>\n<\/tr>\n<tr>\n<td>Formato 5 .- Estado Anal\u00edtico de Ingresos Detallado &#8211; LDF<\/td>\n<td><a href=\"https:\/\/www.hecelchakan.gob.mx\/hecelchakan\/wp-content\/uploads\/2018\/03\/Formato-5.-Estado-analitico-de-ingresos-detallados.pdf\"> PDF31<\/a><\/td>\n<\/tr>\n<tr>\n<td style=\"text-align: left;\"><strong>Formato 6.- Estado Anal\u00edtico del Ejercicio de Presupuesto detallado<\/strong><\/td>\n<td colspan=\"4\">&nbsp;<\/td>\n<\/tr>\n<tr>\n<td>6A Clasificaci\u00f3n por Objeto del Gasto<\/td>\n<td><a href=\"https:\/\/www.hecelchakan.gob.mx\/hecelchakan\/wp-content\/uploads\/2018\/03\/Formato-6a.-clasificacion-por-objeto-del-gasto.pdf\">PDF 32<\/a><\/td>\n<\/tr>\n<tr>\n<td>6B Clasificaci\u00f3n Administrativa<\/td>\n<td><a href=\"https:\/\/www.hecelchakan.gob.mx\/hecelchakan\/wp-content\/uploads\/2018\/03\/Formato-6b.-clasificacion-administrativa.pdf\">PDF 33<\/a><\/td>\n<\/tr>\n<tr>\n<td>6C Clasificaci\u00f3n Funcional<\/td>\n<td><a href=\"https:\/\/www.hecelchakan.gob.mx\/hecelchakan\/wp-content\/uploads\/2018\/03\/Formato-6c.-clasificacion-funcional.pdf\">PDF 34<\/a><\/td>\n<\/tr>\n<tr>\n<td>6D Clasificaci\u00f3n Servicios Personales por Categor\u00eda<\/td>\n<td colspan=\"4\"><a href=\"https:\/\/www.hecelchakan.gob.mx\/hecelchakan\/wp-content\/uploads\/2018\/03\/formato-6D.-clasificacion-servicios-personales.pdf\">PDF 35<\/a><\/td>\n<\/tr>\n<tr>\n<td>h) Gu\u00eda de Cumplimiento de La Ley Disciplinaria Financiera<\/td>\n<td><a href=\"https:\/\/www.hecelchakan.gob.mx\/hecelchakan\/wp-content\/uploads\/2018\/03\/H-guia-de-cumplimiento-de-la-ley-disiciplinaria-financiera.pdf\">PDF 36<\/a><\/td>\n<\/tr>\n<\/tbody>\n<\/table>\n","protected":false},"excerpt":{"rendered":"<p>&nbsp; &nbsp; H. Ayuntamiento del Municipio de Hecelchak\u00e1n&nbsp; A\u00f1o Informaci\u00f3n&nbsp;Contable (48 y 46 y Fracci\u00f3n&nbsp;I) 2017 Estado de Actividades PDF 01 Estado de la&nbsp;Situaci\u00f3n&nbsp;Financiera PDF 02 Estado de&nbsp;Variaci\u00f3n&nbsp;en la hacienda publica PDF 03 Estado de Cambios en la&nbsp;Situaci\u00f3n&nbsp;Financiera PDF 04 Estados de Flujo de Efectivo PDF 05 Informes sobre Pasivos Contingentes PDF 06 Notas a [&hellip;]<\/p>\n","protected":false},"author":1,"featured_media":0,"parent":0,"menu_order":0,"comment_status":"closed","ping_status":"closed","template":"","meta":{"ngg_post_thumbnail":0,"footnotes":""},"class_list":["post-2851","page","type-page","status-publish","hentry"],"_links":{"self":[{"href":"https:\/\/www.hecelchakan.gob.mx\/hecelchakan\/wp-json\/wp\/v2\/pages\/2851","targetHints":{"allow":["GET"]}}],"collection":[{"href":"https:\/\/www.hecelchakan.gob.mx\/hecelchakan\/wp-json\/wp\/v2\/pages"}],"about":[{"href":"https:\/\/www.hecelchakan.gob.mx\/hecelchakan\/wp-json\/wp\/v2\/types\/page"}],"author":[{"embeddable":true,"href":"https:\/\/www.hecelchakan.gob.mx\/hecelchakan\/wp-json\/wp\/v2\/users\/1"}],"replies":[{"embeddable":true,"href":"https:\/\/www.hecelchakan.gob.mx\/hecelchakan\/wp-json\/wp\/v2\/comments?post=2851"}],"version-history":[{"count":12,"href":"https:\/\/www.hecelchakan.gob.mx\/hecelchakan\/wp-json\/wp\/v2\/pages\/2851\/revisions"}],"predecessor-version":[{"id":7194,"href":"https:\/\/www.hecelchakan.gob.mx\/hecelchakan\/wp-json\/wp\/v2\/pages\/2851\/revisions\/7194"}],"wp:attachment":[{"href":"https:\/\/www.hecelchakan.gob.mx\/hecelchakan\/wp-json\/wp\/v2\/media?parent=2851"}],"curies":[{"name":"wp","href":"https:\/\/api.w.org\/{rel}","templated":true}]}}