{"id":3020,"date":"2017-08-23T18:10:37","date_gmt":"2017-08-23T18:10:37","guid":{"rendered":"http:\/\/hecelchakan.gob.mx\/?page_id=3020"},"modified":"2018-01-31T16:24:33","modified_gmt":"2018-01-31T16:24:33","slug":"armonizacion-contable-2017-2","status":"publish","type":"page","link":"https:\/\/www.hecelchakan.gob.mx\/hecelchakan\/armonizacion-contable-2017-2\/","title":{"rendered":"Armonizaci\u00f3n Contable  DIF 2017"},"content":{"rendered":"<h4><span style=\"color: #000000;\"><em> ARMONIZACI\u00d3N CONTABLE DIF 2017<\/em><\/span><\/h4>\n<table border=\"2px\" width=\"50%\"><!-- Lo cambiaremos por CSS --><\/p>\n<tbody>\n<tr>\n<td colspan=\"1\" bgcolor=\"Navy\">\n<h5 style=\"text-align: center;\"><span style=\"color: #ffffff;\"><em>Contable<\/em><\/span><\/h5>\n<\/td>\n<td colspan=\"4\" bgcolor=\"Navy\">\n<h5 style=\"text-align: center;\"><span style=\"color: #ffffff;\"><em>Trimestres 2017<\/em><\/span><\/h5>\n<\/td>\n<\/tr>\n<tr>\n<td><em>&nbsp;Estado A<\/em><i>nal\u00edtico&nbsp;<\/i><em>del Activo.<\/em><\/td>\n<td><a href=\"https:\/\/www.hecelchakan.gob.mx\/hecelchakan\/wp-content\/uploads\/2017\/08\/ESTADO-ANALITICO.pdf\">1er&nbsp;<\/a><\/td>\n<td><a href=\"https:\/\/www.hecelchakan.gob.mx\/hecelchakan\/wp-content\/uploads\/2017\/08\/6.pdf\">2do<\/a><\/td>\n<td><a href=\"https:\/\/www.hecelchakan.gob.mx\/hecelchakan\/wp-content\/uploads\/2017\/12\/ANALITICO-DEL-ACTIVO.pdf\">3er<\/a><\/td>\n<td>&nbsp;<a href=\"https:\/\/www.hecelchakan.gob.mx\/hecelchakan\/wp-content\/uploads\/2018\/01\/ESTADO-ANALITICO-ACT.pdf\">4to<\/a><\/td>\n<\/tr>\n<tr>\n<td><i>Anal\u00edtico<\/i><em>&nbsp;Del Pasivo<\/em><\/td>\n<td><em>1er<\/em><\/td>\n<td><em>&nbsp;<\/em><\/td>\n<td><em>&nbsp;<\/em><\/td>\n<td><em>&nbsp;<\/em><\/td>\n<\/tr>\n<tr>\n<td>Estado de Actividades<\/td>\n<td><a href=\"https:\/\/www.hecelchakan.gob.mx\/hecelchakan\/wp-content\/uploads\/2017\/08\/ESTADO-DE-ACTIVIDADE.pdf\">1er&nbsp;<\/a><\/td>\n<td><a href=\"https:\/\/www.hecelchakan.gob.mx\/hecelchakan\/wp-content\/uploads\/2017\/08\/2.pdf\">2do <\/a><\/td>\n<td><a href=\"https:\/\/www.hecelchakan.gob.mx\/hecelchakan\/wp-content\/uploads\/2017\/12\/ACTIVIDADES.pdf\">3er<\/a><\/td>\n<td><a href=\"https:\/\/www.hecelchakan.gob.mx\/hecelchakan\/wp-content\/uploads\/2018\/01\/ESTADO-DE-ACTIVIDADS.pdf\">4to<\/a><\/td>\n<\/tr>\n<tr>\n<td><em>Estado de Cambio de la&nbsp;Situaci\u00f3n&nbsp;Financiera &nbsp; &nbsp;<\/em><\/td>\n<td><a href=\"https:\/\/www.hecelchakan.gob.mx\/hecelchakan\/wp-content\/uploads\/2017\/08\/ESTADODECAMBIOS.pdf\">1er&nbsp;<\/a><\/td>\n<td><em> <a href=\"https:\/\/www.hecelchakan.gob.mx\/hecelchakan\/wp-content\/uploads\/2017\/08\/4.pdf\">2do<\/a><\/em><\/td>\n<td><a href=\"https:\/\/www.hecelchakan.gob.mx\/hecelchakan\/wp-content\/uploads\/2017\/12\/CAMBIOS-FINANCIEROS.pdf\">3er<\/a><\/td>\n<td><a href=\"https:\/\/www.hecelchakan.gob.mx\/hecelchakan\/wp-content\/uploads\/2018\/01\/ESTADO-CAM-SITUACI-F.pdf\">4to<\/a><\/td>\n<\/tr>\n<tr>\n<td><em>Estado de Flujo Efectivo<\/em><\/td>\n<td><a href=\"https:\/\/www.hecelchakan.gob.mx\/hecelchakan\/wp-content\/uploads\/2017\/08\/ESTADODEFLUJO.pdf\">1er&nbsp;<\/a><\/td>\n<td><a href=\"https:\/\/www.hecelchakan.gob.mx\/hecelchakan\/wp-content\/uploads\/2017\/08\/5.pdf\">2do<\/a><\/td>\n<td><a href=\"https:\/\/www.hecelchakan.gob.mx\/hecelchakan\/wp-content\/uploads\/2017\/12\/FLUJO-DE-EFECTIVO.pdf\">3er<\/a><\/td>\n<td><a href=\"https:\/\/www.hecelchakan.gob.mx\/hecelchakan\/wp-content\/uploads\/2018\/01\/ESTADO-FLUJOS-EFECTI.pdf\">4to<\/a><\/td>\n<\/tr>\n<tr>\n<td><em>Estado de Situaci\u00f3n&nbsp;Financiera<\/em><\/td>\n<td><a href=\"https:\/\/www.hecelchakan.gob.mx\/hecelchakan\/wp-content\/uploads\/2017\/08\/ESTADO-DE-LA-SIT-FIN.pdf\">1er&nbsp;<\/a><\/td>\n<td><a href=\"https:\/\/www.hecelchakan.gob.mx\/hecelchakan\/wp-content\/uploads\/2017\/08\/1.pdf\">2do <\/a><\/td>\n<td><a href=\"https:\/\/www.hecelchakan.gob.mx\/hecelchakan\/wp-content\/uploads\/2017\/12\/3-ESTADO-DE-LA-SITUACION-FINANCIERA.pdf\">3er<\/a><\/td>\n<td>&nbsp;<a href=\"https:\/\/www.hecelchakan.gob.mx\/hecelchakan\/wp-content\/uploads\/2018\/01\/ESTADO-SITUACION-FIN.pdf\">4to<\/a><\/td>\n<\/tr>\n<tr>\n<td><em>Estado de Variaciones en la Hacienda Publica<\/em><\/td>\n<td><a href=\"https:\/\/www.hecelchakan.gob.mx\/hecelchakan\/wp-content\/uploads\/2017\/08\/ESTADODEVARIACION.pdf\">1er&nbsp;<\/a><\/td>\n<td><a href=\"https:\/\/www.hecelchakan.gob.mx\/hecelchakan\/wp-content\/uploads\/2017\/08\/3.pdf\">2do <\/a><\/td>\n<td><a href=\"https:\/\/www.hecelchakan.gob.mx\/hecelchakan\/wp-content\/uploads\/2017\/12\/ESTADO-DE-VARIACION.pdf\">3er<\/a><\/td>\n<td>&nbsp;<a href=\"https:\/\/www.hecelchakan.gob.mx\/hecelchakan\/wp-content\/uploads\/2018\/01\/ESTADO-VARIA-HACENDA.pdf\">4to<\/a><\/td>\n<\/tr>\n<tr>\n<td><em>&nbsp;Notas a los Estados Financieros<\/em><\/td>\n<td><a href=\"https:\/\/www.hecelchakan.gob.mx\/hecelchakan\/wp-content\/uploads\/2017\/08\/NOTAS-EST-FINAN.pdf\">1er&nbsp;<\/a><\/td>\n<td><em> <a href=\"https:\/\/www.hecelchakan.gob.mx\/hecelchakan\/wp-content\/uploads\/2017\/08\/8NOTAS.pdf\">2do<\/a><\/em><\/td>\n<td><em>3er&nbsp;<\/em><\/td>\n<td><em>&nbsp;4to<\/em><\/td>\n<\/tr>\n<tr>\n<td><em>Estado Anal\u00edtico De La Deuda y Otros Pasivos<\/em><\/td>\n<td><a href=\"https:\/\/www.hecelchakan.gob.mx\/hecelchakan\/wp-content\/uploads\/2017\/08\/ESTADANALITICODEUDA0001.pdf\">1er&nbsp;<\/a><\/td>\n<td><a href=\"https:\/\/www.hecelchakan.gob.mx\/hecelchakan\/wp-content\/uploads\/2017\/08\/7.pdf\">2do<\/a><\/td>\n<td><a href=\"https:\/\/www.hecelchakan.gob.mx\/hecelchakan\/wp-content\/uploads\/2017\/12\/ANALITICO-DE-LA-DEUD.pdf\">3er<\/a><\/p>\n<p>&nbsp;<\/td>\n<td><em>&nbsp;<a href=\"https:\/\/www.hecelchakan.gob.mx\/hecelchakan\/wp-content\/uploads\/2018\/01\/ESTADO-ANA-DEUDA-PAS.pdf\">4to<\/a><\/em><\/td>\n<\/tr>\n<tr>\n<td><em>Informe de Pasivos Contingentes<\/em><\/td>\n<td><em>1er<\/em><\/td>\n<td>&nbsp;<\/td>\n<td><em>3er<\/em><\/td>\n<td><em>&nbsp;<\/em><em>4to<\/em><\/td>\n<\/tr>\n<tr>\n<td colspan=\"5\" bgcolor=\"Navy\">\n<h5 style=\"text-align: center;\"><span style=\"color: #ffffff;\"><i>Presupuestario<\/i><\/span><\/h5>\n<\/td>\n<\/tr>\n<tr>\n<td><i>Anal\u00edtico<\/i><em>&nbsp;de Ingresos&nbsp;<\/em><\/td>\n<td><a href=\"https:\/\/www.hecelchakan.gob.mx\/hecelchakan\/wp-content\/uploads\/2017\/08\/ESTADO-INGRESOS.pdf\">1er&nbsp;<\/a><\/td>\n<td><a href=\"https:\/\/www.hecelchakan.gob.mx\/hecelchakan\/wp-content\/uploads\/2017\/08\/9.pdf\">2do<\/a><\/td>\n<td><a href=\"https:\/\/www.hecelchakan.gob.mx\/hecelchakan\/wp-content\/uploads\/2017\/12\/ANALITICO-DE-INGRESO.pdf\">3er<\/a><\/td>\n<td><a href=\"https:\/\/www.hecelchakan.gob.mx\/hecelchakan\/wp-content\/uploads\/2018\/01\/ESTADO-ANALIT-INGRES.pdf\">4to<\/a><\/td>\n<\/tr>\n<tr>\n<td><i>Clasificaci\u00f3n<\/i><em>&nbsp;Administrativa<\/em><\/td>\n<td><a href=\"https:\/\/www.hecelchakan.gob.mx\/hecelchakan\/wp-content\/uploads\/2017\/08\/ESTADOANALIEJERPRE12.pdf\">1er<\/a><\/td>\n<td><a href=\"https:\/\/www.hecelchakan.gob.mx\/hecelchakan\/wp-content\/uploads\/2017\/08\/12.pdf\">2do<\/a><\/td>\n<td><a href=\"https:\/\/www.hecelchakan.gob.mx\/hecelchakan\/wp-content\/uploads\/2017\/12\/ANALITICO-DE-PRESUPU0001.pdf\">3er<\/a><\/td>\n<td><a href=\"https:\/\/www.hecelchakan.gob.mx\/hecelchakan\/wp-content\/uploads\/2018\/01\/CLASIFI-ADMINISTRATI.pdf\">4to<\/a><\/td>\n<\/tr>\n<tr>\n<td><i>Clasificaci\u00f3n<\/i><em>&nbsp;<\/em><i>Econ\u00f3mica<\/i><\/td>\n<td><a href=\"https:\/\/www.hecelchakan.gob.mx\/hecelchakan\/wp-content\/uploads\/2017\/08\/ESTADOANALIEJERPRESU.pdf\">1er<\/a><\/td>\n<td><a href=\"https:\/\/www.hecelchakan.gob.mx\/hecelchakan\/wp-content\/uploads\/2017\/08\/11.pdf\">2do<\/a><\/td>\n<td><a href=\"https:\/\/www.hecelchakan.gob.mx\/hecelchakan\/wp-content\/uploads\/2017\/12\/ANALITICO-ECONOMICA0001.pdf\">3er<\/a><\/td>\n<td><a href=\"https:\/\/www.hecelchakan.gob.mx\/hecelchakan\/wp-content\/uploads\/2018\/01\/CLAS-ECO-DE-GASTO.pdf\">4to<\/a><\/td>\n<\/tr>\n<tr>\n<td><i>Clasificaci\u00f3n<\/i><em>&nbsp;Funcional<\/em><\/td>\n<td><a href=\"https:\/\/www.hecelchakan.gob.mx\/hecelchakan\/wp-content\/uploads\/2017\/08\/ESTADOANALIEJERPRE120001.pdf\">1er<\/a><\/td>\n<td><a href=\"https:\/\/www.hecelchakan.gob.mx\/hecelchakan\/wp-content\/uploads\/2017\/08\/13.pdf\">2do<\/a><\/td>\n<td><a href=\"https:\/\/www.hecelchakan.gob.mx\/hecelchakan\/wp-content\/uploads\/2017\/12\/FUNCIONAL.pdf\">3er<\/a><\/td>\n<td><a href=\"https:\/\/www.hecelchakan.gob.mx\/hecelchakan\/wp-content\/uploads\/2018\/01\/CLASIFI-FINALIDAD-FU.pdf\">4to<\/a><\/td>\n<\/tr>\n<tr>\n<td><i>Clasificaci\u00f3n<\/i><em>&nbsp;por Objeto del Gasto<\/em><\/td>\n<td><a href=\"https:\/\/www.hecelchakan.gob.mx\/hecelchakan\/wp-content\/uploads\/2017\/08\/ESTADOANILITICOEJECU.pdf\">1er&nbsp;<\/a><\/td>\n<td><a href=\"https:\/\/www.hecelchakan.gob.mx\/hecelchakan\/wp-content\/uploads\/2017\/08\/10.pdf\">2do<\/a><\/td>\n<td><a href=\"https:\/\/www.hecelchakan.gob.mx\/hecelchakan\/wp-content\/uploads\/2017\/12\/DELGASTO.pdf\">3er<\/a><\/td>\n<td><a href=\"https:\/\/www.hecelchakan.gob.mx\/hecelchakan\/wp-content\/uploads\/2018\/01\/CLAS-ECO-DE-GASTO.pdf\">4to<\/a><\/td>\n<\/tr>\n<tr>\n<td><em>Endeudamiento Neto<\/em><\/td>\n<td><a href=\"https:\/\/www.hecelchakan.gob.mx\/hecelchakan\/wp-content\/uploads\/2017\/08\/ANEXOS-OTROS.pdf\">1er<\/a><\/td>\n<td><em> <a href=\"https:\/\/www.hecelchakan.gob.mx\/hecelchakan\/wp-content\/uploads\/2017\/08\/15AMPLIACIONES.pdf\">2do<\/a><\/em><\/td>\n<td><a href=\"https:\/\/www.hecelchakan.gob.mx\/hecelchakan\/wp-content\/uploads\/2017\/12\/DEUDA-NETO.pdf\">3er<\/a><\/td>\n<td><a href=\"https:\/\/www.hecelchakan.gob.mx\/hecelchakan\/wp-content\/uploads\/2018\/01\/ENDEUDAMIENTO.pdf\">4to<\/a><\/td>\n<\/tr>\n<tr>\n<td>Indicadores de Resultados<\/td>\n<td><em>1er<\/em><\/td>\n<td><em>&nbsp;2do<\/em><\/td>\n<td><em>3er&nbsp;<\/em><\/td>\n<td><a href=\"https:\/\/www.hecelchakan.gob.mx\/hecelchakan\/wp-content\/uploads\/2018\/01\/INDI-POSTU-FISCAL.pdf\">4to<\/a><\/td>\n<\/tr>\n<tr>\n<td>Intereses de la Deuda<\/td>\n<td><em>1er<\/em><\/td>\n<td><em>&nbsp;2do<\/em><\/td>\n<td><a href=\"https:\/\/www.hecelchakan.gob.mx\/hecelchakan\/wp-content\/uploads\/2017\/12\/INTERES-DE-LA-DEUDA.pdf\">3er<\/a><\/td>\n<td><a href=\"https:\/\/www.hecelchakan.gob.mx\/hecelchakan\/wp-content\/uploads\/2018\/01\/INTERESES-DEUDA.pdf\">4to<\/a><\/td>\n<\/tr>\n<tr>\n<td colspan=\"5\" bgcolor=\"Navy\">\n<h5 style=\"text-align: center;\"><span style=\"color: #ffffff;\"><i>Program\u00e1tica<\/i><\/span><\/h5>\n<\/td>\n<\/tr>\n<tr>\n<td><i>Clasificaci\u00f3n<\/i><em>&nbsp;<\/em><i>Program\u00e1tica<\/i><\/td>\n<td><a href=\"https:\/\/www.hecelchakan.gob.mx\/hecelchakan\/wp-content\/uploads\/2017\/08\/ESTADOANALIEJERPRE14.pdf\">1er<\/a><\/td>\n<td><a href=\"https:\/\/www.hecelchakan.gob.mx\/hecelchakan\/wp-content\/uploads\/2017\/08\/14.pdf\">2do<\/a><\/td>\n<td><a href=\"https:\/\/www.hecelchakan.gob.mx\/hecelchakan\/wp-content\/uploads\/2017\/12\/PROGRAMATICA.pdf\">3er<\/a><\/td>\n<td>&nbsp;<a href=\"https:\/\/www.hecelchakan.gob.mx\/hecelchakan\/wp-content\/uploads\/2018\/01\/GASTO-CATE-PROGRAMAT.pdf\">4to<\/a><\/td>\n<\/tr>\n<tr>\n<td colspan=\"5\" bgcolor=\"Navy\">\n<h5 style=\"text-align: center;\"><span style=\"color: #ffffff;\"><em>Anexos<\/em><\/span><\/h5>\n<\/td>\n<\/tr>\n<tr>\n<td><em>Calendario de&nbsp;Egreso &nbsp;<\/em><\/td>\n<td><em>&nbsp;1er<\/em><\/td>\n<td><em>&nbsp;<\/em><\/td>\n<td><em>&nbsp;<\/em><\/td>\n<td><em>4to&nbsp;<\/em><\/td>\n<\/tr>\n<tr>\n<td>&nbsp;B<em>ienes que Conforman El Patrimonio<\/em><\/td>\n<td><em>&nbsp;1er<\/em><\/td>\n<td><em>&nbsp;<\/em><\/td>\n<td><em>&nbsp;<\/em><\/td>\n<td><em>&nbsp;<\/em><\/td>\n<\/tr>\n<tr>\n<td><em>&nbsp;Montos Pagados Por Ayudas y Subsidios<\/em><\/td>\n<td><a href=\"https:\/\/www.hecelchakan.gob.mx\/hecelchakan\/wp-content\/uploads\/2017\/08\/MONTOSPAGAPORAYUDA.pdf\">1er<\/a><\/td>\n<td><a href=\"https:\/\/www.hecelchakan.gob.mx\/hecelchakan\/wp-content\/uploads\/2017\/12\/2DO-TRIESTRE-montosn-pagados-por-AYUDAS.pdf\">2do<\/a><\/td>\n<td><a href=\"https:\/\/www.hecelchakan.gob.mx\/hecelchakan\/wp-content\/uploads\/2017\/12\/AYUDAS-SUBCIDIOS-3.pdf\">3er<\/a><\/td>\n<td><em> 4to<\/em><\/td>\n<\/tr>\n<tr>\n<td>C<i>alendario De Ingresos<\/i><\/td>\n<td><em>&nbsp;1er<\/em><\/td>\n<td><em>&nbsp;2do<\/em><\/td>\n<td><a href=\"https:\/\/www.hecelchakan.gob.mx\/hecelchakan\/wp-content\/uploads\/2017\/12\/CALENDARIO-INGRESO.pdf\">3er<\/a><\/td>\n<td><em>4to&nbsp;<\/em><\/td>\n<\/tr>\n<tr>\n<td>&nbsp;Inventario de Bienes<\/td>\n<td><a href=\"https:\/\/www.hecelchakan.gob.mx\/hecelchakan\/wp-content\/uploads\/2017\/12\/Scan-2017.pdf\">1er<\/a><\/td>\n<td>&nbsp;<a href=\"https:\/\/www.hecelchakan.gob.mx\/hecelchakan\/wp-content\/uploads\/2017\/08\/16VIENES.pdf\">2do<\/a><\/td>\n<td>&nbsp;<a href=\"https:\/\/www.hecelchakan.gob.mx\/hecelchakan\/wp-content\/uploads\/2017\/12\/BIENES-MUEBLES.pdf\">3er<\/a><\/td>\n<td>&nbsp;<a href=\"https:\/\/www.hecelchakan.gob.mx\/hecelchakan\/wp-content\/uploads\/2018\/01\/RELACION-VIENES-COMP.pdf\">4to<\/a><\/td>\n<\/tr>\n<tr>\n<td>&nbsp;<\/td>\n<td>&nbsp;<\/td>\n<td>&nbsp;<\/td>\n<td>&nbsp;<\/td>\n<td>&nbsp;<\/td>\n<\/tr>\n<tr>\n<td colspan=\"5\" bgcolor=\"Navy\">\n<h5 style=\"text-align: center;\"><span style=\"color: #ffffff;\"><em>Bienes Inmuebles<\/em><\/span><\/h5>\n<\/td>\n<\/tr>\n<tr>\n<td><em>Bienes Inmuebles<\/em><\/td>\n<td><em>&nbsp;<\/em><\/td>\n<td><em>&nbsp;<\/em><\/td>\n<td><em>&nbsp;3er<\/em><\/td>\n<td>\n<h4><em>&nbsp;<\/em><\/h4>\n<\/td>\n<\/tr>\n<\/tbody>\n<\/table>\n","protected":false},"excerpt":{"rendered":"<p>ARMONIZACI\u00d3N CONTABLE DIF 2017 Contable Trimestres 2017 &nbsp;Estado Anal\u00edtico&nbsp;del Activo. 1er&nbsp; 2do 3er &nbsp;4to Anal\u00edtico&nbsp;Del Pasivo 1er &nbsp; &nbsp; &nbsp; Estado de Actividades 1er&nbsp; 2do 3er 4to Estado de Cambio de la&nbsp;Situaci\u00f3n&nbsp;Financiera &nbsp; &nbsp; 1er&nbsp; 2do 3er 4to Estado de Flujo Efectivo 1er&nbsp; 2do 3er 4to Estado de Situaci\u00f3n&nbsp;Financiera 1er&nbsp; 2do 3er &nbsp;4to Estado de [&hellip;]<\/p>\n","protected":false},"author":1,"featured_media":0,"parent":0,"menu_order":0,"comment_status":"closed","ping_status":"closed","template":"page-full-width.php","meta":{"ngg_post_thumbnail":0,"footnotes":""},"class_list":["post-3020","page","type-page","status-publish","hentry"],"_links":{"self":[{"href":"https:\/\/www.hecelchakan.gob.mx\/hecelchakan\/wp-json\/wp\/v2\/pages\/3020","targetHints":{"allow":["GET"]}}],"collection":[{"href":"https:\/\/www.hecelchakan.gob.mx\/hecelchakan\/wp-json\/wp\/v2\/pages"}],"about":[{"href":"https:\/\/www.hecelchakan.gob.mx\/hecelchakan\/wp-json\/wp\/v2\/types\/page"}],"author":[{"embeddable":true,"href":"https:\/\/www.hecelchakan.gob.mx\/hecelchakan\/wp-json\/wp\/v2\/users\/1"}],"replies":[{"embeddable":true,"href":"https:\/\/www.hecelchakan.gob.mx\/hecelchakan\/wp-json\/wp\/v2\/comments?post=3020"}],"version-history":[{"count":13,"href":"https:\/\/www.hecelchakan.gob.mx\/hecelchakan\/wp-json\/wp\/v2\/pages\/3020\/revisions"}],"predecessor-version":[{"id":3587,"href":"https:\/\/www.hecelchakan.gob.mx\/hecelchakan\/wp-json\/wp\/v2\/pages\/3020\/revisions\/3587"}],"wp:attachment":[{"href":"https:\/\/www.hecelchakan.gob.mx\/hecelchakan\/wp-json\/wp\/v2\/media?parent=3020"}],"curies":[{"name":"wp","href":"https:\/\/api.w.org\/{rel}","templated":true}]}}