{"id":3049,"date":"2017-08-24T19:43:13","date_gmt":"2017-08-24T19:43:13","guid":{"rendered":"http:\/\/hecelchakan.gob.mx\/?page_id=3049"},"modified":"2025-08-21T17:03:28","modified_gmt":"2025-08-21T22:03:28","slug":"armonizacion-contable-dif-2","status":"publish","type":"page","link":"https:\/\/www.hecelchakan.gob.mx\/hecelchakan\/armonizacion-contable-dif-2\/","title":{"rendered":"Armonizaci\u00f3n Contable DIF"},"content":{"rendered":"\n<figure class=\"wp-block-table is-style-stripes has-medium-font-size\" style=\"font-style:italic;font-weight:500\"><table class=\"has-fixed-layout\"><thead><tr><th class=\"has-text-align-center\" data-align=\"center\"><strong>Armonizaci\u00f3n Contable<\/strong><\/th><\/tr><\/thead><tbody><tr><td class=\"has-text-align-center\" data-align=\"center\">1.-<a href=\"https:\/\/www.hecelchakan.gob.mx\/hecelchakan\/armonizacion-contable-dif-2025\/\">Armonizaci\u00f3n Contable 2025<\/a><\/td><\/tr><tr><td class=\"has-text-align-center\" data-align=\"center\">2.-<a href=\"https:\/\/www.hecelchakan.gob.mx\/hecelchakan\/armonizacion-contable-dif-2024\/\">Armonizaci\u00f3n Contable 2024<\/a><\/td><\/tr><tr><td class=\"has-text-align-center\" data-align=\"center\">3.-<a href=\"https:\/\/www.hecelchakan.gob.mx\/hecelchakan\/armonizacion-contable-dif-2023\/\">Armonizaci\u00f3n Contable 2023<\/a><\/td><\/tr><tr><td class=\"has-text-align-center\" data-align=\"center\">4.-<a href=\"https:\/\/www.hecelchakan.gob.mx\/hecelchakan\/armonizacion-contable-dif-2022\/\">Armonizaci\u00f3n Contable 2022<\/a><\/td><\/tr><tr><td class=\"has-text-align-center\" data-align=\"center\">5.-<a href=\"https:\/\/www.hecelchakan.gob.mx\/hecelchakan\/armonizacion-contable-dif-2021\/\">Armonizaci\u00f3n Contable 2021<\/a><\/td><\/tr><tr><td class=\"has-text-align-center\" data-align=\"center\">6.-<a href=\"https:\/\/www.hecelchakan.gob.mx\/hecelchakan\/armonizacion-contable-2020-dif\/\">Armonizaci\u00f3n Contable 2020<\/a><\/td><\/tr><tr><td class=\"has-text-align-center\" data-align=\"center\">7.-<a href=\"https:\/\/www.hecelchakan.gob.mx\/hecelchakan\/armonizacion-contable-2019-dif\/\">Armonizaci\u00f3n Contable 2019<\/a><\/td><\/tr><tr><td class=\"has-text-align-center\" data-align=\"center\">8.-<a href=\"https:\/\/www.hecelchakan.gob.mx\/hecelchakan\/armonizacion-contable-dif-2018\/\">Armonizaci\u00f3n Contable 2018<\/a><\/td><\/tr><tr><td class=\"has-text-align-center\" data-align=\"center\">9.-<a href=\"https:\/\/www.hecelchakan.gob.mx\/hecelchakan\/armonizacion-contable-2017-2\/\">Armonizaci\u00f3n Contable 2017<\/a><\/td><\/tr><tr><td class=\"has-text-align-center\" data-align=\"center\">10.-<a href=\"https:\/\/www.hecelchakan.gob.mx\/hecelchakan\/armonizacion-contable-dif\/\">Armonizaci\u00f3n Contable 2016<\/a><\/td><\/tr><tr><td class=\"has-text-align-center\" data-align=\"center\"><\/td><\/tr><\/tbody><tfoot><tr><td class=\"has-text-align-center\" data-align=\"center\"><\/td><\/tr><\/tfoot><\/table><\/figure>\n","protected":false},"excerpt":{"rendered":"<p>Armonizaci\u00f3n Contable 1.-Armonizaci\u00f3n Contable 2025 2.-Armonizaci\u00f3n Contable 2024 3.-Armonizaci\u00f3n Contable 2023 4.-Armonizaci\u00f3n Contable 2022 5.-Armonizaci\u00f3n Contable 2021 6.-Armonizaci\u00f3n Contable 2020 7.-Armonizaci\u00f3n Contable 2019 8.-Armonizaci\u00f3n Contable 2018 9.-Armonizaci\u00f3n Contable 2017 10.-Armonizaci\u00f3n Contable 2016<\/p>\n","protected":false},"author":1,"featured_media":0,"parent":0,"menu_order":0,"comment_status":"closed","ping_status":"closed","template":"","meta":{"ngg_post_thumbnail":0,"footnotes":""},"class_list":["post-3049","page","type-page","status-publish","hentry"],"_links":{"self":[{"href":"https:\/\/www.hecelchakan.gob.mx\/hecelchakan\/wp-json\/wp\/v2\/pages\/3049","targetHints":{"allow":["GET"]}}],"collection":[{"href":"https:\/\/www.hecelchakan.gob.mx\/hecelchakan\/wp-json\/wp\/v2\/pages"}],"about":[{"href":"https:\/\/www.hecelchakan.gob.mx\/hecelchakan\/wp-json\/wp\/v2\/types\/page"}],"author":[{"embeddable":true,"href":"https:\/\/www.hecelchakan.gob.mx\/hecelchakan\/wp-json\/wp\/v2\/users\/1"}],"replies":[{"embeddable":true,"href":"https:\/\/www.hecelchakan.gob.mx\/hecelchakan\/wp-json\/wp\/v2\/comments?post=3049"}],"version-history":[{"count":4,"href":"https:\/\/www.hecelchakan.gob.mx\/hecelchakan\/wp-json\/wp\/v2\/pages\/3049\/revisions"}],"predecessor-version":[{"id":27033,"href":"https:\/\/www.hecelchakan.gob.mx\/hecelchakan\/wp-json\/wp\/v2\/pages\/3049\/revisions\/27033"}],"wp:attachment":[{"href":"https:\/\/www.hecelchakan.gob.mx\/hecelchakan\/wp-json\/wp\/v2\/media?parent=3049"}],"curies":[{"name":"wp","href":"https:\/\/api.w.org\/{rel}","templated":true}]}}