{"id":677,"date":"2016-04-21T18:02:32","date_gmt":"2016-04-21T18:02:32","guid":{"rendered":"http:\/\/hecelchakan.gob.mx\/?page_id=677"},"modified":"2019-07-08T14:53:23","modified_gmt":"2019-07-08T14:53:23","slug":"cuenta-publica-ayuntamiento","status":"publish","type":"page","link":"https:\/\/www.hecelchakan.gob.mx\/hecelchakan\/cuenta-publica-ayuntamiento\/","title":{"rendered":"Cuenta Publica 2015"},"content":{"rendered":"<p>&nbsp;<\/p>\n<table border=\"2px\">\n<tbody>\n<tr>\n<td style=\"text-align: center;\" bgcolor=\"04A5FB\" width=\"80%\"><b>H. Ayuntamiento del Municipio de Hecelchak\u00e1n&nbsp;<\/b><\/td>\n<td style=\"text-align: center;\" colspan=\"12\" bgcolor=\"04A5FB\" width=\"100%\"><strong>A\u00f1o<\/strong><\/td>\n<\/tr>\n<tr>\n<td bgcolor=\"04FBCE\" width=\"50%\"><strong>Informaci\u00f3n&nbsp;Contable<\/strong><\/td>\n<td style=\"text-align: center;\" colspan=\"4\" bgcolor=\"04FBCE\" width=\"50%\"><strong>&nbsp; 2015<\/strong><\/td>\n<\/tr>\n<tr>\n<td>Estado de Actividades<\/td>\n<td style=\"text-align: center;\"><strong><a href=\"https:\/\/www.hecelchakan.gob.mx\/hecelchakan\/wp-content\/uploads\/2016\/04\/PDF1.pdf\">PDF 1<\/a><\/strong><\/td>\n<\/tr>\n<tr>\n<td style=\"text-align: left;\">Estado de la&nbsp;Situaci\u00f3n&nbsp;Financiera<\/td>\n<td style=\"text-align: center;\"><strong><a href=\"https:\/\/www.hecelchakan.gob.mx\/hecelchakan\/wp-content\/uploads\/2016\/08\/CUENTA-PUBLICA-2015-ESTADO-DE-SITUACION-FINANCIERA-AL-31-DE-DICIEMBRE-2015-2014.pdf\">PDF 2<\/a><\/strong><\/td>\n<\/tr>\n<tr>\n<td style=\"text-align: left;\">Estado de&nbsp;Variaci\u00f3n&nbsp;en la hacienda publica<\/td>\n<td style=\"text-align: center;\"><strong>PDF 3<\/strong><\/td>\n<\/tr>\n<tr>\n<td style=\"text-align: left;\">Estado de&nbsp;Variaci\u00f3n&nbsp;en la&nbsp;Situaci\u00f3n&nbsp;Financiera<\/td>\n<td style=\"text-align: center;\"><strong>&nbsp;PDF 4<\/strong><\/td>\n<\/tr>\n<tr>\n<td>Estados de Flujo de Efectivo<\/td>\n<td style=\"text-align: center;\"><strong>&nbsp;PDF 5<\/strong><\/td>\n<\/tr>\n<tr>\n<td style=\"text-align: left;\">Informes sobre Pasivos Contingentes<\/td>\n<td style=\"text-align: center;\"><strong>&nbsp;PDF 6<\/strong><\/td>\n<\/tr>\n<tr>\n<td style=\"text-align: left;\">Notas a los Estados Financieros<\/td>\n<td style=\"text-align: center;\"><strong> <a href=\"https:\/\/www.hecelchakan.gob.mx\/hecelchakan\/wp-content\/uploads\/2016\/08\/Notas-a-los-Estados-Financieros-cuenta-publica-copia.pdf\">PDF 7<\/a><\/strong><\/td>\n<\/tr>\n<tr>\n<td style=\"text-align: left;\">Estado Anal\u00edtico del Activo<\/td>\n<td style=\"text-align: center;\"><strong> <a href=\"https:\/\/www.hecelchakan.gob.mx\/hecelchakan\/wp-content\/uploads\/2016\/04\/PDF8.pdf\">PDF 8<\/a><\/strong><\/td>\n<\/tr>\n<tr>\n<td style=\"text-align: left;\">Estado Anal\u00edtico de la Deuda y otras Pasivos<\/td>\n<td style=\"text-align: center;\"><strong> <a href=\"https:\/\/www.hecelchakan.gob.mx\/hecelchakan\/wp-content\/uploads\/2016\/04\/PDF9.pdf\">PDF 9<\/a><\/strong><\/td>\n<\/tr>\n<tr>\n<td style=\"text-align: center;\">&nbsp;~<\/td>\n<td style=\"text-align: center;\"><strong>&nbsp;~<\/strong><\/td>\n<\/tr>\n<tr>\n<td style=\"text-align: left;\" bgcolor=\"04FBCE\" width=\"50%\"><b>Informaci\u00f3n&nbsp;Presupuestaria<\/b><\/td>\n<td colspan=\"\" bgcolor=\"04FBCE\" width=\"50%\">&nbsp;<\/td>\n<\/tr>\n<tr>\n<td style=\"text-align: left;\">Estado Anal\u00edtico de Ingresos<\/td>\n<td style=\"text-align: center;\"><strong><a href=\"https:\/\/www.hecelchakan.gob.mx\/hecelchakan\/wp-content\/uploads\/2016\/04\/PDF10.pdf\">PDF 10<\/a><\/strong><\/td>\n<\/tr>\n<tr>\n<td style=\"text-align: left;\">Estado Anal\u00edtico del Ejercicio del Presupuesto<\/td>\n<td style=\"text-align: center;\"><strong>&nbsp;<\/strong><\/td>\n<\/tr>\n<tr>\n<td style=\"text-align: left;\">Clasificaci\u00f3n Administrativa<\/td>\n<td style=\"text-align: center;\"><strong><a href=\"https:\/\/www.hecelchakan.gob.mx\/hecelchakan\/wp-content\/uploads\/2016\/08\/CUENTA-PUBLICA-2015-ESTADO-ANALITICO-DEL-EJERCICIO-DEL-PRESUPUESTO-DE-EGRESO-CLASIFICACION-ADMINISTRATIVA.pdf\">PDF 11<\/a><\/strong><\/td>\n<\/tr>\n<tr>\n<td style=\"text-align: left;\">&nbsp;Clasificaci\u00f3n Econ\u00f3mica (Por Tipo de Gasto)<\/td>\n<td style=\"text-align: center;\"><strong><a href=\"https:\/\/www.hecelchakan.gob.mx\/hecelchakan\/wp-content\/uploads\/2016\/04\/PDF12.pdf\">PDF 12<\/a><\/strong><\/td>\n<\/tr>\n<tr>\n<td style=\"text-align: left;\">&nbsp;Clasificaci\u00f3n por Objeto de Gasto (Capitulo y Concepto)<\/td>\n<td style=\"text-align: center;\"><strong> <a href=\"https:\/\/www.hecelchakan.gob.mx\/hecelchakan\/wp-content\/uploads\/2016\/04\/PDF13.pdf\">PDF 13<\/a><\/strong><\/td>\n<\/tr>\n<tr>\n<td style=\"text-align: left;\">&nbsp;Clasificaci\u00f3n Funcional (Finalidad y Funci\u00f3n)<\/td>\n<td style=\"text-align: center;\"><strong> <a href=\"https:\/\/www.hecelchakan.gob.mx\/hecelchakan\/wp-content\/uploads\/2016\/04\/PDF14.pdf\">PDF 14<\/a><\/strong><\/td>\n<\/tr>\n<tr>\n<td style=\"text-align: left;\">&nbsp;Endeudamiento Neto<\/td>\n<td style=\"text-align: center;\"><strong> <a href=\"https:\/\/www.hecelchakan.gob.mx\/hecelchakan\/wp-content\/uploads\/2016\/04\/PDF15.pdf\">PDF 15<\/a><\/strong><\/td>\n<\/tr>\n<tr>\n<td style=\"text-align: left;\">&nbsp;Intereses de la Deuda<\/td>\n<td style=\"text-align: center;\"><strong> <a href=\"https:\/\/www.hecelchakan.gob.mx\/hecelchakan\/wp-content\/uploads\/2016\/04\/PDF16.pdf\">PDF 16<\/a><\/strong><\/td>\n<\/tr>\n<tr>\n<td style=\"text-align: left;\">&nbsp;Flujo de Fondos<\/td>\n<td style=\"text-align: center;\"><strong>&nbsp;PDF 17<\/strong><\/td>\n<\/tr>\n<tr>\n<td style=\"text-align: center;\">&nbsp;~<\/td>\n<td style=\"text-align: center;\">&nbsp;~<\/td>\n<\/tr>\n<tr>\n<td style=\"text-align: left;\" bgcolor=\"04FBCE\" width=\"50%\"><strong>Informaci\u00f3n&nbsp;<\/strong><b>Program\u00e1tica<\/b><\/td>\n<td style=\"text-align: center;\" bgcolor=\"04FBCE\" width=\"50%\"><strong>&nbsp;<\/strong><\/td>\n<\/tr>\n<tr>\n<td style=\"text-align: left;\">Gasto por Categor\u00eda Program\u00e1tica<\/td>\n<td style=\"text-align: center;\"><strong>&nbsp;PDF 18<\/strong><\/td>\n<\/tr>\n<tr>\n<td style=\"text-align: left;\">Programas y Proyecci\u00f3n de Inversi\u00f3n<\/td>\n<td style=\"text-align: center;\"><strong>&nbsp;PDF 19<\/strong><\/td>\n<\/tr>\n<tr>\n<td style=\"text-align: left;\">Indicadores de Resultados<\/td>\n<td style=\"text-align: center;\"><strong>&nbsp;PDF 20<\/strong><\/td>\n<\/tr>\n<tr>\n<td style=\"text-align: center;\">&nbsp;~<\/td>\n<td style=\"text-align: center;\"><strong>~&nbsp;<\/strong><\/td>\n<\/tr>\n<tr>\n<td style=\"text-align: center;\">&nbsp;<\/td>\n<td colspan=\"4\">&nbsp;<\/td>\n<\/tr>\n<tr>\n<td style=\"text-align: left;\" bgcolor=\"04FBCE\" width=\"50%\"><strong>Anexos<\/strong><\/td>\n<td style=\"text-align: center;\" bgcolor=\"04FBCE\" width=\"50%\"><strong>&nbsp;<\/strong><\/td>\n<\/tr>\n<tr>\n<td style=\"text-align: left;\">Relaci\u00f3n de Bienes Muebles que Componen el Patrimonio del Ente P\u00fablico<\/td>\n<td style=\"text-align: center;\"><strong> <a href=\"https:\/\/www.hecelchakan.gob.mx\/hecelchakan\/wp-content\/uploads\/2016\/04\/PDF21.pdf\">PDF 21<\/a><\/strong><\/td>\n<\/tr>\n<tr>\n<td style=\"text-align: left;\">Relaci\u00f3n de Bienes Inmuebles que componen el patrimonio del Ente P\u00fablico<\/td>\n<td style=\"text-align: center;\"><strong> <a href=\"https:\/\/www.hecelchakan.gob.mx\/hecelchakan\/wp-content\/uploads\/2016\/04\/PDF22.pdf\">PDF 22<\/a><\/strong><\/td>\n<\/tr>\n<tr>\n<td style=\"text-align: left;\">Relaci\u00f3n de Cuentas Bancarias Productivas Especificas<\/td>\n<td style=\"text-align: center;\"><strong> <a href=\"https:\/\/www.hecelchakan.gob.mx\/hecelchakan\/wp-content\/uploads\/2016\/04\/PDF23.pdf\">PDF 23<\/a><\/strong><\/td>\n<\/tr>\n<tr>\n<td style=\"text-align: left;\">Formato del Ejercicio y Destino de Gasto Federalizado y Reintegros<\/td>\n<td style=\"text-align: center;\"><strong>&nbsp;PDF 24<\/strong><\/td>\n<\/tr>\n<tr>\n<td style=\"text-align: center;\"><b>~<\/b><\/td>\n<td style=\"text-align: center;\"><strong>&nbsp;~<\/strong><\/td>\n<\/tr>\n<tr>\n<td style=\"text-align: center;\">&nbsp;<\/td>\n<td colspan=\"4\">&nbsp;<\/td>\n<\/tr>\n<tr>\n<td style=\"text-align: center;\"><b>Cuenta&nbsp;<\/b><\/td>\n<td style=\"text-align: center;\"><strong>&nbsp;Cuenta &nbsp;publica<\/strong><\/td>\n<\/tr>\n<\/tbody>\n<\/table>\n<p>&nbsp;<\/p>\n","protected":false},"excerpt":{"rendered":"<p>&nbsp; H. Ayuntamiento del Municipio de Hecelchak\u00e1n&nbsp; A\u00f1o Informaci\u00f3n&nbsp;Contable &nbsp; 2015 Estado de Actividades PDF 1 Estado de la&nbsp;Situaci\u00f3n&nbsp;Financiera PDF 2 Estado de&nbsp;Variaci\u00f3n&nbsp;en la hacienda publica PDF 3 Estado de&nbsp;Variaci\u00f3n&nbsp;en la&nbsp;Situaci\u00f3n&nbsp;Financiera &nbsp;PDF 4 Estados de Flujo de Efectivo &nbsp;PDF 5 Informes sobre Pasivos Contingentes &nbsp;PDF 6 Notas a los Estados Financieros PDF 7 Estado Anal\u00edtico [&hellip;]<\/p>\n","protected":false},"author":1,"featured_media":0,"parent":0,"menu_order":0,"comment_status":"closed","ping_status":"closed","template":"","meta":{"ngg_post_thumbnail":0,"footnotes":""},"class_list":["post-677","page","type-page","status-publish","hentry"],"_links":{"self":[{"href":"https:\/\/www.hecelchakan.gob.mx\/hecelchakan\/wp-json\/wp\/v2\/pages\/677","targetHints":{"allow":["GET"]}}],"collection":[{"href":"https:\/\/www.hecelchakan.gob.mx\/hecelchakan\/wp-json\/wp\/v2\/pages"}],"about":[{"href":"https:\/\/www.hecelchakan.gob.mx\/hecelchakan\/wp-json\/wp\/v2\/types\/page"}],"author":[{"embeddable":true,"href":"https:\/\/www.hecelchakan.gob.mx\/hecelchakan\/wp-json\/wp\/v2\/users\/1"}],"replies":[{"embeddable":true,"href":"https:\/\/www.hecelchakan.gob.mx\/hecelchakan\/wp-json\/wp\/v2\/comments?post=677"}],"version-history":[{"count":61,"href":"https:\/\/www.hecelchakan.gob.mx\/hecelchakan\/wp-json\/wp\/v2\/pages\/677\/revisions"}],"predecessor-version":[{"id":7185,"href":"https:\/\/www.hecelchakan.gob.mx\/hecelchakan\/wp-json\/wp\/v2\/pages\/677\/revisions\/7185"}],"wp:attachment":[{"href":"https:\/\/www.hecelchakan.gob.mx\/hecelchakan\/wp-json\/wp\/v2\/media?parent=677"}],"curies":[{"name":"wp","href":"https:\/\/api.w.org\/{rel}","templated":true}]}}