{"id":8,"date":"2016-04-06T20:17:28","date_gmt":"2016-04-06T20:17:28","guid":{"rendered":"http:\/\/www.hecelchakan.gob.mx\/hecelchakan\/?page_id=8"},"modified":"2025-12-01T15:44:41","modified_gmt":"2025-12-01T21:44:41","slug":"home","status":"publish","type":"page","link":"https:\/\/www.hecelchakan.gob.mx\/hecelchakan\/","title":{"rendered":"H. Ayuntamiento de Hecelchak\u00e1n"},"content":{"rendered":"<h1 style=\"text-align: center;\"><img loading=\"lazy\" decoding=\"async\" class=\"aligncenter  wp-image-27111\" src=\"https:\/\/www.hecelchakan.gob.mx\/hecelchakan\/wp-content\/uploads\/2025\/09\/551229593_122177154494568048_8626374035764917448_n.jpg\" alt=\"\" width=\"271\" height=\"271\" srcset=\"https:\/\/www.hecelchakan.gob.mx\/hecelchakan\/wp-content\/uploads\/2025\/09\/551229593_122177154494568048_8626374035764917448_n.jpg 1080w, https:\/\/www.hecelchakan.gob.mx\/hecelchakan\/wp-content\/uploads\/2025\/09\/551229593_122177154494568048_8626374035764917448_n-300x300.jpg 300w, https:\/\/www.hecelchakan.gob.mx\/hecelchakan\/wp-content\/uploads\/2025\/09\/551229593_122177154494568048_8626374035764917448_n-510x510.jpg 510w, https:\/\/www.hecelchakan.gob.mx\/hecelchakan\/wp-content\/uploads\/2025\/09\/551229593_122177154494568048_8626374035764917448_n-80x80.jpg 80w, https:\/\/www.hecelchakan.gob.mx\/hecelchakan\/wp-content\/uploads\/2025\/09\/551229593_122177154494568048_8626374035764917448_n-768x768.jpg 768w, https:\/\/www.hecelchakan.gob.mx\/hecelchakan\/wp-content\/uploads\/2025\/09\/551229593_122177154494568048_8626374035764917448_n-150x150.jpg 150w\" sizes=\"auto, (max-width: 271px) 100vw, 271px\" \/><em><strong>ALCALDIA DE HECELCHAKAN<\/strong><\/em><\/h1>\n<hr>\n<h1 style=\"text-align: center;\">&nbsp;<\/h1>\n\n\n<figure class=\"wp-block-video\"><video controls src=\"https:\/\/drive.google.com\/file\/d\/1_yj6Lbnw2lniLCwHpwqjO3vkE52msWlM\/view?usp=drive_link\"><\/video><\/figure>\n\n\n\n<div class=\"wp-block-columns is-layout-flex wp-container-core-columns-is-layout-9d6595d7 wp-block-columns-is-layout-flex\">\n<div class=\"wp-block-column is-layout-flow wp-block-column-is-layout-flow\">\n<figure class=\"wp-block-gallery has-nested-images columns-default is-cropped wp-block-gallery-1 is-layout-flex wp-block-gallery-is-layout-flex\"><\/figure>\n<\/div>\n<\/div>\n\n\n\n<div class=\"wp-block-columns is-layout-flex wp-container-core-columns-is-layout-9d6595d7 wp-block-columns-is-layout-flex\">\n<div class=\"wp-block-column is-layout-flow wp-block-column-is-layout-flow\">\n<figure class=\"wp-block-gallery has-nested-images columns-default is-cropped wp-block-gallery-2 is-layout-flex wp-block-gallery-is-layout-flex\"><\/figure>\n<\/div>\n\n\n\n<div class=\"wp-block-column is-layout-flow wp-block-column-is-layout-flow\">\n<figure class=\"wp-block-gallery has-nested-images columns-default is-cropped wp-block-gallery-3 is-layout-flex wp-block-gallery-is-layout-flex\"><\/figure>\n\n\n\n<p><\/p>\n<\/div>\n\n\n\n<div class=\"wp-block-column is-layout-flow wp-block-column-is-layout-flow\">\n<figure class=\"wp-block-gallery has-nested-images columns-default is-cropped wp-block-gallery-4 is-layout-flex wp-block-gallery-is-layout-flex\"><\/figure>\n<\/div>\n<\/div>\n\n\n\n<div class=\"wp-block-columns is-layout-flex wp-container-core-columns-is-layout-9d6595d7 wp-block-columns-is-layout-flex\">\n<div class=\"wp-block-column is-layout-flow wp-block-column-is-layout-flow\">\n<figure class=\"wp-block-video\"><video controls src=\"https:\/\/www.hecelchakan.gob.mx\/hecelchakan\/wp-content\/uploads\/2025\/09\/AQOB7AS6cF_1w9SCTVP4aFdHJlCMfvGhCiBjcaAPIOif937QHG8xxydgFLU_DRAnc0bMuZBrQyOXm2hXlBbha3JsYEP6rFEeYF_az_RGj16izA.mp4\"><\/video><\/figure>\n<\/div>\n\n\n\n<div class=\"wp-block-column is-layout-flow wp-block-column-is-layout-flow\">\n<figure class=\"wp-block-video\"><video controls src=\"https:\/\/www.hecelchakan.gob.mx\/hecelchakan\/wp-content\/uploads\/2025\/09\/AQNSy28Niuw0q-y7Nvlxddpi48rCqy6boliyMxyYgnnAXcl4h4V_btKOAvfswcxNw9MtVmPXyqu4dyms38b3097V2TsV3nseXqX0FpG7KzH3Ow.mp4\"><\/video><\/figure>\n<\/div>\n<\/div>\n\n\n\n<div class=\"wp-block-media-text is-stacked-on-mobile\"><figure class=\"wp-block-media-text__media\"><img loading=\"lazy\" decoding=\"async\" width=\"510\" height=\"510\" src=\"https:\/\/www.hecelchakan.gob.mx\/hecelchakan\/wp-content\/uploads\/2025\/08\/533121566_122171354450568048_2603631133367030922_n-510x510.jpg\" alt=\"\" class=\"wp-image-27008 size-full\" srcset=\"https:\/\/www.hecelchakan.gob.mx\/hecelchakan\/wp-content\/uploads\/2025\/08\/533121566_122171354450568048_2603631133367030922_n-510x510.jpg 510w, https:\/\/www.hecelchakan.gob.mx\/hecelchakan\/wp-content\/uploads\/2025\/08\/533121566_122171354450568048_2603631133367030922_n-300x300.jpg 300w, https:\/\/www.hecelchakan.gob.mx\/hecelchakan\/wp-content\/uploads\/2025\/08\/533121566_122171354450568048_2603631133367030922_n-80x80.jpg 80w, https:\/\/www.hecelchakan.gob.mx\/hecelchakan\/wp-content\/uploads\/2025\/08\/533121566_122171354450568048_2603631133367030922_n-768x768.jpg 768w, https:\/\/www.hecelchakan.gob.mx\/hecelchakan\/wp-content\/uploads\/2025\/08\/533121566_122171354450568048_2603631133367030922_n-150x150.jpg 150w, https:\/\/www.hecelchakan.gob.mx\/hecelchakan\/wp-content\/uploads\/2025\/08\/533121566_122171354450568048_2603631133367030922_n-1536x1536.jpg 1536w, https:\/\/www.hecelchakan.gob.mx\/hecelchakan\/wp-content\/uploads\/2025\/08\/533121566_122171354450568048_2603631133367030922_n.jpg 1600w\" sizes=\"auto, (max-width: 510px) 100vw, 510px\" \/><\/figure><div class=\"wp-block-media-text__content\">\n<p>La Encuesta Intercensal 2025 es una encuesta nacional que se realiza con el prop\u00f3sito de actualizar la informaci\u00f3n sociodemogr\u00e1fica a la mitad del periodo comprendido entre el Censo de Poblaci\u00f3n y Vivienda 2020 y el que habr\u00e1 de realizarse en 2030.<\/p>\n\n\n\n<p>\u00a1EL INEGI TE INVITA A FORMAR PARTE DE SU EQUIPO DE TRABAJO! https:\/\/intercensal2025.mx\/ <\/p>\n\n\n\n<p><\/p>\n<\/div><\/div>\n\n\n\n<div class=\"wp-block-columns is-layout-flex wp-container-core-columns-is-layout-9d6595d7 wp-block-columns-is-layout-flex\">\n<div class=\"wp-block-column is-layout-flow wp-block-column-is-layout-flow\">\n<div class=\"wp-block-columns is-layout-flex wp-container-core-columns-is-layout-9d6595d7 wp-block-columns-is-layout-flex\">\n<div class=\"wp-block-column is-layout-flow wp-block-column-is-layout-flow\">\n<p><\/p>\n\n\n\n<p class=\"has-text-align-center has-medium-font-size\"><strong><em>Presentaci\u00f3n de la Agenda de Perspectiva de G\u00e9nero y Anticorrupci\u00f3n<\/em><\/strong><\/p>\n\n\n\n<p class=\"has-text-align-center\"><strong><em>Impartida Por Servidores Del Estado De Campeche <\/em><\/strong><\/p>\n<\/div>\n\n\n\n<div class=\"wp-block-column is-layout-flow wp-block-column-is-layout-flow\">\n<figure class=\"wp-block-video\"><video controls src=\"https:\/\/www.hecelchakan.gob.mx\/hecelchakan\/wp-content\/uploads\/2025\/08\/AQPtBdibVTMoFa2jb7gOle7wMSxNZVPBIE1XZj7y4_8eLHqRrwTnMxi9Dj-l4csLSZLtuMZp76ft2wx2bTuJXE7O8IPIzMRxgE9Ti9M81QpjvA.mp4\"><\/video><\/figure>\n<\/div>\n<\/div>\n<\/div>\n<\/div>\n\n\n\n<div class=\"wp-block-group\"><div class=\"wp-block-group__inner-container is-layout-flow wp-block-group-is-layout-flow\">\n<div class=\"wp-block-group\"><div class=\"wp-block-group__inner-container is-layout-flow wp-block-group-is-layout-flow\">\n<div class=\"wp-block-columns is-layout-flex wp-container-core-columns-is-layout-9d6595d7 wp-block-columns-is-layout-flex\">\n<div class=\"wp-block-column is-layout-flow wp-block-column-is-layout-flow\">\n<div class=\"wp-block-buttons is-layout-flex wp-block-buttons-is-layout-flex\">\n<div class=\"wp-block-button is-style-outline is-style-outline--5\"><a class=\"wp-block-button__link has-luminous-vivid-orange-color has-white-background-color has-text-color has-background has-link-color wp-element-button\" href=\"http:\/\/74.208.75.50:5000\/\" style=\"border-radius:12px\"><strong><em>DECLARANET<\/em><\/strong><\/a><\/div>\n<\/div>\n<\/div>\n\n\n\n<div class=\"wp-block-column is-layout-flow wp-block-column-is-layout-flow\"><\/div>\n\n\n\n<div class=\"wp-block-column is-layout-flow wp-block-column-is-layout-flow\">\n<div class=\"wp-block-buttons is-layout-flex wp-block-buttons-is-layout-flex\">\n<div class=\"wp-block-button is-style-outline is-style-outline--6\"><a class=\"wp-block-button__link has-luminous-vivid-orange-color has-white-background-color has-text-color has-background has-link-color wp-element-button\" href=\"https:\/\/www.hecelchakan.gob.mx\/hecelchakan\/recomendaciones-generales-al-ayuntamiento\/\" style=\"border-radius:9px\"><strong><em>RECOMENDACIONES DE DERECHOS HUMANOS<\/em><\/strong><\/a><\/div>\n<\/div>\n<\/div>\n<\/div>\n<\/div><\/div>\n<\/div><\/div>\n\n\n\n<div class=\"wp-block-buttons is-content-justification-center is-layout-flex wp-container-core-buttons-is-layout-16018d1d wp-block-buttons-is-layout-flex\">\n<div class=\"wp-block-button has-custom-width wp-block-button__width-100 is-style-outline is-style-outline--7\"><a class=\"wp-block-button__link has-luminous-vivid-orange-color has-white-background-color has-text-color has-background has-link-color wp-element-button\" href=\"https:\/\/www.facebook.com\/p\/Alcald%C3%ADa-de-Hecelchak%C3%A1n-2024-2027-61567041446048\/\" style=\"border-radius:17px\"><strong><em>VISITANOS EN FACEBOOK: ALCALDIA DE HECELCHAKAN 2024-2027<\/em><\/strong><\/a><\/div>\n<\/div>\n\n\n\n<p><\/p>\n","protected":false},"excerpt":{"rendered":"<p>ALCALDIA DE HECELCHAKAN &nbsp; La Encuesta Intercensal 2025 es una encuesta nacional que se realiza con el prop\u00f3sito de actualizar la informaci\u00f3n sociodemogr\u00e1fica a la mitad del periodo comprendido entre el Censo de Poblaci\u00f3n y Vivienda 2020 y el que habr\u00e1 de realizarse en 2030. \u00a1EL INEGI TE INVITA A FORMAR PARTE DE SU EQUIPO [&hellip;]<\/p>\n","protected":false},"author":1,"featured_media":0,"parent":0,"menu_order":0,"comment_status":"closed","ping_status":"closed","template":"","meta":{"ngg_post_thumbnail":0,"footnotes":""},"class_list":["post-8","page","type-page","status-publish","hentry"],"_links":{"self":[{"href":"https:\/\/www.hecelchakan.gob.mx\/hecelchakan\/wp-json\/wp\/v2\/pages\/8","targetHints":{"allow":["GET"]}}],"collection":[{"href":"https:\/\/www.hecelchakan.gob.mx\/hecelchakan\/wp-json\/wp\/v2\/pages"}],"about":[{"href":"https:\/\/www.hecelchakan.gob.mx\/hecelchakan\/wp-json\/wp\/v2\/types\/page"}],"author":[{"embeddable":true,"href":"https:\/\/www.hecelchakan.gob.mx\/hecelchakan\/wp-json\/wp\/v2\/users\/1"}],"replies":[{"embeddable":true,"href":"https:\/\/www.hecelchakan.gob.mx\/hecelchakan\/wp-json\/wp\/v2\/comments?post=8"}],"version-history":[{"count":208,"href":"https:\/\/www.hecelchakan.gob.mx\/hecelchakan\/wp-json\/wp\/v2\/pages\/8\/revisions"}],"predecessor-version":[{"id":27523,"href":"https:\/\/www.hecelchakan.gob.mx\/hecelchakan\/wp-json\/wp\/v2\/pages\/8\/revisions\/27523"}],"wp:attachment":[{"href":"https:\/\/www.hecelchakan.gob.mx\/hecelchakan\/wp-json\/wp\/v2\/media?parent=8"}],"curies":[{"name":"wp","href":"https:\/\/api.w.org\/{rel}","templated":true}]}}