{"id":9500,"date":"2020-02-05T13:46:16","date_gmt":"2020-02-05T19:46:16","guid":{"rendered":"http:\/\/hecelchakan.gob.mx\/?page_id=9500"},"modified":"2022-06-27T20:27:08","modified_gmt":"2022-06-28T01:27:08","slug":"ltaipec-articulo-74-fraccion-28-a-de-licitaciones-publicas-o-procedimientos-de-invitacion-restringida","status":"publish","type":"page","link":"https:\/\/www.hecelchakan.gob.mx\/hecelchakan\/ltaipec-articulo-74-fraccion-28-a-de-licitaciones-publicas-o-procedimientos-de-invitacion-restringida\/","title":{"rendered":"A) De Licitaciones p\u00fablicas o procedimientos de invitaci\u00f3n restringida."},"content":{"rendered":"<table style=\"height: 411px;\" width=\"2978\">\n<tbody>\n<tr>\n<td style=\"text-align: center;\" colspan=\"4\" bgcolor=\"DeepSkyBlue\">\n<h4><span style=\"color: #ffffff;\"><img loading=\"lazy\" decoding=\"async\" class=\"alignnone wp-image-5988\" src=\"https:\/\/www.hecelchakan.gob.mx\/hecelchakan\/wp-content\/uploads\/2019\/02\/hola-e1550071177294.png\" alt=\"\" width=\"45\" height=\"50\">2020. Licitaciones p\u00fablicas o procedimientos de invitaci\u00f3n restringida 2019.<\/span><span style=\"color: #ffffff;\"><img loading=\"lazy\" decoding=\"async\" class=\"alignnone wp-image-5988\" src=\"https:\/\/www.hecelchakan.gob.mx\/hecelchakan\/wp-content\/uploads\/2019\/02\/hola-e1550071177294.png\" alt=\"\" width=\"45\" height=\"50\"><\/span><\/h4>\n<\/td>\n<\/tr>\n<tr>\n<td style=\"text-align: center;\"><strong>BANOBRAS<\/strong><\/td>\n<td style=\"text-align: center;\"><strong>FAFEF<\/strong><\/td>\n<td style=\"text-align: center;\"><strong>FISMDF<\/strong><\/td>\n<td style=\"text-align: center;\">&nbsp;<\/td>\n<\/tr>\n<tr>\n<td style=\"text-align: center;\"><a class=\"btn btn-md btn-info\" href=\"https:\/\/www.hecelchakan.gob.mx\/hecelchakan\/wp-content\/uploads\/2020\/10\/2020_OBRAS_F28A_30102020_BANOBRAS-E6-2020-CONSTRUCCION-DE-CAMINO-SACACOSECHAS-CUMPICH.pdf\">Camino sacacosecha Cumpich.<\/a><\/td>\n<td style=\"text-align: center;\"><a class=\"btn btn-md btn-info\" href=\"https:\/\/www.hecelchakan.gob.mx\/hecelchakan\/wp-content\/uploads\/2020\/10\/2020_OBRAS_F28A_30102020_FAFEF-LO-804005994-E1-2020-MERCADO-JOSE-DEL-CARMEN-ORTEGONPUESTOSCOMERCIALES-Y-TECHUMBRE.pdf\">Mercado(Puestos, techumbre)<\/a><\/td>\n<td style=\"text-align: center;\"><a class=\"btn btn-md btn-info\" href=\"https:\/\/www.hecelchakan.gob.mx\/hecelchakan\/wp-content\/uploads\/2020\/10\/2020_OBRAS_F28A_30102020_FISMDF-E5-2020-CONSTRUCCION-DE-CAMINO-SACACOSECHA-TIKIN.pdf\">Camino sacacosecha Tikin<\/a><\/td>\n<td style=\"text-align: center;\"><a class=\"btn btn-md btn-info\" href=\"\">.......<\/a><\/td>\n<\/tr>\n<tr>\n<td style=\"text-align: center;\"><a class=\"btn btn-md btn-info\" href=\"https:\/\/www.hecelchakan.gob.mx\/hecelchakan\/wp-content\/uploads\/2020\/10\/2020_OBRAS_F28A_30102020_BANOBRAS-E7-2020-CONSTRUCCION-DE-CAMINO-SACACOSECHA-XKOMBEK.pdf\">Camino sacacosecha Xkombec.<\/a><\/td>\n<td style=\"text-align: center;\"><a class=\"btn btn-md btn-info\" href=\"\">.......<\/a><\/td>\n<td style=\"text-align: center;\"><a class=\"btn btn-md btn-info\" href=\"\">.......<\/a><\/td>\n<td style=\"text-align: center;\"><a class=\"btn btn-md btn-info\" href=\"\">.......<\/a><\/td>\n<\/tr>\n<tr>\n<td style=\"text-align: center;\"><a class=\"btn btn-md btn-info\" href=\"https:\/\/www.hecelchakan.gob.mx\/hecelchakan\/wp-content\/uploads\/2020\/10\/2020_OBRAS_F28A_30102020_BANOBRAS-E8-2020-CONTRUCCION-DE-INFRAESTRUCTURA-AGRICOLA-SACACOSECHA-CHAK-AKAL.pdf\">Camino sacacosecha Chak Akal.<\/a><\/td>\n<td style=\"text-align: center;\"><a class=\"btn btn-md btn-info\" href=\"\">.......<\/a><\/td>\n<td style=\"text-align: center;\"><a class=\"btn btn-md btn-info\" href=\"\">.......<\/a><\/td>\n<td style=\"text-align: center;\"><a class=\"btn btn-md btn-info\" href=\"\">.......<\/a><\/td>\n<\/tr>\n<tr>\n<td style=\"text-align: center;\"><a class=\"btn btn-md btn-info\" href=\"https:\/\/www.hecelchakan.gob.mx\/hecelchakan\/wp-content\/uploads\/2020\/10\/2020_OBRAS_F28A_30102020_BANOBRAS-E9-2020-CONTRUCCION-DE-INFRAESTRUCTURA-AGRICOLA-CAMINO-SACACOSECHA-POCBOC.pdf\">Camino sacacosecha Pocboc<\/a><\/td>\n<td style=\"text-align: center;\"><a class=\"btn btn-md btn-info\" href=\"\">.......<\/a><\/td>\n<td style=\"text-align: center;\"><a class=\"btn btn-md btn-info\" href=\"\">.......<\/a><\/td>\n<td style=\"text-align: center;\"><a class=\"btn btn-md btn-info\" href=\"\">.......<\/a><\/td>\n<\/tr>\n<\/tbody>\n<\/table>\n<p>&nbsp;&nbsp;<\/p>\n<table style=\"height: 411px;\" width=\"2978\">\n<tbody>\n<tr>\n<td style=\"text-align: center;\" colspan=\"4\" bgcolor=\"DeepSkyBlue\">\n<h4><span style=\"color: #ffffff;\"><img loading=\"lazy\" decoding=\"async\" class=\"alignnone wp-image-5988\" src=\"https:\/\/www.hecelchakan.gob.mx\/hecelchakan\/wp-content\/uploads\/2019\/02\/hola-e1550071177294.png\" alt=\"\" width=\"45\" height=\"50\">2019. Licitaciones p\u00fablicas o procedimientos de invitaci\u00f3n restringida 2019.<\/span><span style=\"color: #ffffff;\"><img loading=\"lazy\" decoding=\"async\" class=\"alignnone wp-image-5988\" src=\"https:\/\/www.hecelchakan.gob.mx\/hecelchakan\/wp-content\/uploads\/2019\/02\/hola-e1550071177294.png\" alt=\"\" width=\"45\" height=\"50\"><\/span><\/h4>\n<\/td>\n<\/tr>\n<tr>\n<td style=\"text-align: center;\"><strong>CUARTOS<\/strong><\/td>\n<td style=\"text-align: center;\"><strong>TECHO<\/strong><\/td>\n<td style=\"text-align: center;\"><strong>PISO<\/strong><\/td>\n<td style=\"text-align: center;\"><strong>BA\u00d1O<\/strong><\/td>\n<\/tr>\n<tr>\n<td style=\"text-align: center;\"><a class=\"btn btn-md btn-info\" href=\"https:\/\/www.hecelchakan.gob.mx\/hecelchakan\/wp-content\/uploads\/2020\/02\/2019_OBRAS_3T_F28A_05022020_CUARTO-CONQUISTA.pdf\">La Conquista<\/a><\/td>\n<td style=\"text-align: center;\"><a class=\"btn btn-md btn-info\" href=\"https:\/\/www.hecelchakan.gob.mx\/hecelchakan\/wp-content\/uploads\/2020\/02\/2019_OBRAS_3T_F28A_05022020_TECHO-CONQUISTA.pdf\">La Conquista<\/a><\/td>\n<td style=\"text-align: center;\"><a class=\"btn btn-md btn-info\" href=\"https:\/\/www.hecelchakan.gob.mx\/hecelchakan\/wp-content\/uploads\/2020\/02\/2019_OBRAS_3T_F28A_05022020_PISO-CONQUISTA.pdf\">La Conquista<\/a><\/td>\n<td style=\"text-align: center;\"><a class=\"btn btn-md btn-info\" href=\"https:\/\/www.hecelchakan.gob.mx\/hecelchakan\/wp-content\/uploads\/2020\/02\/2019_OBRAS_3T_F28A_05022020_BA\u00d1O_CONQUISTA.pdf\">La Conquista<\/a><\/td>\n<\/tr>\n<tr>\n<td style=\"text-align: center;\"><a class=\"btn btn-md btn-info\" href=\"https:\/\/www.hecelchakan.gob.mx\/hecelchakan\/wp-content\/uploads\/2020\/02\/2019_OBRAS_3T_F28A_05022020_CUARTO-SAN-ANTONIO.pdf\">San Antonio.<\/a><\/td>\n<td style=\"text-align: center;\"><a class=\"btn btn-md btn-info\" href=\"https:\/\/www.hecelchakan.gob.mx\/hecelchakan\/wp-content\/uploads\/2020\/02\/2019_OBRAS_3T_F28A_05022020_TECHO-SAN-ANTONIO.pdf\">San Antonio.<\/a><\/td>\n<td style=\"text-align: center;\"><a class=\"btn btn-md btn-info\" href=\"\">....................<\/a><\/td>\n<td style=\"text-align: center;\"><a class=\"btn btn-md btn-info\" href=\"https:\/\/www.hecelchakan.gob.mx\/hecelchakan\/wp-content\/uploads\/2020\/02\/2019_OBRAS_3T_F28A_05022020_BA\u00d1O-SAN-ANTONIO.pdf\">San Antonio.<\/a><\/td>\n<\/tr>\n<tr>\n<td style=\"text-align: center;\"><a class=\"btn btn-md btn-info\" href=\"https:\/\/www.hecelchakan.gob.mx\/hecelchakan\/wp-content\/uploads\/2020\/02\/2019_OBRAS_3T_F28A_05022020_CUARTO-SAN-JUAN.pdf\">San Juan.<\/a><\/td>\n<td style=\"text-align: center;\"><a class=\"btn btn-md btn-info\" href=\"https:\/\/www.hecelchakan.gob.mx\/hecelchakan\/wp-content\/uploads\/2020\/02\/2019_OBRAS_3T_F28A_05022020_TECHO-SAN-JUAN.pdf\">San Juan.<\/a><\/td>\n<td style=\"text-align: center;\"><a class=\"btn btn-md btn-info\" href=\"https:\/\/www.hecelchakan.gob.mx\/hecelchakan\/wp-content\/uploads\/2020\/02\/2019_OBRAS_3T_F28A_05022020_PISO-SAN-JUAN.pdf\">San Juan.<\/a><\/td>\n<td style=\"text-align: center;\"><a class=\"btn btn-md btn-info\" href=\"https:\/\/www.hecelchakan.gob.mx\/hecelchakan\/wp-content\/uploads\/2020\/02\/2019_OBRAS_3T_F28A_05022020_BA\u00d1O-SAN-JUAN.pdf\">San Juan.<\/a><\/td>\n<\/tr>\n<tr>\n<td style=\"text-align: center;\"><a class=\"btn btn-md btn-info\" href=\"https:\/\/www.hecelchakan.gob.mx\/hecelchakan\/wp-content\/uploads\/2020\/02\/2019_OBRAS_3T_F28A_05022020_CUARTO-SAN-FRANCISCO.pdf\">San Francisco<\/a><\/td>\n<td style=\"text-align: center;\"><a class=\"btn btn-md btn-info\" href=\"https:\/\/www.hecelchakan.gob.mx\/hecelchakan\/wp-content\/uploads\/2020\/02\/2019_OBRAS_3T_F28A_05022020_TECHO-SAN-FRANCISCO.pdf\">San Francisco<\/a><\/td>\n<td style=\"text-align: center;\"><a class=\"btn btn-md btn-info\" href=\"https:\/\/www.hecelchakan.gob.mx\/hecelchakan\/wp-content\/uploads\/2020\/02\/2019_OBRAS_3T_F28A_05022020_PISO-SAN-FRANCISCO.pdf\">San Francisco<br \/>y<br \/>San Antonio<\/a><\/td>\n<td style=\"text-align: center;\"><a class=\"btn btn-md btn-info\" href=\"https:\/\/www.hecelchakan.gob.mx\/hecelchakan\/wp-content\/uploads\/2020\/02\/2019_OBRAS_3T_F28A_05022020_BA\u00d1O-SAN-JUAN.pdf\">San Francisco<\/a><\/td>\n<\/tr>\n<\/tbody>\n<\/table>\n<p>2021_2t<\/p>\n<p>INVITACIONES&nbsp; &nbsp; &nbsp;ACTAS DE ACLARACION&nbsp; &nbsp; ACTAS DE PRESENTACION&nbsp; &nbsp; DICTAMENES TECNICOS&nbsp; &nbsp; &nbsp; &nbsp; &nbsp; &nbsp; &nbsp; &nbsp; &nbsp; DICTAMEN AMBIENTAL&nbsp; &nbsp; &nbsp; &nbsp;FINIQUITO<\/p>\n<p>1&nbsp; &nbsp; &nbsp; &nbsp;OK&nbsp; &nbsp; &nbsp; &nbsp; &nbsp; &nbsp; &nbsp; &nbsp; &nbsp; &nbsp; &nbsp; &nbsp;OK&nbsp; &nbsp; &nbsp; &nbsp; &nbsp; &nbsp; &nbsp; &nbsp; &nbsp; &nbsp; &nbsp; &nbsp; &nbsp; &nbsp; &nbsp; &nbsp; &nbsp; &nbsp; &nbsp; &nbsp; &nbsp; &nbsp; &nbsp; &nbsp; &nbsp; &nbsp; &nbsp; &nbsp; &nbsp; &nbsp; OK&nbsp; &nbsp; &nbsp; &nbsp; &nbsp; &nbsp; &nbsp; &nbsp; &nbsp; &nbsp; &nbsp; &nbsp; &nbsp; &nbsp; &nbsp; &nbsp; &nbsp; &nbsp; &nbsp;OK&nbsp; &nbsp; &nbsp; &nbsp; &nbsp; &nbsp; &nbsp; &nbsp; &nbsp; &nbsp; &nbsp; &nbsp; &nbsp; &nbsp; &nbsp; &nbsp; &nbsp; &nbsp; &nbsp; &nbsp; &nbsp; &nbsp; &nbsp; &nbsp; &nbsp; &nbsp; &nbsp;OK&nbsp; &nbsp; &nbsp; &nbsp; &nbsp; &nbsp; &nbsp; &nbsp; &nbsp; &nbsp; &nbsp; &nbsp; &nbsp; &nbsp; &nbsp; &nbsp; &nbsp; &nbsp; OK<\/p>\n<p>2&nbsp; &nbsp; &nbsp; &nbsp;OK&nbsp; &nbsp; &nbsp; &nbsp; &nbsp; &nbsp; &nbsp; &nbsp; &nbsp; &nbsp; &nbsp; &nbsp;OK&nbsp; &nbsp; &nbsp; &nbsp; &nbsp; &nbsp; &nbsp; &nbsp; &nbsp; &nbsp; &nbsp; &nbsp; &nbsp; &nbsp; &nbsp; &nbsp; &nbsp; &nbsp; &nbsp; &nbsp; &nbsp; &nbsp; &nbsp; &nbsp; &nbsp; &nbsp; &nbsp; &nbsp; &nbsp; &nbsp; OK&nbsp; &nbsp; &nbsp; &nbsp; &nbsp; &nbsp; &nbsp; &nbsp; &nbsp; &nbsp; &nbsp; &nbsp; &nbsp; &nbsp; &nbsp; &nbsp; &nbsp; &nbsp; &nbsp;OK&nbsp; &nbsp; &nbsp; &nbsp; &nbsp; &nbsp; &nbsp; &nbsp; &nbsp; &nbsp; &nbsp; &nbsp; &nbsp; &nbsp; &nbsp; &nbsp; &nbsp; &nbsp; &nbsp; &nbsp; &nbsp; &nbsp; &nbsp; &nbsp; &nbsp; &nbsp; &nbsp;OK&nbsp; &nbsp; &nbsp; &nbsp; &nbsp; &nbsp; &nbsp; &nbsp; &nbsp; &nbsp; &nbsp; &nbsp; &nbsp; &nbsp; &nbsp; &nbsp; &nbsp; &nbsp; OK<\/p>\n<p>3&nbsp; &nbsp; &nbsp; &nbsp;OK&nbsp; &nbsp; &nbsp; &nbsp; &nbsp; &nbsp; &nbsp; &nbsp; &nbsp; &nbsp; &nbsp; &nbsp;OK&nbsp; &nbsp; &nbsp; &nbsp; &nbsp; &nbsp; &nbsp; &nbsp; &nbsp; &nbsp; &nbsp; &nbsp; &nbsp; &nbsp; &nbsp; &nbsp; &nbsp; &nbsp; &nbsp; &nbsp; &nbsp; &nbsp; &nbsp; &nbsp; &nbsp; &nbsp; &nbsp; &nbsp; &nbsp; &nbsp; OK&nbsp; &nbsp; &nbsp; &nbsp; &nbsp; &nbsp; &nbsp; &nbsp; &nbsp; &nbsp; &nbsp; &nbsp; &nbsp; &nbsp; &nbsp; &nbsp; &nbsp; &nbsp; &nbsp;OK&nbsp; &nbsp; &nbsp; &nbsp; &nbsp; &nbsp; &nbsp; &nbsp; &nbsp; &nbsp; &nbsp; &nbsp; &nbsp; &nbsp; &nbsp; &nbsp; &nbsp; &nbsp; &nbsp; &nbsp; &nbsp; &nbsp; &nbsp; &nbsp; &nbsp; &nbsp; &nbsp;OK&nbsp; &nbsp; &nbsp; &nbsp; &nbsp; &nbsp; &nbsp; &nbsp; &nbsp; &nbsp; &nbsp; &nbsp; &nbsp; &nbsp; &nbsp; &nbsp; &nbsp; &nbsp;<\/p>\n<p>4&nbsp; &nbsp; &nbsp; &nbsp;OK&nbsp; &nbsp; &nbsp; &nbsp; &nbsp; &nbsp; &nbsp; &nbsp; &nbsp; &nbsp; &nbsp; &nbsp;OK&nbsp; &nbsp; &nbsp; &nbsp; &nbsp; &nbsp; &nbsp; &nbsp; &nbsp; &nbsp; &nbsp; &nbsp; &nbsp; &nbsp; &nbsp; &nbsp; &nbsp; &nbsp; &nbsp; &nbsp; &nbsp; &nbsp; &nbsp; &nbsp; &nbsp; &nbsp; &nbsp; &nbsp; &nbsp; &nbsp; OK&nbsp; &nbsp; &nbsp; &nbsp; &nbsp; &nbsp; &nbsp; &nbsp; &nbsp; &nbsp; &nbsp; &nbsp; &nbsp; &nbsp; &nbsp; &nbsp; &nbsp; &nbsp; &nbsp;OK&nbsp; &nbsp; &nbsp; &nbsp; &nbsp; &nbsp; &nbsp; &nbsp; &nbsp; &nbsp; &nbsp; &nbsp; &nbsp; &nbsp; &nbsp; &nbsp; &nbsp; &nbsp; &nbsp; &nbsp; &nbsp; &nbsp; &nbsp; &nbsp; &nbsp; &nbsp; &nbsp;OK&nbsp; &nbsp; &nbsp; &nbsp; &nbsp; &nbsp; &nbsp; &nbsp; &nbsp; &nbsp; &nbsp; &nbsp; &nbsp; &nbsp; &nbsp; &nbsp; &nbsp; &nbsp; OK<\/p>\n<p>5&nbsp; &nbsp; &nbsp; &nbsp;OK&nbsp; &nbsp; &nbsp; &nbsp; &nbsp; &nbsp; &nbsp; &nbsp; &nbsp; &nbsp; &nbsp; &nbsp;OK&nbsp; &nbsp; &nbsp; &nbsp; &nbsp; &nbsp; &nbsp; &nbsp; &nbsp; &nbsp; &nbsp; &nbsp; &nbsp; &nbsp; &nbsp; &nbsp; &nbsp; &nbsp; &nbsp; &nbsp; &nbsp; &nbsp; &nbsp; &nbsp; &nbsp; &nbsp; &nbsp; &nbsp; &nbsp; &nbsp; OK&nbsp; &nbsp; &nbsp; &nbsp; &nbsp; &nbsp; &nbsp; &nbsp; &nbsp; &nbsp; &nbsp; &nbsp; &nbsp; &nbsp; &nbsp; &nbsp; &nbsp; &nbsp; &nbsp;OK&nbsp; &nbsp; &nbsp; &nbsp; &nbsp; &nbsp; &nbsp; &nbsp; &nbsp; &nbsp; &nbsp; &nbsp; &nbsp; &nbsp; &nbsp; &nbsp; &nbsp; &nbsp; &nbsp; &nbsp; &nbsp; &nbsp; &nbsp; &nbsp; &nbsp; &nbsp; &nbsp;OK&nbsp; &nbsp; &nbsp; &nbsp; &nbsp; &nbsp; &nbsp; &nbsp; &nbsp; &nbsp; &nbsp; &nbsp; &nbsp; &nbsp; &nbsp; &nbsp; &nbsp; &nbsp; OK<\/p>\n<p>6&nbsp; &nbsp; &nbsp; &nbsp;OK&nbsp; &nbsp; &nbsp; &nbsp; &nbsp; &nbsp; &nbsp; &nbsp; &nbsp; &nbsp; &nbsp; &nbsp;OK&nbsp; &nbsp; &nbsp; &nbsp; &nbsp; &nbsp; &nbsp; &nbsp; &nbsp; &nbsp; &nbsp; &nbsp; &nbsp; &nbsp; &nbsp; &nbsp; &nbsp; &nbsp; &nbsp; &nbsp; &nbsp; &nbsp; &nbsp; &nbsp; &nbsp; &nbsp; &nbsp; &nbsp; &nbsp; &nbsp; OK&nbsp; &nbsp; &nbsp; &nbsp; &nbsp; &nbsp; &nbsp; &nbsp; &nbsp; &nbsp; &nbsp; &nbsp; &nbsp; &nbsp; &nbsp; &nbsp; &nbsp; &nbsp; &nbsp;OK&nbsp; &nbsp; &nbsp; &nbsp; &nbsp; &nbsp; &nbsp; &nbsp; &nbsp; &nbsp; &nbsp; &nbsp; &nbsp; &nbsp; &nbsp; &nbsp; &nbsp; &nbsp; &nbsp; &nbsp; &nbsp; &nbsp; &nbsp; &nbsp; &nbsp; &nbsp; &nbsp;OK&nbsp; &nbsp; &nbsp; &nbsp; &nbsp; &nbsp; &nbsp; &nbsp; &nbsp; &nbsp; &nbsp; &nbsp; &nbsp; &nbsp; &nbsp; &nbsp; &nbsp; &nbsp;&nbsp;<\/p>\n<p>7&nbsp; &nbsp; &nbsp; &nbsp;OK&nbsp; &nbsp; &nbsp; &nbsp; &nbsp; &nbsp; &nbsp; &nbsp; &nbsp; &nbsp; &nbsp; &nbsp;OK&nbsp; &nbsp; &nbsp; &nbsp; &nbsp; &nbsp; &nbsp; &nbsp; &nbsp; &nbsp; &nbsp; &nbsp; &nbsp; &nbsp; &nbsp; &nbsp; &nbsp; &nbsp; &nbsp; &nbsp; &nbsp; &nbsp; &nbsp; &nbsp; &nbsp; &nbsp; &nbsp; &nbsp; &nbsp; &nbsp; OK&nbsp; &nbsp; &nbsp; &nbsp; &nbsp; &nbsp; &nbsp; &nbsp; &nbsp; &nbsp; &nbsp; &nbsp; &nbsp; &nbsp; &nbsp; &nbsp; &nbsp; &nbsp; &nbsp;OK&nbsp; &nbsp; &nbsp; &nbsp; &nbsp; &nbsp; &nbsp; &nbsp; &nbsp; &nbsp; &nbsp; &nbsp; &nbsp; &nbsp; &nbsp; &nbsp; &nbsp; &nbsp; &nbsp; &nbsp; &nbsp; &nbsp; &nbsp; &nbsp; &nbsp; &nbsp; &nbsp;OK&nbsp; &nbsp; &nbsp; &nbsp; &nbsp; &nbsp; &nbsp; &nbsp; &nbsp; &nbsp; &nbsp; &nbsp; &nbsp; &nbsp; &nbsp; &nbsp; &nbsp; &nbsp; OK<\/p>\n<p>8&nbsp; &nbsp; &nbsp; &nbsp;OK&nbsp; &nbsp; &nbsp; &nbsp; &nbsp; &nbsp; &nbsp; &nbsp; &nbsp; &nbsp; &nbsp; &nbsp;OK&nbsp; &nbsp; &nbsp; &nbsp; &nbsp; &nbsp; &nbsp; &nbsp; &nbsp; &nbsp; &nbsp; &nbsp; &nbsp; &nbsp; &nbsp; &nbsp; &nbsp; &nbsp; &nbsp; &nbsp; &nbsp; &nbsp; &nbsp; &nbsp; &nbsp; &nbsp; &nbsp; &nbsp; &nbsp; &nbsp; OK&nbsp; &nbsp; &nbsp; &nbsp; &nbsp; &nbsp; &nbsp; &nbsp; &nbsp; &nbsp; &nbsp; &nbsp; &nbsp; &nbsp; &nbsp; &nbsp; &nbsp; &nbsp; &nbsp;OK&nbsp; &nbsp; &nbsp; &nbsp; &nbsp; &nbsp; &nbsp; &nbsp; &nbsp; &nbsp; &nbsp; &nbsp; &nbsp; &nbsp; &nbsp; &nbsp; &nbsp; &nbsp; &nbsp; &nbsp; &nbsp; &nbsp; &nbsp; &nbsp; &nbsp; &nbsp; &nbsp;OK&nbsp; &nbsp; &nbsp; &nbsp; &nbsp; &nbsp; &nbsp; &nbsp; &nbsp; &nbsp; &nbsp; &nbsp; &nbsp; &nbsp; &nbsp; &nbsp; &nbsp; &nbsp;&nbsp;<\/p>\n<p>9&nbsp; &nbsp; &nbsp; &nbsp;OK&nbsp; &nbsp; &nbsp; &nbsp; &nbsp; &nbsp; &nbsp; &nbsp; &nbsp; &nbsp; &nbsp; &nbsp;OK&nbsp; &nbsp; &nbsp; &nbsp; &nbsp; &nbsp; &nbsp; &nbsp; &nbsp; &nbsp; &nbsp; &nbsp; &nbsp; &nbsp; &nbsp; &nbsp; &nbsp; &nbsp; &nbsp; &nbsp; &nbsp; &nbsp; &nbsp; &nbsp; &nbsp; &nbsp; &nbsp; &nbsp; &nbsp; &nbsp; OK&nbsp; &nbsp; &nbsp; &nbsp; &nbsp; &nbsp; &nbsp; &nbsp; &nbsp; &nbsp; &nbsp; &nbsp; &nbsp; &nbsp; &nbsp; &nbsp; &nbsp; &nbsp; &nbsp;OK&nbsp; &nbsp; &nbsp; &nbsp; &nbsp; &nbsp; &nbsp; &nbsp; &nbsp; &nbsp; &nbsp; &nbsp; &nbsp; &nbsp; &nbsp; &nbsp; &nbsp; &nbsp; &nbsp; &nbsp; &nbsp; &nbsp; &nbsp; &nbsp; &nbsp; &nbsp; &nbsp;OK&nbsp; &nbsp; &nbsp; &nbsp; &nbsp; &nbsp; &nbsp; &nbsp; &nbsp; &nbsp; &nbsp; &nbsp; &nbsp; &nbsp; &nbsp; &nbsp; &nbsp; &nbsp;&nbsp;<\/p>\n<p>10&nbsp; &nbsp; &nbsp; &nbsp;OK&nbsp; &nbsp; &nbsp; &nbsp; &nbsp; &nbsp; &nbsp; &nbsp; &nbsp; &nbsp; &nbsp; &nbsp;OK&nbsp; &nbsp; &nbsp; &nbsp; &nbsp; &nbsp; &nbsp; &nbsp; &nbsp; &nbsp; &nbsp; &nbsp; &nbsp; &nbsp; &nbsp; &nbsp; &nbsp; &nbsp; &nbsp; &nbsp; &nbsp; &nbsp; &nbsp; &nbsp; &nbsp; &nbsp; &nbsp; &nbsp; &nbsp; &nbsp; OK&nbsp; &nbsp; &nbsp; &nbsp; &nbsp; &nbsp; &nbsp; &nbsp; &nbsp; &nbsp; &nbsp; &nbsp; &nbsp; &nbsp; &nbsp; &nbsp; &nbsp; &nbsp; &nbsp;OK&nbsp; &nbsp; &nbsp; &nbsp; &nbsp; &nbsp; &nbsp; &nbsp; &nbsp; &nbsp; &nbsp; &nbsp; &nbsp; &nbsp; &nbsp; &nbsp; &nbsp; &nbsp; &nbsp; &nbsp; &nbsp; &nbsp; &nbsp; &nbsp; &nbsp; &nbsp; &nbsp;OK&nbsp; &nbsp; &nbsp; &nbsp; &nbsp; &nbsp; &nbsp; &nbsp; &nbsp; &nbsp; &nbsp; &nbsp; &nbsp; &nbsp; &nbsp; &nbsp; &nbsp;&nbsp;<\/p>\n<p>11&nbsp; &nbsp; &nbsp; &nbsp;OK&nbsp; &nbsp; &nbsp; &nbsp; &nbsp; &nbsp; &nbsp; &nbsp; &nbsp; &nbsp; &nbsp; &nbsp;OK&nbsp; &nbsp; &nbsp; &nbsp; &nbsp; &nbsp; &nbsp; &nbsp; &nbsp; &nbsp; &nbsp; &nbsp; &nbsp; &nbsp; &nbsp; &nbsp; &nbsp; &nbsp; &nbsp; &nbsp; &nbsp; &nbsp; &nbsp; &nbsp; &nbsp; &nbsp; &nbsp; &nbsp; &nbsp; &nbsp; OK&nbsp; &nbsp; &nbsp; &nbsp; &nbsp; &nbsp; &nbsp; &nbsp; &nbsp; &nbsp; &nbsp; &nbsp; &nbsp; &nbsp; &nbsp; &nbsp; &nbsp; &nbsp; &nbsp;OK&nbsp; &nbsp; &nbsp; &nbsp; &nbsp; &nbsp; &nbsp; &nbsp; &nbsp; &nbsp; &nbsp; &nbsp; &nbsp; &nbsp; &nbsp; &nbsp; &nbsp; &nbsp; &nbsp; &nbsp; &nbsp; &nbsp; &nbsp; &nbsp; &nbsp; &nbsp; &nbsp;OK&nbsp; &nbsp; &nbsp; &nbsp; &nbsp; &nbsp; &nbsp; &nbsp; &nbsp; &nbsp; &nbsp; &nbsp; &nbsp; &nbsp; &nbsp; &nbsp; &nbsp;&nbsp;<\/p>\n<p>12&nbsp; &nbsp; &nbsp; &nbsp;OK&nbsp; &nbsp; &nbsp; &nbsp; &nbsp; &nbsp; &nbsp; &nbsp; &nbsp; &nbsp; &nbsp; &nbsp;OK&nbsp; &nbsp; &nbsp; &nbsp; &nbsp; &nbsp; &nbsp; &nbsp; &nbsp; &nbsp; &nbsp; &nbsp; &nbsp; &nbsp; &nbsp; &nbsp; &nbsp; &nbsp; &nbsp; &nbsp; &nbsp; &nbsp; &nbsp; &nbsp; &nbsp; &nbsp; &nbsp; &nbsp; &nbsp; &nbsp; OK&nbsp; &nbsp; &nbsp; &nbsp; &nbsp; &nbsp; &nbsp; &nbsp; &nbsp; &nbsp; &nbsp; &nbsp; &nbsp; &nbsp; &nbsp; &nbsp; &nbsp; &nbsp; &nbsp;OK&nbsp; &nbsp; &nbsp; &nbsp; &nbsp; &nbsp; &nbsp; &nbsp; &nbsp; &nbsp; &nbsp; &nbsp; &nbsp; &nbsp; &nbsp; &nbsp; &nbsp; &nbsp; &nbsp; &nbsp; &nbsp; &nbsp; &nbsp; &nbsp; &nbsp; &nbsp; &nbsp;OK&nbsp; &nbsp; &nbsp; &nbsp; &nbsp; &nbsp; &nbsp; &nbsp; &nbsp; &nbsp; &nbsp; &nbsp; &nbsp; &nbsp; &nbsp; &nbsp; &nbsp;&nbsp;<\/p>\n<p>13&nbsp; &nbsp; &nbsp; &nbsp;OK&nbsp; &nbsp; &nbsp; &nbsp; &nbsp; &nbsp; &nbsp; &nbsp; &nbsp; &nbsp; &nbsp; &nbsp;OK&nbsp; &nbsp; &nbsp; &nbsp; &nbsp; &nbsp; &nbsp; &nbsp; &nbsp; &nbsp; &nbsp; &nbsp; &nbsp; &nbsp; &nbsp; &nbsp; &nbsp; &nbsp; &nbsp; &nbsp; &nbsp; &nbsp; &nbsp; &nbsp; &nbsp; &nbsp; &nbsp; &nbsp; &nbsp; &nbsp; OK&nbsp; &nbsp; &nbsp; &nbsp; &nbsp; &nbsp; &nbsp; &nbsp; &nbsp; &nbsp; &nbsp; &nbsp; &nbsp; &nbsp; &nbsp; &nbsp; &nbsp; &nbsp; &nbsp;OK&nbsp; &nbsp; &nbsp; &nbsp; &nbsp; &nbsp; &nbsp; &nbsp; &nbsp; &nbsp; &nbsp; &nbsp; &nbsp; &nbsp; &nbsp; &nbsp; &nbsp; &nbsp; &nbsp; &nbsp; &nbsp; &nbsp; &nbsp; &nbsp; &nbsp; &nbsp; &nbsp;OK&nbsp; &nbsp; &nbsp; &nbsp; &nbsp; &nbsp; &nbsp; &nbsp; &nbsp; &nbsp; &nbsp; &nbsp; &nbsp; &nbsp; &nbsp; &nbsp; &nbsp;&nbsp;<\/p>\n<p>&nbsp;<\/p>\n<p>&nbsp;<\/p>\n\n\n<p><\/p>\n","protected":false},"excerpt":{"rendered":"<p>2020. Licitaciones p\u00fablicas o procedimientos de invitaci\u00f3n restringida 2019. BANOBRAS FAFEF FISMDF &nbsp; &nbsp;&nbsp; 2019. Licitaciones p\u00fablicas o procedimientos de invitaci\u00f3n restringida 2019. CUARTOS TECHO PISO BA\u00d1O 2021_2t INVITACIONES&nbsp; &nbsp; &nbsp;ACTAS DE ACLARACION&nbsp; &nbsp; ACTAS DE PRESENTACION&nbsp; &nbsp; DICTAMENES TECNICOS&nbsp; &nbsp; &nbsp; &nbsp; &nbsp; &nbsp; &nbsp; &nbsp; &nbsp; DICTAMEN AMBIENTAL&nbsp; &nbsp; &nbsp; &nbsp;FINIQUITO 1&nbsp; &nbsp; [&hellip;]<\/p>\n","protected":false},"author":1,"featured_media":0,"parent":0,"menu_order":0,"comment_status":"closed","ping_status":"closed","template":"","meta":{"ngg_post_thumbnail":0,"footnotes":""},"class_list":["post-9500","page","type-page","status-publish","hentry"],"_links":{"self":[{"href":"https:\/\/www.hecelchakan.gob.mx\/hecelchakan\/wp-json\/wp\/v2\/pages\/9500","targetHints":{"allow":["GET"]}}],"collection":[{"href":"https:\/\/www.hecelchakan.gob.mx\/hecelchakan\/wp-json\/wp\/v2\/pages"}],"about":[{"href":"https:\/\/www.hecelchakan.gob.mx\/hecelchakan\/wp-json\/wp\/v2\/types\/page"}],"author":[{"embeddable":true,"href":"https:\/\/www.hecelchakan.gob.mx\/hecelchakan\/wp-json\/wp\/v2\/users\/1"}],"replies":[{"embeddable":true,"href":"https:\/\/www.hecelchakan.gob.mx\/hecelchakan\/wp-json\/wp\/v2\/comments?post=9500"}],"version-history":[{"count":10,"href":"https:\/\/www.hecelchakan.gob.mx\/hecelchakan\/wp-json\/wp\/v2\/pages\/9500\/revisions"}],"predecessor-version":[{"id":17056,"href":"https:\/\/www.hecelchakan.gob.mx\/hecelchakan\/wp-json\/wp\/v2\/pages\/9500\/revisions\/17056"}],"wp:attachment":[{"href":"https:\/\/www.hecelchakan.gob.mx\/hecelchakan\/wp-json\/wp\/v2\/media?parent=9500"}],"curies":[{"name":"wp","href":"https:\/\/api.w.org\/{rel}","templated":true}]}}