{"id":9642,"date":"2020-02-12T15:31:20","date_gmt":"2020-02-12T21:31:20","guid":{"rendered":"http:\/\/hecelchakan.gob.mx\/?page_id=9642"},"modified":"2020-02-13T13:07:37","modified_gmt":"2020-02-13T19:07:37","slug":"cuenta-publica-2019-dif-2","status":"publish","type":"page","link":"https:\/\/www.hecelchakan.gob.mx\/hecelchakan\/cuenta-publica-2019-dif-2\/","title":{"rendered":"Cuenta P\u00fablica 2019 DIF."},"content":{"rendered":"<p>&nbsp;<\/p>\n<p>&nbsp;<\/p>\n<table style=\"height: 835px;\" border=\"2px\" width=\"864\">\n<tbody>\n<tr>\n<td style=\"text-align: center;\" bgcolor=\"04A5FB\" width=\"80%\"><b>Sistema para el Desarrollo Integral de la Familia en el Municipio de Hecelchak\u00e1n&nbsp;<\/b><\/td>\n<td style=\"text-align: center;\" colspan=\"12\" bgcolor=\"04A5FB\" width=\"100%\"><strong>A\u00f1o<\/strong><\/td>\n<\/tr>\n<tr>\n<td bgcolor=\"04FBCE\" width=\"50%\"><strong>Informaci\u00f3n&nbsp;Contable<\/strong><\/td>\n<td style=\"text-align: center;\" colspan=\"4\" bgcolor=\"04FBCE\" width=\"50%\"><strong>&nbsp; 2019<\/strong><\/td>\n<\/tr>\n<tr>\n<td>Estado de Actividades<\/td>\n<td style=\"text-align: center;\"><strong>&nbsp;<a href=\"https:\/\/www.hecelchakan.gob.mx\/hecelchakan\/wp-content\/uploads\/2020\/02\/CP_2019_DIF_1_ESTADO-DE-ACTIVIDADES-1.pdf\">Pdf 1<\/a><\/strong><\/td>\n<\/tr>\n<tr>\n<td style=\"text-align: left;\">Estado de la&nbsp;Situaci\u00f3n&nbsp;Financiera<\/td>\n<td style=\"text-align: center;\"><strong>&nbsp;<a href=\"https:\/\/www.hecelchakan.gob.mx\/hecelchakan\/wp-content\/uploads\/2020\/02\/CP_2019_DIF_2_ESTADO-DE-SITUACION-FINANCIERA-2.pdf\">Pdf 2<\/a><\/strong><\/td>\n<\/tr>\n<tr>\n<td style=\"text-align: left;\">Estado de&nbsp;Variaci\u00f3n&nbsp;en la hacienda p\u00fablica<\/td>\n<td style=\"text-align: center;\"><a href=\"https:\/\/www.hecelchakan.gob.mx\/hecelchakan\/wp-content\/uploads\/2020\/02\/CP_2019_DIF_3_ESTADO-DE-VARIACION-EN-LA-HACIENDA-PUBLICA-1.pdf\"><strong>Pdf 3<\/strong><\/a><\/td>\n<\/tr>\n<tr>\n<td style=\"text-align: left;\">Estado de cambios en la&nbsp;Situaci\u00f3n&nbsp;Financiera<\/td>\n<td style=\"text-align: center;\"><strong>&nbsp;<a href=\"https:\/\/www.hecelchakan.gob.mx\/hecelchakan\/wp-content\/uploads\/2020\/02\/CP_2019_DIF_4_ESTADO-DE-CAMBIOS-EN-LA-SITUACION-FINANCIERA-1.pdf\">Pdf 4<\/a><\/strong><\/td>\n<\/tr>\n<tr>\n<td>Estados de Flujo de Efectivo<\/td>\n<td style=\"text-align: center;\"><a href=\"https:\/\/www.hecelchakan.gob.mx\/hecelchakan\/wp-content\/uploads\/2020\/02\/CP_2019_DIF_5_ESTADO-DE-FLUJOS-DE-EFECTIVO-1.pdf\"><strong>&nbsp;Pdf 5<\/strong><\/a><\/td>\n<\/tr>\n<tr>\n<td style=\"text-align: left;\">Informes Sobre Pasivos Contingentes<\/td>\n<td style=\"text-align: center;\"><a href=\"https:\/\/www.hecelchakan.gob.mx\/hecelchakan\/wp-content\/uploads\/2020\/02\/CP_2019_DIF_6_INFORME-SOBRE-PASIVOS-CONTINGENTES-1.pdf\"><b>Pdf 6<\/b><\/a><\/td>\n<\/tr>\n<tr>\n<td style=\"text-align: left;\">Notas a los Estados Financieros<\/td>\n<td style=\"text-align: center;\"><a href=\"https:\/\/www.hecelchakan.gob.mx\/hecelchakan\/wp-content\/uploads\/2020\/02\/CP_2019_DIF_7_NOTAS-A-LOS-ESTADOS-FINANCIEROS.pdf\"><strong>Pdf 7<\/strong><\/a><\/td>\n<\/tr>\n<tr>\n<td style=\"text-align: left;\">Estado Anal\u00edtico del Activo<\/td>\n<td style=\"text-align: center;\"><strong>&nbsp;<a href=\"https:\/\/www.hecelchakan.gob.mx\/hecelchakan\/wp-content\/uploads\/2020\/02\/CP_2019_DIF_8_ESTADO-ANALITICO-DEL-ACTIVO-1.pdf\">Pdf 8<\/a><\/strong><\/td>\n<\/tr>\n<tr>\n<td style=\"text-align: left;\">Estado Anal\u00edtico de la Deuda y Otras Pasivos<\/td>\n<td style=\"text-align: center;\"><a href=\"https:\/\/www.hecelchakan.gob.mx\/hecelchakan\/wp-content\/uploads\/2020\/02\/CP_2019_DIF_9_ESTADO-ANALITICO-DE-LA-DEUDA-Y-OTROS-PASIVOS-1.pdf\"><strong>&nbsp;Pdf 9<\/strong><\/a><\/td>\n<\/tr>\n<tr>\n<td style=\"text-align: center;\">&nbsp;~<\/td>\n<td style=\"text-align: center;\"><strong>&nbsp;~<\/strong><\/td>\n<\/tr>\n<tr>\n<td style=\"text-align: left;\" bgcolor=\"04FBCE\" width=\"50%\"><b>Informaci\u00f3n&nbsp;Presupuestaria<\/b><\/td>\n<td colspan=\"\" bgcolor=\"04FBCE\" width=\"50%\">&nbsp;<\/td>\n<\/tr>\n<tr>\n<td style=\"text-align: left;\">Estado Anal\u00edtico de Ingresos<\/td>\n<td style=\"text-align: center;\"><a href=\"https:\/\/www.hecelchakan.gob.mx\/hecelchakan\/wp-content\/uploads\/2020\/02\/CP_2019_DIF_1_ESTADO-ANALITICO-DE-INGRESOS.pdf\"><strong>&nbsp;Pdf 10<\/strong><\/a><\/td>\n<\/tr>\n<tr>\n<td style=\"text-align: left;\">Estado Anal\u00edtico del Ejercicio del Presupuesto<\/td>\n<td style=\"text-align: center;\"><strong>&nbsp;<\/strong><\/td>\n<\/tr>\n<tr>\n<td style=\"text-align: left;\">Clasificaci\u00f3n Administrativa<\/td>\n<td style=\"text-align: center;\"><strong>&nbsp;<a href=\"https:\/\/www.hecelchakan.gob.mx\/hecelchakan\/wp-content\/uploads\/2020\/02\/CP_2019_DIF_2_CLASIFICACION-ADMINISTRATIVA.pdf\">Pdf 11<\/a><\/strong><\/td>\n<\/tr>\n<tr>\n<td style=\"text-align: left;\">&nbsp;Clasificaci\u00f3n Econ\u00f3mica (Por Tipo de Gasto)<\/td>\n<td style=\"text-align: center;\"><b>&nbsp;<\/b><a href=\"https:\/\/www.hecelchakan.gob.mx\/hecelchakan\/wp-content\/uploads\/2020\/02\/CP_2019_DIF_3_CLASIFICACION-ECONOMICA-POR-TIPO-DE-GASTO.pdf\"><b><u>Pdf<\/u><\/b><\/a><a style=\"font-weight: bold;\" href=\"https:\/\/www.hecelchakan.gob.mx\/hecelchakan\/wp-content\/uploads\/2019\/02\/clasificacion-economica-por-tipo-de-gastos.jpg\">&nbsp;12<\/a><\/td>\n<\/tr>\n<tr>\n<td style=\"text-align: left;\">&nbsp;Clasificaci\u00f3n por Objeto de Gasto (Capitulo y Concepto)<\/td>\n<td style=\"text-align: center;\"><strong>&nbsp;<a href=\"https:\/\/www.hecelchakan.gob.mx\/hecelchakan\/wp-content\/uploads\/2020\/02\/CP_2019_DIF_4_CLASIFICACION-POR-OBEJTO-DEL-GASTO-CAPITULO-Y-CONCEPTO.pdf\">Pdf 13<\/a><\/strong><\/td>\n<\/tr>\n<tr>\n<td style=\"text-align: left;\">&nbsp;Clasificaci\u00f3n Funcional (Finalidad y Funci\u00f3n)<\/td>\n<td style=\"text-align: center;\"><strong>&nbsp;<a href=\"https:\/\/www.hecelchakan.gob.mx\/hecelchakan\/wp-content\/uploads\/2020\/02\/CP_2019_DIF_5_CLASIFICACION-FUNCIONAL-FINALIDAD-Y-FUNCION.pdf\">Pdf 14<\/a><\/strong><\/td>\n<\/tr>\n<tr>\n<td style=\"text-align: left;\">&nbsp;Endeudamiento Neto<\/td>\n<td style=\"text-align: center;\"><strong>&nbsp;<a href=\"https:\/\/www.hecelchakan.gob.mx\/hecelchakan\/wp-content\/uploads\/2020\/02\/CP_2019_DIF_6_ENDEUDAMIENTO-NETO.pdf\">Pdf 15<\/a><\/strong><\/td>\n<\/tr>\n<tr>\n<td style=\"text-align: left;\">&nbsp;Intereses de la Deuda<\/td>\n<td style=\"text-align: center;\"><strong>&nbsp;<a href=\"https:\/\/www.hecelchakan.gob.mx\/hecelchakan\/wp-content\/uploads\/2020\/02\/CP_2019_DIF_7_INTERESES-DE-LA-DEUDA.pdf\">Pdf 16<\/a><\/strong><\/td>\n<\/tr>\n<tr>\n<td style=\"text-align: left;\">&nbsp;Flujo de Fondos<\/td>\n<td style=\"text-align: center;\"><strong>&nbsp;<a href=\"https:\/\/www.hecelchakan.gob.mx\/hecelchakan\/wp-content\/uploads\/2020\/02\/CP_2019_DIF_8_FLUJO-DE-FONDOS.pdf\">Pdf 17<\/a><\/strong><\/td>\n<\/tr>\n<tr>\n<td style=\"text-align: center;\">&nbsp;~<\/td>\n<td style=\"text-align: center;\">&nbsp;~<\/td>\n<\/tr>\n<tr>\n<td style=\"text-align: left;\" bgcolor=\"04FBCE\" width=\"50%\"><strong>Informaci\u00f3n&nbsp;<\/strong><b>Program\u00e1tica<\/b><\/td>\n<td style=\"text-align: center;\" bgcolor=\"04FBCE\" width=\"50%\"><strong>&nbsp;<\/strong><\/td>\n<\/tr>\n<tr>\n<td style=\"text-align: left;\">Gasto por Categor\u00eda Program\u00e1tica<\/td>\n<td style=\"text-align: center;\"><a href=\"https:\/\/www.hecelchakan.gob.mx\/hecelchakan\/wp-content\/uploads\/2020\/02\/CP_2019_DIF_1_GASTOS-POR-CATEGORIA-PROGRAMATICA.pdf\"><strong>&nbsp;Pdf 18<\/strong><\/a><\/td>\n<\/tr>\n<tr>\n<td style=\"text-align: left;\">Programas y Proyecci\u00f3n de Inversi\u00f3n<\/td>\n<td style=\"text-align: center;\"><strong>&nbsp;<a href=\"https:\/\/www.hecelchakan.gob.mx\/hecelchakan\/wp-content\/uploads\/2020\/02\/CP_2019_DIF_2_PROGRAMAS-Y-PROYECTOS-DE-INVERSION.pdf\">Pdf 19<\/a><\/strong><\/td>\n<\/tr>\n<tr>\n<td style=\"text-align: left;\">Indicadores de Resultados<\/td>\n<td style=\"text-align: center;\"><strong>&nbsp;<a href=\"https:\/\/www.hecelchakan.gob.mx\/hecelchakan\/wp-content\/uploads\/2020\/02\/CP_2019_DIF_3_INDICADORES-DE-RESULTADOS.pdf\">Pdf 20<\/a><\/strong><\/td>\n<\/tr>\n<tr>\n<td style=\"text-align: center;\">&nbsp;~<\/td>\n<td style=\"text-align: center;\"><strong>~&nbsp;<\/strong><\/td>\n<\/tr>\n<tr>\n<td style=\"text-align: center;\">&nbsp;<\/td>\n<td colspan=\"4\">&nbsp;<\/td>\n<\/tr>\n<tr>\n<td style=\"text-align: left;\" bgcolor=\"04FBCE\" width=\"50%\"><strong>Anexos<\/strong><\/td>\n<td style=\"text-align: center;\" bgcolor=\"04FBCE\" width=\"50%\"><strong>&nbsp;<\/strong><\/td>\n<\/tr>\n<tr>\n<td style=\"text-align: left;\">a) Relaci\u00f3n de Bienes Muebles que Componen el Patrimonio del Ente Publico<\/td>\n<td style=\"text-align: center;\"><a href=\"https:\/\/www.hecelchakan.gob.mx\/hecelchakan\/wp-content\/uploads\/2020\/02\/CP_2019_DIF_1_BIENES-MUEBLES.pdf\"><strong>Pdf 21<\/strong><\/a><\/td>\n<\/tr>\n<tr>\n<td style=\"text-align: left;\">b) Relaci\u00f3n de Bienes Inmuebles que componen el patrimonio del Ente Publico<\/td>\n<td style=\"text-align: center;\"><a href=\"https:\/\/www.hecelchakan.gob.mx\/hecelchakan\/wp-content\/uploads\/2020\/02\/CP_2019_DIF_2_BIENES-INMUEBLES.pdf\"><strong>Pdf 22<\/strong><\/a><\/td>\n<\/tr>\n<tr>\n<td style=\"text-align: left;\">c) Relaci\u00f3n de Cuentas Bancarias Productivas Especificas<\/td>\n<td style=\"text-align: center;\"><strong>&nbsp;<a href=\"https:\/\/www.hecelchakan.gob.mx\/hecelchakan\/wp-content\/uploads\/2020\/02\/CP_2019_DIF_3_RELACION-DE-CUENTAS-PRODUCTIVAS-ESPECIFICAS-2019.pdf\">Pdf 23<\/a><\/strong><\/td>\n<\/tr>\n<tr>\n<td style=\"text-align: left;\">d) Formato del Ejercicio y Destino de Gasto Federalizado y Reintegros<\/td>\n<td style=\"text-align: center;\"><a href=\"https:\/\/www.hecelchakan.gob.mx\/hecelchakan\/wp-content\/uploads\/2020\/02\/CP_2019_DIF_4_FORMATO-DEL-EJERCICIO-Y-DESTINO-DEL-GASTO-FEDERALIZADO-Y-REINTEGROS.pdf\"><strong>&nbsp;Pdf 24<\/strong><\/a><\/td>\n<\/tr>\n<tr>\n<td style=\"text-align: left;\">e) Relaci\u00f2n de esquemas burs\u00e0tiles y de coberturas financieras.<\/td>\n<td style=\"text-align: center;\">&nbsp;<strong><a href=\"https:\/\/www.hecelchakan.gob.mx\/hecelchakan\/wp-content\/uploads\/2020\/02\/CP_2019_DIF_5_RELACI\u00d3N-DE-ESQUEMAS-BURS\u00c1TILES-Y-DE-COBERTURAS-FINANCIERAS.pdf\">Pdf 25<\/a><\/strong><\/td>\n<\/tr>\n<tr>\n<td style=\"text-align: left;\">f) Resultado de la evaluaci\u00f2n del desempe\u00f1o de los programas federales.<\/td>\n<td style=\"text-align: center;\" colspan=\"4\"><a href=\"https:\/\/www.hecelchakan.gob.mx\/hecelchakan\/wp-content\/uploads\/2020\/02\/CP_2019_DIF_6_RESULTADO-DE-LA-EVALUACI\u00d3N-DEL-DESEMPE\u00d1O-DE-LOS-PROGRAMAS-FEDERALES.pdf\"><strong>Pdf 26<\/strong><\/a><\/td>\n<\/tr>\n<tr>\n<td style=\"text-align: left;\">g) Disposiciones en materia de ley de disciplina financiera.<\/td>\n<td style=\"text-align: center;\">&nbsp;<\/td>\n<\/tr>\n<tr>\n<td style=\"text-align: left;\">Formato 1. Estado de situaci\u00f3n financiera detallada-LDF<\/td>\n<td style=\"text-align: center;\"><strong><a href=\"https:\/\/www.hecelchakan.gob.mx\/hecelchakan\/wp-content\/uploads\/2020\/02\/CP_2019_DIF_1_ESTADO-DE-SITUACION-FINANCIERA-DETALLADA-LDF.pdf\">Pdf 27<\/a><\/strong><\/td>\n<\/tr>\n<tr>\n<td style=\"text-align: left;\">Formato 2. Informe anal\u00edtico de la deuda p\u00fablica y otros pasivos-LDF<\/td>\n<td style=\"text-align: center;\"><strong><a href=\"https:\/\/www.hecelchakan.gob.mx\/hecelchakan\/wp-content\/uploads\/2020\/02\/CP_2019_DIF_2_INFORME-ANALITICO-DE-LA-DEUDA-PUBLICA-Y-OTROS-PASIVOS.pdf\">Pdf 28<\/a><\/strong><\/td>\n<\/tr>\n<tr>\n<td style=\"text-align: left;\">Formato 3. Informe anal\u00edtico de obligaciones diferentes de financiamientos-LDF<\/td>\n<td style=\"text-align: center;\"><strong><a href=\"https:\/\/www.hecelchakan.gob.mx\/hecelchakan\/wp-content\/uploads\/2020\/02\/CP_2019_DIF_3_INFORME-ANALITICO-DE-OBLIGACIONES-DIFERENTES-DE-FINANCIAMIENTO.pdf\">Pdf 29<\/a><\/strong><\/td>\n<\/tr>\n<tr>\n<td style=\"text-align: left;\">Formato 4. Balance presupuestario-LDF<\/td>\n<td style=\"text-align: center;\"><strong><a href=\"https:\/\/www.hecelchakan.gob.mx\/hecelchakan\/wp-content\/uploads\/2020\/02\/CP_2019_DIF_4_BALANCE-PRESUPUESTARIO.pdf\">Pdf 30<\/a><\/strong><\/td>\n<\/tr>\n<tr>\n<td style=\"text-align: left;\">Formato 5. Estado anal\u00edtico de ingresos detallados-LDF<\/td>\n<td style=\"text-align: center;\"><strong><a href=\"https:\/\/www.hecelchakan.gob.mx\/hecelchakan\/wp-content\/uploads\/2020\/02\/CP_2019_DIF_5_ESTADO-ANALITICO-DE-INGRESOS-DETALLADO-LDF.pdf\">Pdf 31<\/a><\/strong><\/td>\n<\/tr>\n<tr>\n<td style=\"text-align: left;\">Formato 6. Estado Anal\u00edtico del ejercicio del presupuesto de egresos detallado-LDF<\/td>\n<td style=\"text-align: center;\">&nbsp;<\/td>\n<\/tr>\n<tr>\n<td style=\"text-align: left;\">6A. Clasificaci\u00f3n por objeto del gasto.<\/td>\n<td style=\"text-align: center;\"><strong><a href=\"https:\/\/www.hecelchakan.gob.mx\/hecelchakan\/wp-content\/uploads\/2020\/02\/CP_2019_DIF_7_CLASIFICACION-POR-OBJETO-DEL-GASTO.pdf\">Pdf 32<\/a><\/strong><\/td>\n<\/tr>\n<tr>\n<td style=\"text-align: left;\">6B. Clasificaci\u00f3n Administrativa.<\/td>\n<td style=\"text-align: center;\"><a href=\"https:\/\/www.hecelchakan.gob.mx\/hecelchakan\/wp-content\/uploads\/2020\/02\/CP_2019_DIF_8_CLASIFICACION-ADMINISTRATIVA-LDF.pdf\"><strong>Pdf 33<\/strong><\/a><br \/>\n<a href=\"https:\/\/www.hecelchakan.gob.mx\/hecelchakan\/wp-content\/uploads\/2019\/08\/2018_CP_PDF35_EAEPED_Clasificaci\u00f3n-Administrativa_Cuenta-Publica_DIF_FA.xls\"><img loading=\"lazy\" decoding=\"async\" class=\"alignnone size-full wp-image-6937\" src=\"https:\/\/www.hecelchakan.gob.mx\/hecelchakan\/wp-content\/uploads\/2019\/06\/excel_file-e1560798554341.png\" alt=\"\" width=\"20\" height=\"20\"><\/a><\/td>\n<\/tr>\n<tr>\n<td style=\"text-align: left;\">6C. Clasificaci\u00f3n Funcional.<\/td>\n<td style=\"text-align: center;\"><strong><a href=\"https:\/\/www.hecelchakan.gob.mx\/hecelchakan\/wp-content\/uploads\/2020\/02\/CP_2019_DIF_9_CLASIFICACION-FUNCIONAL.pdf\">Pdf 34<\/a><\/strong><\/td>\n<\/tr>\n<tr>\n<td style=\"text-align: left;\">6D. Clasificaci\u00f3n Servicios Personales por categor\u00eda.<\/td>\n<td style=\"text-align: center;\"><strong><a href=\"https:\/\/www.hecelchakan.gob.mx\/hecelchakan\/wp-content\/uploads\/2020\/02\/CP_2019_DIF_10_CLASIFICACION-DE-SERVICIOS-PERSONALES-P\u00d2R-CATEGORIA.pdf\">Pdf 35<\/a><\/strong><\/td>\n<\/tr>\n<tr>\n<td style=\"text-align: left;\">h) Gu\u00eda de cumplimiento de la ley de disciplina financiera de las entidades Federativas y municipales.<\/td>\n<td style=\"text-align: center;\"><strong><a href=\"https:\/\/www.hecelchakan.gob.mx\/hecelchakan\/wp-content\/uploads\/2020\/02\/CP_2019_DIF_11_GUIA-DE-CUMPLIMIENTO-DE-LA-LEY-DE-DISCIPLINA-FINANCIERA-DE-LAS-ENTIDADES-FEDERATIVAS-Y-MUNICIPIOS.pdf\">Pdf 36<\/a><\/strong><\/td>\n<\/tr>\n<\/tbody>\n<\/table>\n<p><!--more--><\/p>\n<p>&nbsp;<\/p>\n<p><strong>&nbsp;~<\/strong><\/p>\n","protected":false},"excerpt":{"rendered":"<p>&nbsp; &nbsp; Sistema para el Desarrollo Integral de la Familia en el Municipio de Hecelchak\u00e1n&nbsp; A\u00f1o Informaci\u00f3n&nbsp;Contable &nbsp; 2019 Estado de Actividades &nbsp;Pdf 1 Estado de la&nbsp;Situaci\u00f3n&nbsp;Financiera &nbsp;Pdf 2 Estado de&nbsp;Variaci\u00f3n&nbsp;en la hacienda p\u00fablica Pdf 3 Estado de cambios en la&nbsp;Situaci\u00f3n&nbsp;Financiera &nbsp;Pdf 4 Estados de Flujo de Efectivo &nbsp;Pdf 5 Informes Sobre Pasivos Contingentes Pdf [&hellip;]<\/p>\n","protected":false},"author":1,"featured_media":0,"parent":0,"menu_order":0,"comment_status":"closed","ping_status":"closed","template":"","meta":{"ngg_post_thumbnail":0,"footnotes":""},"class_list":["post-9642","page","type-page","status-publish","hentry"],"_links":{"self":[{"href":"https:\/\/www.hecelchakan.gob.mx\/hecelchakan\/wp-json\/wp\/v2\/pages\/9642","targetHints":{"allow":["GET"]}}],"collection":[{"href":"https:\/\/www.hecelchakan.gob.mx\/hecelchakan\/wp-json\/wp\/v2\/pages"}],"about":[{"href":"https:\/\/www.hecelchakan.gob.mx\/hecelchakan\/wp-json\/wp\/v2\/types\/page"}],"author":[{"embeddable":true,"href":"https:\/\/www.hecelchakan.gob.mx\/hecelchakan\/wp-json\/wp\/v2\/users\/1"}],"replies":[{"embeddable":true,"href":"https:\/\/www.hecelchakan.gob.mx\/hecelchakan\/wp-json\/wp\/v2\/comments?post=9642"}],"version-history":[{"count":6,"href":"https:\/\/www.hecelchakan.gob.mx\/hecelchakan\/wp-json\/wp\/v2\/pages\/9642\/revisions"}],"predecessor-version":[{"id":9698,"href":"https:\/\/www.hecelchakan.gob.mx\/hecelchakan\/wp-json\/wp\/v2\/pages\/9642\/revisions\/9698"}],"wp:attachment":[{"href":"https:\/\/www.hecelchakan.gob.mx\/hecelchakan\/wp-json\/wp\/v2\/media?parent=9642"}],"curies":[{"name":"wp","href":"https:\/\/api.w.org\/{rel}","templated":true}]}}